{"id":27304,"date":"2024-03-28T12:59:10","date_gmt":"2024-03-28T12:59:10","guid":{"rendered":"https:\/\/fvgear.com\/?post_type=product&#038;p=27304"},"modified":"2024-03-28T13:01:43","modified_gmt":"2024-03-28T13:01:43","slug":"karneol-12","status":"publish","type":"product","link":"https:\/\/4c.top-me.eu\/en\/product\/karneol-12\/","title":{"rendered":"Karneol"},"content":{"rendered":"<p>Le\u0161t\u011bn\u00fd kus (\u201efreeform\u201c) n\u00e1dhern\u011b syt\u011b \u010derveno-oran\u017eov\u00e9ho karneolu, vhodn\u00fd k dekoraci interi\u00e9ru.<\/p>\n","protected":false},"excerpt":{"rendered":"<p>Le\u0161t\u011bn\u00fd kus (\u201efreeform\u201c) n\u00e1dhern\u011b syt\u011b \u010derveno-oran\u017eov\u00e9ho karneolu, vhodn\u00fd k dekoraci interi\u00e9ru.<\/p>\n","protected":false},"featured_media":27309,"template":"","meta":{"_acf_changed":false,"_uag_custom_page_level_css":""},"product_brand":[],"product_cat":[28,29,41,27],"product_tag":[277,263,44,43,275],"class_list":{"0":"post-27304","1":"product","2":"type-product","3":"status-publish","4":"has-post-thumbnail","6":"product_cat-kameny","7":"product_cat-dekorativni-kameny","8":"product_cat-luxusni-dekorace","9":"product_cat-vyrobky-z-kamenu","10":"product_tag-dekorace","11":"product_tag-dekorativni-kameny","12":"product_tag-freeform","13":"product_tag-karneol","14":"product_tag-vyrobky-z-kamenu","16":"first","17":"instock","18":"taxable","19":"shipping-taxable","20":"purchasable","21":"product-type-simple"},"acf":[],"uagb_featured_image_src":{"full":["https:\/\/4c.top-me.eu\/wp-content\/uploads\/2024\/03\/IMG_9834-scaled.jpg",0,0,false],"thumbnail":["https:\/\/4c.top-me.eu\/wp-content\/uploads\/2024\/03\/IMG_9834-scaled.jpg",1,1,false],"medium":["https:\/\/4c.top-me.eu\/wp-content\/uploads\/2024\/03\/IMG_9834-scaled.jpg",1,1,false],"medium_large":["https:\/\/4c.top-me.eu\/wp-content\/uploads\/2024\/03\/IMG_9834-scaled.jpg",1,1,false],"large":["https:\/\/4c.top-me.eu\/wp-content\/uploads\/2024\/03\/IMG_9834-scaled.jpg",1,1,false],"1536x1536":["https:\/\/4c.top-me.eu\/wp-content\/uploads\/2024\/03\/IMG_9834-scaled.jpg",1,1,false],"2048x2048":["https:\/\/4c.top-me.eu\/wp-content\/uploads\/2024\/03\/IMG_9834-scaled.jpg",1,1,false],"archive-list":["https:\/\/4c.top-me.eu\/wp-content\/uploads\/2024\/03\/IMG_9834-scaled.jpg",1,1,false],"archive-list-2":["https:\/\/4c.top-me.eu\/wp-content\/uploads\/2024\/03\/IMG_9834-scaled.jpg",1,1,false],"woocommerce_thumbnail":["https:\/\/4c.top-me.eu\/wp-content\/uploads\/2024\/03\/IMG_9834-scaled.jpg",1,1,false],"woocommerce_single":["https:\/\/4c.top-me.eu\/wp-content\/uploads\/2024\/03\/IMG_9834-scaled.jpg",1,1,false],"woocommerce_gallery_thumbnail":["https:\/\/4c.top-me.eu\/wp-content\/uploads\/2024\/03\/IMG_9834-scaled.jpg",1,1,false]},"uagb_author_info":{"display_name":"accordeonMaster","author_link":"https:\/\/4c.top-me.eu\/en\/author\/"},"uagb_comment_info":0,"uagb_excerpt":"Le\u0161t\u011bn\u00fd kus (\u201efreeform\u201c) n\u00e1dhern\u011b syt\u011b \u010derveno-oran\u017eov\u00e9ho karneolu, vhodn\u00fd k dekoraci interi\u00e9ru.","_links":{"self":[{"href":"https:\/\/4c.top-me.eu\/en\/wp-json\/wp\/v2\/product\/27304","targetHints":{"allow":["GET"]}}],"collection":[{"href":"https:\/\/4c.top-me.eu\/en\/wp-json\/wp\/v2\/product"}],"about":[{"href":"https:\/\/4c.top-me.eu\/en\/wp-json\/wp\/v2\/types\/product"}],"wp:featuredmedia":[{"embeddable":true,"href":"https:\/\/4c.top-me.eu\/en\/wp-json\/wp\/v2\/media\/27309"}],"wp:attachment":[{"href":"https:\/\/4c.top-me.eu\/en\/wp-json\/wp\/v2\/media?parent=27304"}],"wp:term":[{"taxonomy":"product_brand","embeddable":true,"href":"https:\/\/4c.top-me.eu\/en\/wp-json\/wp\/v2\/product_brand?post=27304"},{"taxonomy":"product_cat","embeddable":true,"href":"https:\/\/4c.top-me.eu\/en\/wp-json\/wp\/v2\/product_cat?post=27304"},{"taxonomy":"product_tag","embeddable":true,"href":"https:\/\/4c.top-me.eu\/en\/wp-json\/wp\/v2\/product_tag?post=27304"}],"curies":[{"name":"wp","href":"https:\/\/api.w.org\/{rel}","templated":true}]}}