{"id":26068,"date":"2024-03-04T13:48:33","date_gmt":"2024-03-04T13:48:33","guid":{"rendered":"https:\/\/fvgear.com\/?post_type=product&#038;p=26068"},"modified":"2024-03-04T13:49:33","modified_gmt":"2024-03-04T13:49:33","slug":"celestynova-geoda-3","status":"publish","type":"product","link":"https:\/\/4c.top-me.eu\/en\/product\/celestynova-geoda-3\/","title":{"rendered":"Celest\u00fdnov\u00e1 geoda"},"content":{"rendered":"<p>N\u00e1dhern\u00e1 geoda blankytn\u011b modr\u00e9ho celest\u00fdnu s extra velk\u00fdm krystalem uprost\u0159ed.<\/p>\n","protected":false},"excerpt":{"rendered":"<p>N\u00e1dhern\u00e1 geoda blankytn\u011b modr\u00e9ho celest\u00fdnu s extra velk\u00fdm krystalem uprost\u0159ed.<\/p>\n","protected":false},"featured_media":26069,"template":"","meta":{"_acf_changed":false,"_uag_custom_page_level_css":""},"product_brand":[],"product_cat":[28,29,41],"product_tag":[172,277,263,125],"class_list":{"0":"post-26068","1":"product","2":"type-product","3":"status-publish","4":"has-post-thumbnail","6":"product_cat-kameny","7":"product_cat-dekorativni-kameny","8":"product_cat-luxusni-dekorace","9":"product_tag-celestyn","10":"product_tag-dekorace","11":"product_tag-dekorativni-kameny","12":"product_tag-geoda","14":"first","15":"instock","16":"taxable","17":"shipping-taxable","18":"purchasable","19":"product-type-simple"},"acf":[],"uagb_featured_image_src":{"full":["https:\/\/4c.top-me.eu\/wp-content\/uploads\/2024\/03\/IMG_6972-scaled.jpg",0,0,false],"thumbnail":["https:\/\/4c.top-me.eu\/wp-content\/uploads\/2024\/03\/IMG_6972-scaled.jpg",1,1,false],"medium":["https:\/\/4c.top-me.eu\/wp-content\/uploads\/2024\/03\/IMG_6972-scaled.jpg",1,1,false],"medium_large":["https:\/\/4c.top-me.eu\/wp-content\/uploads\/2024\/03\/IMG_6972-scaled.jpg",1,1,false],"large":["https:\/\/4c.top-me.eu\/wp-content\/uploads\/2024\/03\/IMG_6972-scaled.jpg",1,1,false],"1536x1536":["https:\/\/4c.top-me.eu\/wp-content\/uploads\/2024\/03\/IMG_6972-scaled.jpg",1,1,false],"2048x2048":["https:\/\/4c.top-me.eu\/wp-content\/uploads\/2024\/03\/IMG_6972-scaled.jpg",1,1,false],"archive-list":["https:\/\/4c.top-me.eu\/wp-content\/uploads\/2024\/03\/IMG_6972-scaled.jpg",1,1,false],"archive-list-2":["https:\/\/4c.top-me.eu\/wp-content\/uploads\/2024\/03\/IMG_6972-scaled.jpg",1,1,false],"woocommerce_thumbnail":["https:\/\/4c.top-me.eu\/wp-content\/uploads\/2024\/03\/IMG_6972-scaled.jpg",1,1,false],"woocommerce_single":["https:\/\/4c.top-me.eu\/wp-content\/uploads\/2024\/03\/IMG_6972-scaled.jpg",1,1,false],"woocommerce_gallery_thumbnail":["https:\/\/4c.top-me.eu\/wp-content\/uploads\/2024\/03\/IMG_6972-scaled.jpg",1,1,false]},"uagb_author_info":{"display_name":"accordeonMaster","author_link":"https:\/\/4c.top-me.eu\/en\/author\/"},"uagb_comment_info":0,"uagb_excerpt":"N\u00e1dhern\u00e1 geoda blankytn\u011b modr\u00e9ho celest\u00fdnu s extra velk\u00fdm krystalem uprost\u0159ed.","_links":{"self":[{"href":"https:\/\/4c.top-me.eu\/en\/wp-json\/wp\/v2\/product\/26068","targetHints":{"allow":["GET"]}}],"collection":[{"href":"https:\/\/4c.top-me.eu\/en\/wp-json\/wp\/v2\/product"}],"about":[{"href":"https:\/\/4c.top-me.eu\/en\/wp-json\/wp\/v2\/types\/product"}],"wp:featuredmedia":[{"embeddable":true,"href":"https:\/\/4c.top-me.eu\/en\/wp-json\/wp\/v2\/media\/26069"}],"wp:attachment":[{"href":"https:\/\/4c.top-me.eu\/en\/wp-json\/wp\/v2\/media?parent=26068"}],"wp:term":[{"taxonomy":"product_brand","embeddable":true,"href":"https:\/\/4c.top-me.eu\/en\/wp-json\/wp\/v2\/product_brand?post=26068"},{"taxonomy":"product_cat","embeddable":true,"href":"https:\/\/4c.top-me.eu\/en\/wp-json\/wp\/v2\/product_cat?post=26068"},{"taxonomy":"product_tag","embeddable":true,"href":"https:\/\/4c.top-me.eu\/en\/wp-json\/wp\/v2\/product_tag?post=26068"}],"curies":[{"name":"wp","href":"https:\/\/api.w.org\/{rel}","templated":true}]}}