{"id":25812,"date":"2024-03-04T10:42:33","date_gmt":"2024-03-04T10:42:33","guid":{"rendered":"https:\/\/fvgear.com\/?post_type=product&#038;p=25812"},"modified":"2024-03-04T12:51:49","modified_gmt":"2024-03-04T12:51:49","slug":"sagenitova-hlava-kone","status":"publish","type":"product","link":"https:\/\/4c.top-me.eu\/en\/product\/sagenitova-hlava-kone\/","title":{"rendered":"Sagenitov\u00e1 hlava kon\u011b"},"content":{"rendered":"<p>N\u00e1dhern\u00e1 unik\u00e1tn\u00ed hlava kon\u011b vy\u0159ezan\u00e1 ze sagenitu (z\u00e1hn\u011bda s rutilov\u00fdmi vrostlicemi), vhodn\u00e1 k dekoraci interi\u00e9ru.<\/p>\n","protected":false},"excerpt":{"rendered":"<p>N\u00e1dhern\u00e1 unik\u00e1tn\u00ed hlava kon\u011b vy\u0159ezan\u00e1 ze sagenitu (z\u00e1hn\u011bda s rutilov\u00fdmi vrostlicemi), vhodn\u00e1 k dekoraci interi\u00e9ru.<\/p>\n","protected":false},"featured_media":25867,"template":"","meta":{"_acf_changed":false,"_uag_custom_page_level_css":""},"product_brand":[],"product_cat":[206,41,27],"product_tag":[277,248,148,129,286,275,134],"class_list":{"0":"post-25812","1":"product","2":"type-product","3":"status-publish","4":"has-post-thumbnail","6":"product_cat-doporucene","7":"product_cat-luxusni-dekorace","8":"product_cat-vyrobky-z-kamenu","9":"product_tag-dekorace","10":"product_tag-kun","11":"product_tag-rutil","12":"product_tag-sagenit","13":"product_tag-socha","14":"product_tag-vyrobky-z-kamenu","15":"product_tag-zahneda","17":"first","18":"instock","19":"taxable","20":"shipping-taxable","21":"purchasable","22":"product-type-simple"},"acf":[],"uagb_featured_image_src":{"full":["https:\/\/4c.top-me.eu\/wp-content\/uploads\/2024\/03\/IMG_6849-scaled.jpg",0,0,false],"thumbnail":["https:\/\/4c.top-me.eu\/wp-content\/uploads\/2024\/03\/IMG_6849-scaled.jpg",1,1,false],"medium":["https:\/\/4c.top-me.eu\/wp-content\/uploads\/2024\/03\/IMG_6849-scaled.jpg",1,1,false],"medium_large":["https:\/\/4c.top-me.eu\/wp-content\/uploads\/2024\/03\/IMG_6849-scaled.jpg",1,1,false],"large":["https:\/\/4c.top-me.eu\/wp-content\/uploads\/2024\/03\/IMG_6849-scaled.jpg",1,1,false],"1536x1536":["https:\/\/4c.top-me.eu\/wp-content\/uploads\/2024\/03\/IMG_6849-scaled.jpg",1,1,false],"2048x2048":["https:\/\/4c.top-me.eu\/wp-content\/uploads\/2024\/03\/IMG_6849-scaled.jpg",1,1,false],"archive-list":["https:\/\/4c.top-me.eu\/wp-content\/uploads\/2024\/03\/IMG_6849-scaled.jpg",1,1,false],"archive-list-2":["https:\/\/4c.top-me.eu\/wp-content\/uploads\/2024\/03\/IMG_6849-scaled.jpg",1,1,false],"woocommerce_thumbnail":["https:\/\/4c.top-me.eu\/wp-content\/uploads\/2024\/03\/IMG_6849-scaled.jpg",1,1,false],"woocommerce_single":["https:\/\/4c.top-me.eu\/wp-content\/uploads\/2024\/03\/IMG_6849-scaled.jpg",1,1,false],"woocommerce_gallery_thumbnail":["https:\/\/4c.top-me.eu\/wp-content\/uploads\/2024\/03\/IMG_6849-scaled.jpg",1,1,false]},"uagb_author_info":{"display_name":"accordeonMaster","author_link":"https:\/\/4c.top-me.eu\/en\/author\/"},"uagb_comment_info":0,"uagb_excerpt":"N\u00e1dhern\u00e1 unik\u00e1tn\u00ed hlava kon\u011b vy\u0159ezan\u00e1 ze sagenitu (z\u00e1hn\u011bda s rutilov\u00fdmi vrostlicemi), vhodn\u00e1 k dekoraci interi\u00e9ru.","_links":{"self":[{"href":"https:\/\/4c.top-me.eu\/en\/wp-json\/wp\/v2\/product\/25812","targetHints":{"allow":["GET"]}}],"collection":[{"href":"https:\/\/4c.top-me.eu\/en\/wp-json\/wp\/v2\/product"}],"about":[{"href":"https:\/\/4c.top-me.eu\/en\/wp-json\/wp\/v2\/types\/product"}],"wp:featuredmedia":[{"embeddable":true,"href":"https:\/\/4c.top-me.eu\/en\/wp-json\/wp\/v2\/media\/25867"}],"wp:attachment":[{"href":"https:\/\/4c.top-me.eu\/en\/wp-json\/wp\/v2\/media?parent=25812"}],"wp:term":[{"taxonomy":"product_brand","embeddable":true,"href":"https:\/\/4c.top-me.eu\/en\/wp-json\/wp\/v2\/product_brand?post=25812"},{"taxonomy":"product_cat","embeddable":true,"href":"https:\/\/4c.top-me.eu\/en\/wp-json\/wp\/v2\/product_cat?post=25812"},{"taxonomy":"product_tag","embeddable":true,"href":"https:\/\/4c.top-me.eu\/en\/wp-json\/wp\/v2\/product_tag?post=25812"}],"curies":[{"name":"wp","href":"https:\/\/api.w.org\/{rel}","templated":true}]}}