{"id":25809,"date":"2024-03-04T10:33:18","date_gmt":"2024-03-04T10:33:18","guid":{"rendered":"https:\/\/fvgear.com\/?post_type=product&#038;p=25809"},"modified":"2024-03-04T12:52:14","modified_gmt":"2024-03-04T12:52:14","slug":"ametystova-lebka","status":"publish","type":"product","link":"https:\/\/4c.top-me.eu\/en\/product\/ametystova-lebka\/","title":{"rendered":"Ametystov\u00e1 lebka s indi\u00e1nskou \u010delenkou"},"content":{"rendered":"<p>\u00da\u017easn\u00e1 ametystov\u00e1 lebka s p\u0159\u00edrodn\u00edmi krystaly jako indi\u00e1nskou \u010delenkou, vhodn\u00e1 k dekoraci interi\u00e9ru. Origin\u00e1ln\u00ed kovov\u00fd stoj\u00e1nek je sou\u010d\u00e1st\u00ed produktu.<\/p>\n","protected":false},"excerpt":{"rendered":"<p>\u00da\u017easn\u00e1 ametystov\u00e1 lebka s p\u0159\u00edrodn\u00edmi krystaly jako indi\u00e1nskou \u010delenkou, vhodn\u00e1 k dekoraci interi\u00e9ru. Origin\u00e1ln\u00ed kovov\u00fd stoj\u00e1nek je sou\u010d\u00e1st\u00ed produktu.<\/p>\n","protected":false},"featured_media":25857,"template":"","meta":{"_acf_changed":false,"_uag_custom_page_level_css":""},"product_brand":[],"product_cat":[41,27],"product_tag":[42,277,122,286,275],"class_list":{"0":"post-25809","1":"product","2":"type-product","3":"status-publish","4":"has-post-thumbnail","6":"product_cat-luxusni-dekorace","7":"product_cat-vyrobky-z-kamenu","8":"product_tag-ametyst","9":"product_tag-dekorace","10":"product_tag-lebka","11":"product_tag-socha","12":"product_tag-vyrobky-z-kamenu","14":"first","15":"instock","16":"taxable","17":"shipping-taxable","18":"purchasable","19":"product-type-simple"},"acf":[],"uagb_featured_image_src":{"full":["https:\/\/4c.top-me.eu\/wp-content\/uploads\/2024\/03\/IMG_6843-scaled.jpg",0,0,false],"thumbnail":["https:\/\/4c.top-me.eu\/wp-content\/uploads\/2024\/03\/IMG_6843-scaled.jpg",1,1,false],"medium":["https:\/\/4c.top-me.eu\/wp-content\/uploads\/2024\/03\/IMG_6843-scaled.jpg",1,1,false],"medium_large":["https:\/\/4c.top-me.eu\/wp-content\/uploads\/2024\/03\/IMG_6843-scaled.jpg",1,1,false],"large":["https:\/\/4c.top-me.eu\/wp-content\/uploads\/2024\/03\/IMG_6843-scaled.jpg",1,1,false],"1536x1536":["https:\/\/4c.top-me.eu\/wp-content\/uploads\/2024\/03\/IMG_6843-scaled.jpg",1,1,false],"2048x2048":["https:\/\/4c.top-me.eu\/wp-content\/uploads\/2024\/03\/IMG_6843-scaled.jpg",1,1,false],"archive-list":["https:\/\/4c.top-me.eu\/wp-content\/uploads\/2024\/03\/IMG_6843-scaled.jpg",1,1,false],"archive-list-2":["https:\/\/4c.top-me.eu\/wp-content\/uploads\/2024\/03\/IMG_6843-scaled.jpg",1,1,false],"woocommerce_thumbnail":["https:\/\/4c.top-me.eu\/wp-content\/uploads\/2024\/03\/IMG_6843-scaled.jpg",1,1,false],"woocommerce_single":["https:\/\/4c.top-me.eu\/wp-content\/uploads\/2024\/03\/IMG_6843-scaled.jpg",1,1,false],"woocommerce_gallery_thumbnail":["https:\/\/4c.top-me.eu\/wp-content\/uploads\/2024\/03\/IMG_6843-scaled.jpg",1,1,false]},"uagb_author_info":{"display_name":"accordeonMaster","author_link":"https:\/\/4c.top-me.eu\/en\/author\/"},"uagb_comment_info":0,"uagb_excerpt":"\u00da\u017easn\u00e1 ametystov\u00e1 lebka s p\u0159\u00edrodn\u00edmi krystaly jako indi\u00e1nskou \u010delenkou, vhodn\u00e1 k dekoraci interi\u00e9ru. Origin\u00e1ln\u00ed kovov\u00fd stoj\u00e1nek je sou\u010d\u00e1st\u00ed produktu.","_links":{"self":[{"href":"https:\/\/4c.top-me.eu\/en\/wp-json\/wp\/v2\/product\/25809","targetHints":{"allow":["GET"]}}],"collection":[{"href":"https:\/\/4c.top-me.eu\/en\/wp-json\/wp\/v2\/product"}],"about":[{"href":"https:\/\/4c.top-me.eu\/en\/wp-json\/wp\/v2\/types\/product"}],"wp:featuredmedia":[{"embeddable":true,"href":"https:\/\/4c.top-me.eu\/en\/wp-json\/wp\/v2\/media\/25857"}],"wp:attachment":[{"href":"https:\/\/4c.top-me.eu\/en\/wp-json\/wp\/v2\/media?parent=25809"}],"wp:term":[{"taxonomy":"product_brand","embeddable":true,"href":"https:\/\/4c.top-me.eu\/en\/wp-json\/wp\/v2\/product_brand?post=25809"},{"taxonomy":"product_cat","embeddable":true,"href":"https:\/\/4c.top-me.eu\/en\/wp-json\/wp\/v2\/product_cat?post=25809"},{"taxonomy":"product_tag","embeddable":true,"href":"https:\/\/4c.top-me.eu\/en\/wp-json\/wp\/v2\/product_tag?post=25809"}],"curies":[{"name":"wp","href":"https:\/\/api.w.org\/{rel}","templated":true}]}}