{"id":25766,"date":"2024-03-01T15:48:37","date_gmt":"2024-03-01T15:48:37","guid":{"rendered":"https:\/\/fvgear.com\/?post_type=product&#038;p=25766"},"modified":"2024-03-01T16:54:57","modified_gmt":"2024-03-01T16:54:57","slug":"maxi-kristalova-koule-18-cm","status":"publish","type":"product","link":"https:\/\/4c.top-me.eu\/en\/product\/maxi-kristalova-koule-18-cm\/","title":{"rendered":"Maxi k\u0159i\u0161\u0165\u00e1lov\u00e1 koule 18 cm"},"content":{"rendered":"<p>N\u00e1dhern\u00e1 extra velk\u00e1 koule vy\u0159ezan\u00e1 z p\u0159\u00edrodn\u00edho k\u0159i\u0161\u0165\u00e1lu. Na prasklink\u00e1ch uvnit\u0159 koule lze m\u00edsty sledovat duhov\u00e9 odlesky. Vhodn\u00e1 k dekoraci interi\u00e9ru.<\/p>\n","protected":false},"excerpt":{"rendered":"<p>N\u00e1dhern\u00e1 extra velk\u00e1 koule vy\u0159ezan\u00e1 z p\u0159\u00edrodn\u00edho k\u0159i\u0161\u0165\u00e1lu. Na prasklink\u00e1ch uvnit\u0159 koule lze m\u00edsty sledovat duhov\u00e9 odlesky. Vhodn\u00e1 k dekoraci interi\u00e9ru.<\/p>\n","protected":false},"featured_media":25790,"template":"","meta":{"_acf_changed":false,"_uag_custom_page_level_css":""},"product_brand":[],"product_cat":[41,27],"product_tag":[277,89,95,275],"class_list":{"0":"post-25766","1":"product","2":"type-product","3":"status-publish","4":"has-post-thumbnail","6":"product_cat-luxusni-dekorace","7":"product_cat-vyrobky-z-kamenu","8":"product_tag-dekorace","9":"product_tag-koule","10":"product_tag-kristal","11":"product_tag-vyrobky-z-kamenu","13":"first","14":"instock","15":"taxable","16":"shipping-taxable","17":"purchasable","18":"product-type-simple"},"acf":[],"uagb_featured_image_src":{"full":["https:\/\/4c.top-me.eu\/wp-content\/uploads\/2024\/03\/IMG_6233-1-scaled.jpg",0,0,false],"thumbnail":["https:\/\/4c.top-me.eu\/wp-content\/uploads\/2024\/03\/IMG_6233-1-scaled.jpg",1,1,false],"medium":["https:\/\/4c.top-me.eu\/wp-content\/uploads\/2024\/03\/IMG_6233-1-scaled.jpg",1,1,false],"medium_large":["https:\/\/4c.top-me.eu\/wp-content\/uploads\/2024\/03\/IMG_6233-1-scaled.jpg",1,1,false],"large":["https:\/\/4c.top-me.eu\/wp-content\/uploads\/2024\/03\/IMG_6233-1-scaled.jpg",1,1,false],"1536x1536":["https:\/\/4c.top-me.eu\/wp-content\/uploads\/2024\/03\/IMG_6233-1-scaled.jpg",1,1,false],"2048x2048":["https:\/\/4c.top-me.eu\/wp-content\/uploads\/2024\/03\/IMG_6233-1-scaled.jpg",1,1,false],"archive-list":["https:\/\/4c.top-me.eu\/wp-content\/uploads\/2024\/03\/IMG_6233-1-scaled.jpg",1,1,false],"archive-list-2":["https:\/\/4c.top-me.eu\/wp-content\/uploads\/2024\/03\/IMG_6233-1-scaled.jpg",1,1,false],"woocommerce_thumbnail":["https:\/\/4c.top-me.eu\/wp-content\/uploads\/2024\/03\/IMG_6233-1-scaled.jpg",1,1,false],"woocommerce_single":["https:\/\/4c.top-me.eu\/wp-content\/uploads\/2024\/03\/IMG_6233-1-scaled.jpg",1,1,false],"woocommerce_gallery_thumbnail":["https:\/\/4c.top-me.eu\/wp-content\/uploads\/2024\/03\/IMG_6233-1-scaled.jpg",1,1,false]},"uagb_author_info":{"display_name":"accordeonMaster","author_link":"https:\/\/4c.top-me.eu\/en\/author\/"},"uagb_comment_info":0,"uagb_excerpt":"N\u00e1dhern\u00e1 extra velk\u00e1 koule vy\u0159ezan\u00e1 z p\u0159\u00edrodn\u00edho k\u0159i\u0161\u0165\u00e1lu. Na prasklink\u00e1ch uvnit\u0159 koule lze m\u00edsty sledovat duhov\u00e9 odlesky. Vhodn\u00e1 k dekoraci interi\u00e9ru.","_links":{"self":[{"href":"https:\/\/4c.top-me.eu\/en\/wp-json\/wp\/v2\/product\/25766","targetHints":{"allow":["GET"]}}],"collection":[{"href":"https:\/\/4c.top-me.eu\/en\/wp-json\/wp\/v2\/product"}],"about":[{"href":"https:\/\/4c.top-me.eu\/en\/wp-json\/wp\/v2\/types\/product"}],"wp:featuredmedia":[{"embeddable":true,"href":"https:\/\/4c.top-me.eu\/en\/wp-json\/wp\/v2\/media\/25790"}],"wp:attachment":[{"href":"https:\/\/4c.top-me.eu\/en\/wp-json\/wp\/v2\/media?parent=25766"}],"wp:term":[{"taxonomy":"product_brand","embeddable":true,"href":"https:\/\/4c.top-me.eu\/en\/wp-json\/wp\/v2\/product_brand?post=25766"},{"taxonomy":"product_cat","embeddable":true,"href":"https:\/\/4c.top-me.eu\/en\/wp-json\/wp\/v2\/product_cat?post=25766"},{"taxonomy":"product_tag","embeddable":true,"href":"https:\/\/4c.top-me.eu\/en\/wp-json\/wp\/v2\/product_tag?post=25766"}],"curies":[{"name":"wp","href":"https:\/\/api.w.org\/{rel}","templated":true}]}}