{"id":25675,"date":"2024-02-23T11:46:55","date_gmt":"2024-02-23T11:46:55","guid":{"rendered":"https:\/\/fvgear.com\/?post_type=product&#038;p=25675"},"modified":"2024-02-23T11:48:21","modified_gmt":"2024-02-23T11:48:21","slug":"jaspis-pestry","status":"publish","type":"product","link":"https:\/\/4c.top-me.eu\/en\/product\/jaspis-pestry\/","title":{"rendered":"Jaspis pestr\u00fd"},"content":{"rendered":"<p>Le\u0161t\u011bn\u00fd kus \u201ejaspisu pestr\u00e9ho\u201c (\u201efreeform\u201c) s n\u00e1dhernou p\u0159\u00edrodn\u00ed kresbou, vhodn\u00fd k dekoraci interi\u00e9ru.<\/p>\n","protected":false},"excerpt":{"rendered":"<p>Le\u0161t\u011bn\u00fd kus \u201ejaspisu pestr\u00e9ho\u201c (\u201efreeform\u201c) s n\u00e1dhernou p\u0159\u00edrodn\u00ed kresbou, vhodn\u00fd k dekoraci interi\u00e9ru.<\/p>\n","protected":false},"featured_media":25693,"template":"","meta":{"_acf_changed":false,"_uag_custom_page_level_css":""},"product_brand":[],"product_cat":[28,29,41],"product_tag":[277,263,131,310],"class_list":{"0":"post-25675","1":"product","2":"type-product","3":"status-publish","4":"has-post-thumbnail","6":"product_cat-kameny","7":"product_cat-dekorativni-kameny","8":"product_cat-luxusni-dekorace","9":"product_tag-dekorace","10":"product_tag-dekorativni-kameny","11":"product_tag-jaspis","12":"product_tag-jaspis-pestry","14":"first","15":"instock","16":"taxable","17":"shipping-taxable","18":"purchasable","19":"product-type-simple"},"acf":[],"uagb_featured_image_src":{"full":["https:\/\/4c.top-me.eu\/wp-content\/uploads\/2024\/02\/IMG_4799-scaled.jpg",0,0,false],"thumbnail":["https:\/\/4c.top-me.eu\/wp-content\/uploads\/2024\/02\/IMG_4799-scaled.jpg",1,1,false],"medium":["https:\/\/4c.top-me.eu\/wp-content\/uploads\/2024\/02\/IMG_4799-scaled.jpg",1,1,false],"medium_large":["https:\/\/4c.top-me.eu\/wp-content\/uploads\/2024\/02\/IMG_4799-scaled.jpg",1,1,false],"large":["https:\/\/4c.top-me.eu\/wp-content\/uploads\/2024\/02\/IMG_4799-scaled.jpg",1,1,false],"1536x1536":["https:\/\/4c.top-me.eu\/wp-content\/uploads\/2024\/02\/IMG_4799-scaled.jpg",1,1,false],"2048x2048":["https:\/\/4c.top-me.eu\/wp-content\/uploads\/2024\/02\/IMG_4799-scaled.jpg",1,1,false],"archive-list":["https:\/\/4c.top-me.eu\/wp-content\/uploads\/2024\/02\/IMG_4799-scaled.jpg",1,1,false],"archive-list-2":["https:\/\/4c.top-me.eu\/wp-content\/uploads\/2024\/02\/IMG_4799-scaled.jpg",1,1,false],"woocommerce_thumbnail":["https:\/\/4c.top-me.eu\/wp-content\/uploads\/2024\/02\/IMG_4799-scaled.jpg",1,1,false],"woocommerce_single":["https:\/\/4c.top-me.eu\/wp-content\/uploads\/2024\/02\/IMG_4799-scaled.jpg",1,1,false],"woocommerce_gallery_thumbnail":["https:\/\/4c.top-me.eu\/wp-content\/uploads\/2024\/02\/IMG_4799-scaled.jpg",1,1,false]},"uagb_author_info":{"display_name":"accordeonMaster","author_link":"https:\/\/4c.top-me.eu\/en\/author\/"},"uagb_comment_info":0,"uagb_excerpt":"Le\u0161t\u011bn\u00fd kus \u201ejaspisu pestr\u00e9ho\u201c (\u201efreeform\u201c) s n\u00e1dhernou p\u0159\u00edrodn\u00ed kresbou, vhodn\u00fd k dekoraci interi\u00e9ru.","_links":{"self":[{"href":"https:\/\/4c.top-me.eu\/en\/wp-json\/wp\/v2\/product\/25675","targetHints":{"allow":["GET"]}}],"collection":[{"href":"https:\/\/4c.top-me.eu\/en\/wp-json\/wp\/v2\/product"}],"about":[{"href":"https:\/\/4c.top-me.eu\/en\/wp-json\/wp\/v2\/types\/product"}],"wp:featuredmedia":[{"embeddable":true,"href":"https:\/\/4c.top-me.eu\/en\/wp-json\/wp\/v2\/media\/25693"}],"wp:attachment":[{"href":"https:\/\/4c.top-me.eu\/en\/wp-json\/wp\/v2\/media?parent=25675"}],"wp:term":[{"taxonomy":"product_brand","embeddable":true,"href":"https:\/\/4c.top-me.eu\/en\/wp-json\/wp\/v2\/product_brand?post=25675"},{"taxonomy":"product_cat","embeddable":true,"href":"https:\/\/4c.top-me.eu\/en\/wp-json\/wp\/v2\/product_cat?post=25675"},{"taxonomy":"product_tag","embeddable":true,"href":"https:\/\/4c.top-me.eu\/en\/wp-json\/wp\/v2\/product_tag?post=25675"}],"curies":[{"name":"wp","href":"https:\/\/api.w.org\/{rel}","templated":true}]}}