{"id":25473,"date":"2023-10-10T15:32:07","date_gmt":"2023-10-10T15:32:07","guid":{"rendered":"https:\/\/fvgear.com\/?post_type=product&#038;p=25473"},"modified":"2023-10-10T15:33:51","modified_gmt":"2023-10-10T15:33:51","slug":"privesek-azurit-s-shattuckitem-2","status":"publish","type":"product","link":"https:\/\/4c.top-me.eu\/en\/product\/privesek-azurit-s-shattuckitem-2\/","title":{"rendered":"P\u0159\u00edv\u011b\u0161ek azurit s shattuckitem"},"content":{"rendered":"<div class=\"et_pb_column et_pb_column_3_8 et_pb_column_inner et_pb_column_inner_4_tb_body et-last-child\">\n<div class=\"et_pb_module et_pb_wc_description et_pb_wc_description_1_tb_body et_pb_bg_layout_light et_pb_text_align_left\">\n<div class=\"et_pb_module_inner\">\n<p>P\u0159\u00edv\u011b\u0161ek z azuritu a n\u00e1dhern\u011b modr\u00e9ho shattuckitu \u2013 vz\u00e1cn\u00e9ho miner\u00e1lu m\u011bdi.<\/p>\n<p>Rozm\u011bry kamene jsou 28 \u00d7 33 \u00d7 7 mm. St\u0159\u00edbro 925\/1000, celkov\u00e1 hmotnost p\u0159\u00edv\u011b\u0161ku je 16 g.<\/p>\n<p>(\u0158et\u00edzek nen\u00ed sou\u010d\u00e1st\u00ed produktu.)<\/p>\n<\/div>\n<\/div>\n<\/div>\n","protected":false},"excerpt":{"rendered":"<p>P\u0159\u00edv\u011b\u0161ek z azuritu a n\u00e1dhern\u011b modr\u00e9ho shattuckitu \u2013 vz\u00e1cn\u00e9ho miner\u00e1lu m\u011bdi. Rozm\u011bry kamene jsou 28 \u00d7 33 \u00d7 7 mm. St\u0159\u00edbro 925\/1000, celkov\u00e1 hmotnost p\u0159\u00edv\u011b\u0161ku je 16 g. (\u0158et\u00edzek nen\u00ed sou\u010d\u00e1st\u00ed produktu.)<\/p>\n","protected":false},"featured_media":25480,"template":"","meta":{"_acf_changed":false,"_uag_custom_page_level_css":""},"product_brand":[],"product_cat":[64,56],"product_tag":[230,117,231,87],"class_list":{"0":"post-25473","1":"product","2":"type-product","3":"status-publish","4":"has-post-thumbnail","6":"product_cat-privesky","7":"product_cat-privesky-a-nausnice-stribro-925-1000","8":"product_tag-azurit","9":"product_tag-privesek","10":"product_tag-shattuckit","11":"product_tag-stribro-925-1000","13":"first","14":"instock","15":"sold-individually","16":"taxable","17":"shipping-taxable","18":"purchasable","19":"product-type-simple"},"acf":[],"uagb_featured_image_src":{"full":["https:\/\/4c.top-me.eu\/wp-content\/uploads\/2023\/10\/IMG_9269-scaled.jpg",0,0,false],"thumbnail":["https:\/\/4c.top-me.eu\/wp-content\/uploads\/2023\/10\/IMG_9269-scaled.jpg",1,1,false],"medium":["https:\/\/4c.top-me.eu\/wp-content\/uploads\/2023\/10\/IMG_9269-scaled.jpg",1,1,false],"medium_large":["https:\/\/4c.top-me.eu\/wp-content\/uploads\/2023\/10\/IMG_9269-scaled.jpg",1,1,false],"large":["https:\/\/4c.top-me.eu\/wp-content\/uploads\/2023\/10\/IMG_9269-scaled.jpg",1,1,false],"1536x1536":["https:\/\/4c.top-me.eu\/wp-content\/uploads\/2023\/10\/IMG_9269-scaled.jpg",1,1,false],"2048x2048":["https:\/\/4c.top-me.eu\/wp-content\/uploads\/2023\/10\/IMG_9269-scaled.jpg",1,1,false],"archive-list":["https:\/\/4c.top-me.eu\/wp-content\/uploads\/2023\/10\/IMG_9269-scaled.jpg",1,1,false],"archive-list-2":["https:\/\/4c.top-me.eu\/wp-content\/uploads\/2023\/10\/IMG_9269-scaled.jpg",1,1,false],"woocommerce_thumbnail":["https:\/\/4c.top-me.eu\/wp-content\/uploads\/2023\/10\/IMG_9269-scaled.jpg",1,1,false],"woocommerce_single":["https:\/\/4c.top-me.eu\/wp-content\/uploads\/2023\/10\/IMG_9269-scaled.jpg",1,1,false],"woocommerce_gallery_thumbnail":["https:\/\/4c.top-me.eu\/wp-content\/uploads\/2023\/10\/IMG_9269-scaled.jpg",1,1,false]},"uagb_author_info":{"display_name":"accordeonMaster","author_link":"https:\/\/4c.top-me.eu\/en\/author\/"},"uagb_comment_info":0,"uagb_excerpt":"P\u0159\u00edv\u011b\u0161ek z azuritu a n\u00e1dhern\u011b modr\u00e9ho shattuckitu \u2013 vz\u00e1cn\u00e9ho miner\u00e1lu m\u011bdi. Rozm\u011bry kamene jsou 28 \u00d7 33 \u00d7 7 mm. St\u0159\u00edbro 925\/1000, celkov\u00e1 hmotnost p\u0159\u00edv\u011b\u0161ku je 16 g. (\u0158et\u00edzek nen\u00ed sou\u010d\u00e1st\u00ed produktu.)","_links":{"self":[{"href":"https:\/\/4c.top-me.eu\/en\/wp-json\/wp\/v2\/product\/25473","targetHints":{"allow":["GET"]}}],"collection":[{"href":"https:\/\/4c.top-me.eu\/en\/wp-json\/wp\/v2\/product"}],"about":[{"href":"https:\/\/4c.top-me.eu\/en\/wp-json\/wp\/v2\/types\/product"}],"wp:featuredmedia":[{"embeddable":true,"href":"https:\/\/4c.top-me.eu\/en\/wp-json\/wp\/v2\/media\/25480"}],"wp:attachment":[{"href":"https:\/\/4c.top-me.eu\/en\/wp-json\/wp\/v2\/media?parent=25473"}],"wp:term":[{"taxonomy":"product_brand","embeddable":true,"href":"https:\/\/4c.top-me.eu\/en\/wp-json\/wp\/v2\/product_brand?post=25473"},{"taxonomy":"product_cat","embeddable":true,"href":"https:\/\/4c.top-me.eu\/en\/wp-json\/wp\/v2\/product_cat?post=25473"},{"taxonomy":"product_tag","embeddable":true,"href":"https:\/\/4c.top-me.eu\/en\/wp-json\/wp\/v2\/product_tag?post=25473"}],"curies":[{"name":"wp","href":"https:\/\/api.w.org\/{rel}","templated":true}]}}