{"id":24344,"date":"2023-09-07T12:36:48","date_gmt":"2023-09-07T12:36:48","guid":{"rendered":"https:\/\/fvgear.com\/?post_type=product&#038;p=24344"},"modified":"2023-09-07T12:39:24","modified_gmt":"2023-09-07T12:39:24","slug":"privesek-tanzanit-2","status":"publish","type":"product","link":"https:\/\/4c.top-me.eu\/en\/product\/privesek-tanzanit-2\/","title":{"rendered":"P\u0159\u00edv\u011bsek tanzanit"},"content":{"rendered":"<p>Elegantn\u00ed p\u0159\u00edv\u011bsek s kabo\u0161onem ve tvaru kapky z kr\u00e1sn\u011b modr\u00e9ho tanzanitu.<br \/>\nRozm\u011bry kamene 14 \u00d7 10 \u00d7 4 mm. St\u0159\u00edbro 925\/1000, celkov\u00e1 hmotnost 3,3 g.<\/p>\n<p>(\u0158et\u00edzek nen\u00ed sou\u010d\u00e1st\u00ed produktu.)<\/p>\n","protected":false},"excerpt":{"rendered":"<p>Elegantn\u00ed p\u0159\u00edv\u011bsek s kabo\u0161onem ve tvaru kapky z kr\u00e1sn\u011b modr\u00e9ho tanzanitu. Rozm\u011bry kamene 14 \u00d7 10 \u00d7 4 mm. St\u0159\u00edbro 925\/1000, celkov\u00e1 hmotnost 3,3 g. (\u0158et\u00edzek nen\u00ed sou\u010d\u00e1st\u00ed produktu.)<\/p>\n","protected":false},"featured_media":24428,"template":"","meta":{"_acf_changed":false,"_uag_custom_page_level_css":""},"product_brand":[],"product_cat":[64,56],"product_tag":[117,87,107],"class_list":{"0":"post-24344","1":"product","2":"type-product","3":"status-publish","4":"has-post-thumbnail","6":"product_cat-privesky","7":"product_cat-privesky-a-nausnice-stribro-925-1000","8":"product_tag-privesek","9":"product_tag-stribro-925-1000","10":"product_tag-tanzanit","12":"first","13":"instock","14":"sold-individually","15":"taxable","16":"shipping-taxable","17":"purchasable","18":"product-type-simple"},"acf":[],"uagb_featured_image_src":{"full":["https:\/\/4c.top-me.eu\/wp-content\/uploads\/2023\/08\/IMG_4198-scaled.jpg",0,0,false],"thumbnail":["https:\/\/4c.top-me.eu\/wp-content\/uploads\/2023\/08\/IMG_4198-scaled.jpg",1,1,false],"medium":["https:\/\/4c.top-me.eu\/wp-content\/uploads\/2023\/08\/IMG_4198-scaled.jpg",1,1,false],"medium_large":["https:\/\/4c.top-me.eu\/wp-content\/uploads\/2023\/08\/IMG_4198-scaled.jpg",1,1,false],"large":["https:\/\/4c.top-me.eu\/wp-content\/uploads\/2023\/08\/IMG_4198-scaled.jpg",1,1,false],"1536x1536":["https:\/\/4c.top-me.eu\/wp-content\/uploads\/2023\/08\/IMG_4198-scaled.jpg",1,1,false],"2048x2048":["https:\/\/4c.top-me.eu\/wp-content\/uploads\/2023\/08\/IMG_4198-scaled.jpg",1,1,false],"archive-list":["https:\/\/4c.top-me.eu\/wp-content\/uploads\/2023\/08\/IMG_4198-scaled.jpg",1,1,false],"archive-list-2":["https:\/\/4c.top-me.eu\/wp-content\/uploads\/2023\/08\/IMG_4198-scaled.jpg",1,1,false],"woocommerce_thumbnail":["https:\/\/4c.top-me.eu\/wp-content\/uploads\/2023\/08\/IMG_4198-scaled.jpg",1,1,false],"woocommerce_single":["https:\/\/4c.top-me.eu\/wp-content\/uploads\/2023\/08\/IMG_4198-scaled.jpg",1,1,false],"woocommerce_gallery_thumbnail":["https:\/\/4c.top-me.eu\/wp-content\/uploads\/2023\/08\/IMG_4198-scaled.jpg",1,1,false]},"uagb_author_info":{"display_name":"accordeonMaster","author_link":"https:\/\/4c.top-me.eu\/en\/author\/"},"uagb_comment_info":0,"uagb_excerpt":"Elegantn\u00ed p\u0159\u00edv\u011bsek s kabo\u0161onem ve tvaru kapky z kr\u00e1sn\u011b modr\u00e9ho tanzanitu. Rozm\u011bry kamene 14 \u00d7 10 \u00d7 4 mm. St\u0159\u00edbro 925\/1000, celkov\u00e1 hmotnost 3,3 g. (\u0158et\u00edzek nen\u00ed sou\u010d\u00e1st\u00ed produktu.)","_links":{"self":[{"href":"https:\/\/4c.top-me.eu\/en\/wp-json\/wp\/v2\/product\/24344","targetHints":{"allow":["GET"]}}],"collection":[{"href":"https:\/\/4c.top-me.eu\/en\/wp-json\/wp\/v2\/product"}],"about":[{"href":"https:\/\/4c.top-me.eu\/en\/wp-json\/wp\/v2\/types\/product"}],"wp:featuredmedia":[{"embeddable":true,"href":"https:\/\/4c.top-me.eu\/en\/wp-json\/wp\/v2\/media\/24428"}],"wp:attachment":[{"href":"https:\/\/4c.top-me.eu\/en\/wp-json\/wp\/v2\/media?parent=24344"}],"wp:term":[{"taxonomy":"product_brand","embeddable":true,"href":"https:\/\/4c.top-me.eu\/en\/wp-json\/wp\/v2\/product_brand?post=24344"},{"taxonomy":"product_cat","embeddable":true,"href":"https:\/\/4c.top-me.eu\/en\/wp-json\/wp\/v2\/product_cat?post=24344"},{"taxonomy":"product_tag","embeddable":true,"href":"https:\/\/4c.top-me.eu\/en\/wp-json\/wp\/v2\/product_tag?post=24344"}],"curies":[{"name":"wp","href":"https:\/\/api.w.org\/{rel}","templated":true}]}}