{"id":22466,"date":"2023-07-31T10:25:25","date_gmt":"2023-07-31T10:25:25","guid":{"rendered":"https:\/\/fvgear.com\/?post_type=product&#038;p=22466"},"modified":"2023-07-31T10:32:03","modified_gmt":"2023-07-31T10:32:03","slug":"privesek-akvamarin-4","status":"publish","type":"product","link":"https:\/\/4c.top-me.eu\/en\/product\/privesek-akvamarin-4\/","title":{"rendered":"P\u0159\u00edv\u011bsek akvamar\u00edn"},"content":{"rendered":"<p>N\u00e1dhern\u00fd p\u0159\u00edv\u011bsek s p\u0159ekr\u00e1sn\u00fdm brou\u0161en\u00fdm syt\u011b nebesky modr\u00fdm akvamar\u00ednem.<br \/>\nRozm\u011bry kamene jsou 14 x 10 x 6 mm. St\u0159\u00edbro 925\/1000, celkov\u00e1 hmotnost 3,3 g.<\/p>\n<p>(\u0158et\u00edzek nen\u00ed sou\u010d\u00e1st\u00ed produktu.)<\/p>\n","protected":false},"excerpt":{"rendered":"<p>N\u00e1dhern\u00fd p\u0159\u00edv\u011bsek s p\u0159ekr\u00e1sn\u00fdm brou\u0161en\u00fdm syt\u011b nebesky modr\u00fdm akvamar\u00ednem. Rozm\u011bry kamene jsou 14 x 10 x 6 mm. St\u0159\u00edbro 925\/1000, celkov\u00e1 hmotnost 3,3 g. (\u0158et\u00edzek nen\u00ed sou\u010d\u00e1st\u00ed produktu.)<\/p>\n","protected":false},"featured_media":22881,"template":"","meta":{"_acf_changed":false,"_uag_custom_page_level_css":""},"product_brand":[],"product_cat":[64,56],"product_tag":[162,117,87],"class_list":{"0":"post-22466","1":"product","2":"type-product","3":"status-publish","4":"has-post-thumbnail","6":"product_cat-privesky","7":"product_cat-privesky-a-nausnice-stribro-925-1000","8":"product_tag-akvamarin","9":"product_tag-privesek","10":"product_tag-stribro-925-1000","12":"first","13":"instock","14":"sold-individually","15":"taxable","16":"shipping-taxable","17":"purchasable","18":"product-type-simple"},"acf":[],"uagb_featured_image_src":{"full":["https:\/\/4c.top-me.eu\/wp-content\/uploads\/2023\/07\/IMG_1926-scaled.jpg",0,0,false],"thumbnail":["https:\/\/4c.top-me.eu\/wp-content\/uploads\/2023\/07\/IMG_1926-scaled.jpg",1,1,false],"medium":["https:\/\/4c.top-me.eu\/wp-content\/uploads\/2023\/07\/IMG_1926-scaled.jpg",1,1,false],"medium_large":["https:\/\/4c.top-me.eu\/wp-content\/uploads\/2023\/07\/IMG_1926-scaled.jpg",1,1,false],"large":["https:\/\/4c.top-me.eu\/wp-content\/uploads\/2023\/07\/IMG_1926-scaled.jpg",1,1,false],"1536x1536":["https:\/\/4c.top-me.eu\/wp-content\/uploads\/2023\/07\/IMG_1926-scaled.jpg",1,1,false],"2048x2048":["https:\/\/4c.top-me.eu\/wp-content\/uploads\/2023\/07\/IMG_1926-scaled.jpg",1,1,false],"archive-list":["https:\/\/4c.top-me.eu\/wp-content\/uploads\/2023\/07\/IMG_1926-scaled.jpg",1,1,false],"archive-list-2":["https:\/\/4c.top-me.eu\/wp-content\/uploads\/2023\/07\/IMG_1926-scaled.jpg",1,1,false],"woocommerce_thumbnail":["https:\/\/4c.top-me.eu\/wp-content\/uploads\/2023\/07\/IMG_1926-scaled.jpg",1,1,false],"woocommerce_single":["https:\/\/4c.top-me.eu\/wp-content\/uploads\/2023\/07\/IMG_1926-scaled.jpg",1,1,false],"woocommerce_gallery_thumbnail":["https:\/\/4c.top-me.eu\/wp-content\/uploads\/2023\/07\/IMG_1926-scaled.jpg",1,1,false]},"uagb_author_info":{"display_name":"accordeonMaster","author_link":"https:\/\/4c.top-me.eu\/en\/author\/"},"uagb_comment_info":0,"uagb_excerpt":"N\u00e1dhern\u00fd p\u0159\u00edv\u011bsek s p\u0159ekr\u00e1sn\u00fdm brou\u0161en\u00fdm syt\u011b nebesky modr\u00fdm akvamar\u00ednem. Rozm\u011bry kamene jsou 14 x 10 x 6 mm. St\u0159\u00edbro 925\/1000, celkov\u00e1 hmotnost 3,3 g. (\u0158et\u00edzek nen\u00ed sou\u010d\u00e1st\u00ed produktu.)","_links":{"self":[{"href":"https:\/\/4c.top-me.eu\/en\/wp-json\/wp\/v2\/product\/22466","targetHints":{"allow":["GET"]}}],"collection":[{"href":"https:\/\/4c.top-me.eu\/en\/wp-json\/wp\/v2\/product"}],"about":[{"href":"https:\/\/4c.top-me.eu\/en\/wp-json\/wp\/v2\/types\/product"}],"wp:featuredmedia":[{"embeddable":true,"href":"https:\/\/4c.top-me.eu\/en\/wp-json\/wp\/v2\/media\/22881"}],"wp:attachment":[{"href":"https:\/\/4c.top-me.eu\/en\/wp-json\/wp\/v2\/media?parent=22466"}],"wp:term":[{"taxonomy":"product_brand","embeddable":true,"href":"https:\/\/4c.top-me.eu\/en\/wp-json\/wp\/v2\/product_brand?post=22466"},{"taxonomy":"product_cat","embeddable":true,"href":"https:\/\/4c.top-me.eu\/en\/wp-json\/wp\/v2\/product_cat?post=22466"},{"taxonomy":"product_tag","embeddable":true,"href":"https:\/\/4c.top-me.eu\/en\/wp-json\/wp\/v2\/product_tag?post=22466"}],"curies":[{"name":"wp","href":"https:\/\/api.w.org\/{rel}","templated":true}]}}