{"id":22304,"date":"2023-07-20T15:06:15","date_gmt":"2023-07-20T15:06:15","guid":{"rendered":"https:\/\/fvgear.com\/?post_type=product&#038;p=22304"},"modified":"2023-07-20T15:08:00","modified_gmt":"2023-07-20T15:08:00","slug":"privesek-caroit-3","status":"publish","type":"product","link":"https:\/\/4c.top-me.eu\/en\/product\/privesek-caroit-3\/","title":{"rendered":"P\u0159\u00edv\u011bsek \u010daroit"},"content":{"rendered":"<p>N\u00e1dhern\u00fd unik\u00e1tn\u00ed p\u0159\u00edv\u011bsek s pl\u00e1tkem p\u0159ekr\u00e1sn\u00e9ho \u010daroitu se zaj\u00edmavou p\u0159\u00edrodn\u00ed kresbou.<br \/>\nRozm\u011bry kamene jsou 28 x 15 x 3 mm. St\u0159\u00edbro 925\/1000, celkov\u00e1 hmotnost 3,2 g.<\/p>\n<p>(\u0158et\u00edzek nen\u00ed sou\u010d\u00e1st\u00ed produktu.)<\/p>\n","protected":false},"excerpt":{"rendered":"<p>N\u00e1dhern\u00fd unik\u00e1tn\u00ed p\u0159\u00edv\u011bsek s pl\u00e1tkem p\u0159ekr\u00e1sn\u00e9ho \u010daroitu se zaj\u00edmavou p\u0159\u00edrodn\u00ed kresbou. Rozm\u011bry kamene jsou 28 x 15 x 3 mm. St\u0159\u00edbro 925\/1000, celkov\u00e1 hmotnost 3,2 g. (\u0158et\u00edzek nen\u00ed sou\u010d\u00e1st\u00ed produktu.)<\/p>\n","protected":false},"featured_media":22317,"template":"","meta":{"_acf_changed":false,"_uag_custom_page_level_css":""},"product_brand":[],"product_cat":[64,56],"product_tag":[102,117,87],"class_list":{"0":"post-22304","1":"product","2":"type-product","3":"status-publish","4":"has-post-thumbnail","6":"product_cat-privesky","7":"product_cat-privesky-a-nausnice-stribro-925-1000","8":"product_tag-caroit","9":"product_tag-privesek","10":"product_tag-stribro-925-1000","12":"first","13":"instock","14":"sold-individually","15":"taxable","16":"shipping-taxable","17":"purchasable","18":"product-type-simple"},"acf":[],"uagb_featured_image_src":{"full":["https:\/\/4c.top-me.eu\/wp-content\/uploads\/2023\/07\/IMG_1384-scaled.jpg",0,0,false],"thumbnail":["https:\/\/4c.top-me.eu\/wp-content\/uploads\/2023\/07\/IMG_1384-scaled.jpg",1,1,false],"medium":["https:\/\/4c.top-me.eu\/wp-content\/uploads\/2023\/07\/IMG_1384-scaled.jpg",1,1,false],"medium_large":["https:\/\/4c.top-me.eu\/wp-content\/uploads\/2023\/07\/IMG_1384-scaled.jpg",1,1,false],"large":["https:\/\/4c.top-me.eu\/wp-content\/uploads\/2023\/07\/IMG_1384-scaled.jpg",1,1,false],"1536x1536":["https:\/\/4c.top-me.eu\/wp-content\/uploads\/2023\/07\/IMG_1384-scaled.jpg",1,1,false],"2048x2048":["https:\/\/4c.top-me.eu\/wp-content\/uploads\/2023\/07\/IMG_1384-scaled.jpg",1,1,false],"archive-list":["https:\/\/4c.top-me.eu\/wp-content\/uploads\/2023\/07\/IMG_1384-scaled.jpg",1,1,false],"archive-list-2":["https:\/\/4c.top-me.eu\/wp-content\/uploads\/2023\/07\/IMG_1384-scaled.jpg",1,1,false],"woocommerce_thumbnail":["https:\/\/4c.top-me.eu\/wp-content\/uploads\/2023\/07\/IMG_1384-scaled.jpg",1,1,false],"woocommerce_single":["https:\/\/4c.top-me.eu\/wp-content\/uploads\/2023\/07\/IMG_1384-scaled.jpg",1,1,false],"woocommerce_gallery_thumbnail":["https:\/\/4c.top-me.eu\/wp-content\/uploads\/2023\/07\/IMG_1384-scaled.jpg",1,1,false]},"uagb_author_info":{"display_name":"accordeonMaster","author_link":"https:\/\/4c.top-me.eu\/en\/author\/"},"uagb_comment_info":0,"uagb_excerpt":"N\u00e1dhern\u00fd unik\u00e1tn\u00ed p\u0159\u00edv\u011bsek s pl\u00e1tkem p\u0159ekr\u00e1sn\u00e9ho \u010daroitu se zaj\u00edmavou p\u0159\u00edrodn\u00ed kresbou. Rozm\u011bry kamene jsou 28 x 15 x 3 mm. St\u0159\u00edbro 925\/1000, celkov\u00e1 hmotnost 3,2 g. (\u0158et\u00edzek nen\u00ed sou\u010d\u00e1st\u00ed produktu.)","_links":{"self":[{"href":"https:\/\/4c.top-me.eu\/en\/wp-json\/wp\/v2\/product\/22304","targetHints":{"allow":["GET"]}}],"collection":[{"href":"https:\/\/4c.top-me.eu\/en\/wp-json\/wp\/v2\/product"}],"about":[{"href":"https:\/\/4c.top-me.eu\/en\/wp-json\/wp\/v2\/types\/product"}],"wp:featuredmedia":[{"embeddable":true,"href":"https:\/\/4c.top-me.eu\/en\/wp-json\/wp\/v2\/media\/22317"}],"wp:attachment":[{"href":"https:\/\/4c.top-me.eu\/en\/wp-json\/wp\/v2\/media?parent=22304"}],"wp:term":[{"taxonomy":"product_brand","embeddable":true,"href":"https:\/\/4c.top-me.eu\/en\/wp-json\/wp\/v2\/product_brand?post=22304"},{"taxonomy":"product_cat","embeddable":true,"href":"https:\/\/4c.top-me.eu\/en\/wp-json\/wp\/v2\/product_cat?post=22304"},{"taxonomy":"product_tag","embeddable":true,"href":"https:\/\/4c.top-me.eu\/en\/wp-json\/wp\/v2\/product_tag?post=22304"}],"curies":[{"name":"wp","href":"https:\/\/api.w.org\/{rel}","templated":true}]}}