{"id":21575,"date":"2023-07-19T11:55:29","date_gmt":"2023-07-19T11:55:29","guid":{"rendered":"https:\/\/fvgear.com\/?post_type=product&#038;p=21575"},"modified":"2023-07-19T11:59:00","modified_gmt":"2023-07-19T11:59:00","slug":"privesek-rubin-5","status":"publish","type":"product","link":"https:\/\/4c.top-me.eu\/en\/product\/privesek-rubin-5\/","title":{"rendered":"P\u0159\u00edv\u011bsek rub\u00edn"},"content":{"rendered":"<p>P\u0159ekr\u00e1sn\u00fd p\u0159\u00edv\u011bsek s n\u00e1dhern\u00fdm kabo\u0161onem rub\u00ednu kr\u00e1sn\u00e9 \u010derven\u00e9 barvy.<br \/>\nRozm\u011bry kamene jsou 13 x 10 x 6 mm. St\u0159\u00edbro 925\/1000, celkov\u00e1 hmotnost 4,5 g.<\/p>\n<p>(\u0158et\u00edzek nen\u00ed sou\u010d\u00e1st\u00ed produktu.)<\/p>\n","protected":false},"excerpt":{"rendered":"<p>P\u0159ekr\u00e1sn\u00fd p\u0159\u00edv\u011bsek s n\u00e1dhern\u00fdm kabo\u0161onem rub\u00ednu kr\u00e1sn\u00e9 \u010derven\u00e9 barvy. Rozm\u011bry kamene jsou 13 x 10 x 6 mm. St\u0159\u00edbro 925\/1000, celkov\u00e1 hmotnost 4,5 g. (\u0158et\u00edzek nen\u00ed sou\u010d\u00e1st\u00ed produktu.)<\/p>\n","protected":false},"featured_media":21933,"template":"","meta":{"_acf_changed":false,"_uag_custom_page_level_css":""},"product_brand":[],"product_cat":[64,56],"product_tag":[117,103,87],"class_list":{"0":"post-21575","1":"product","2":"type-product","3":"status-publish","4":"has-post-thumbnail","6":"product_cat-privesky","7":"product_cat-privesky-a-nausnice-stribro-925-1000","8":"product_tag-privesek","9":"product_tag-rubin","10":"product_tag-stribro-925-1000","12":"first","13":"instock","14":"sold-individually","15":"taxable","16":"shipping-taxable","17":"purchasable","18":"product-type-simple"},"acf":[],"uagb_featured_image_src":{"full":["https:\/\/4c.top-me.eu\/wp-content\/uploads\/2023\/07\/IMG_0186-scaled.jpg",0,0,false],"thumbnail":["https:\/\/4c.top-me.eu\/wp-content\/uploads\/2023\/07\/IMG_0186-scaled.jpg",1,1,false],"medium":["https:\/\/4c.top-me.eu\/wp-content\/uploads\/2023\/07\/IMG_0186-scaled.jpg",1,1,false],"medium_large":["https:\/\/4c.top-me.eu\/wp-content\/uploads\/2023\/07\/IMG_0186-scaled.jpg",1,1,false],"large":["https:\/\/4c.top-me.eu\/wp-content\/uploads\/2023\/07\/IMG_0186-scaled.jpg",1,1,false],"1536x1536":["https:\/\/4c.top-me.eu\/wp-content\/uploads\/2023\/07\/IMG_0186-scaled.jpg",1,1,false],"2048x2048":["https:\/\/4c.top-me.eu\/wp-content\/uploads\/2023\/07\/IMG_0186-scaled.jpg",1,1,false],"archive-list":["https:\/\/4c.top-me.eu\/wp-content\/uploads\/2023\/07\/IMG_0186-scaled.jpg",1,1,false],"archive-list-2":["https:\/\/4c.top-me.eu\/wp-content\/uploads\/2023\/07\/IMG_0186-scaled.jpg",1,1,false],"woocommerce_thumbnail":["https:\/\/4c.top-me.eu\/wp-content\/uploads\/2023\/07\/IMG_0186-scaled.jpg",1,1,false],"woocommerce_single":["https:\/\/4c.top-me.eu\/wp-content\/uploads\/2023\/07\/IMG_0186-scaled.jpg",1,1,false],"woocommerce_gallery_thumbnail":["https:\/\/4c.top-me.eu\/wp-content\/uploads\/2023\/07\/IMG_0186-scaled.jpg",1,1,false]},"uagb_author_info":{"display_name":"accordeonMaster","author_link":"https:\/\/4c.top-me.eu\/en\/author\/"},"uagb_comment_info":0,"uagb_excerpt":"P\u0159ekr\u00e1sn\u00fd p\u0159\u00edv\u011bsek s n\u00e1dhern\u00fdm kabo\u0161onem rub\u00ednu kr\u00e1sn\u00e9 \u010derven\u00e9 barvy. Rozm\u011bry kamene jsou 13 x 10 x 6 mm. St\u0159\u00edbro 925\/1000, celkov\u00e1 hmotnost 4,5 g. (\u0158et\u00edzek nen\u00ed sou\u010d\u00e1st\u00ed produktu.)","_links":{"self":[{"href":"https:\/\/4c.top-me.eu\/en\/wp-json\/wp\/v2\/product\/21575","targetHints":{"allow":["GET"]}}],"collection":[{"href":"https:\/\/4c.top-me.eu\/en\/wp-json\/wp\/v2\/product"}],"about":[{"href":"https:\/\/4c.top-me.eu\/en\/wp-json\/wp\/v2\/types\/product"}],"wp:featuredmedia":[{"embeddable":true,"href":"https:\/\/4c.top-me.eu\/en\/wp-json\/wp\/v2\/media\/21933"}],"wp:attachment":[{"href":"https:\/\/4c.top-me.eu\/en\/wp-json\/wp\/v2\/media?parent=21575"}],"wp:term":[{"taxonomy":"product_brand","embeddable":true,"href":"https:\/\/4c.top-me.eu\/en\/wp-json\/wp\/v2\/product_brand?post=21575"},{"taxonomy":"product_cat","embeddable":true,"href":"https:\/\/4c.top-me.eu\/en\/wp-json\/wp\/v2\/product_cat?post=21575"},{"taxonomy":"product_tag","embeddable":true,"href":"https:\/\/4c.top-me.eu\/en\/wp-json\/wp\/v2\/product_tag?post=21575"}],"curies":[{"name":"wp","href":"https:\/\/api.w.org\/{rel}","templated":true}]}}