{"id":20522,"date":"2023-07-11T10:19:34","date_gmt":"2023-07-11T10:19:34","guid":{"rendered":"https:\/\/fvgear.com\/?post_type=product&#038;p=20522"},"modified":"2023-07-11T10:24:40","modified_gmt":"2023-07-11T10:24:40","slug":"privesek-ametrin","status":"publish","type":"product","link":"https:\/\/4c.top-me.eu\/en\/product\/privesek-ametrin\/","title":{"rendered":"P\u0159\u00edv\u011bsek ametr\u00edn"},"content":{"rendered":"<div class=\"et_pb_column et_pb_column_3_8 et_pb_column_inner et_pb_column_inner_4_tb_body et-last-child\">\n<div class=\"et_pb_module et_pb_wc_description et_pb_wc_description_1_tb_body et_pb_bg_layout_light et_pb_text_align_left\">\n<div class=\"et_pb_module_inner\">\n<p>N\u00e1dhern\u00fd p\u0159\u00edv\u011bsek s p\u0159ekr\u00e1sn\u00fdm brou\u0161en\u00fdm ametr\u00ednem.<br \/>\nRozm\u011bry kamene jsou 17 x 12 x 8 mm. St\u0159\u00edbro 925\/1000, celkov\u00e1 hmotnost 7 g.<\/p>\n<p>(\u0158et\u00edzek nen\u00ed sou\u010d\u00e1st\u00ed produktu.)<\/p>\n<\/div>\n<\/div>\n<\/div>\n","protected":false},"excerpt":{"rendered":"<p>N\u00e1dhern\u00fd p\u0159\u00edv\u011bsek s p\u0159ekr\u00e1sn\u00fdm brou\u0161en\u00fdm ametr\u00ednem. Rozm\u011bry kamene jsou 17 x 12 x 8 mm. St\u0159\u00edbro 925\/1000, celkov\u00e1 hmotnost 7 g. (\u0158et\u00edzek nen\u00ed sou\u010d\u00e1st\u00ed produktu.)<\/p>\n","protected":false},"featured_media":20672,"template":"","meta":{"_acf_changed":false,"_uag_custom_page_level_css":""},"product_brand":[],"product_cat":[64,56],"product_tag":[],"class_list":{"0":"post-20522","1":"product","2":"type-product","3":"status-publish","4":"has-post-thumbnail","6":"product_cat-privesky","7":"product_cat-privesky-a-nausnice-stribro-925-1000","9":"first","10":"instock","11":"sold-individually","12":"taxable","13":"shipping-taxable","14":"purchasable","15":"product-type-simple"},"acf":[],"uagb_featured_image_src":{"full":["https:\/\/4c.top-me.eu\/wp-content\/uploads\/2023\/06\/IMG_7832-scaled.jpg",0,0,false],"thumbnail":["https:\/\/4c.top-me.eu\/wp-content\/uploads\/2023\/06\/IMG_7832-scaled.jpg",1,1,false],"medium":["https:\/\/4c.top-me.eu\/wp-content\/uploads\/2023\/06\/IMG_7832-scaled.jpg",1,1,false],"medium_large":["https:\/\/4c.top-me.eu\/wp-content\/uploads\/2023\/06\/IMG_7832-scaled.jpg",1,1,false],"large":["https:\/\/4c.top-me.eu\/wp-content\/uploads\/2023\/06\/IMG_7832-scaled.jpg",1,1,false],"1536x1536":["https:\/\/4c.top-me.eu\/wp-content\/uploads\/2023\/06\/IMG_7832-scaled.jpg",1,1,false],"2048x2048":["https:\/\/4c.top-me.eu\/wp-content\/uploads\/2023\/06\/IMG_7832-scaled.jpg",1,1,false],"archive-list":["https:\/\/4c.top-me.eu\/wp-content\/uploads\/2023\/06\/IMG_7832-scaled.jpg",1,1,false],"archive-list-2":["https:\/\/4c.top-me.eu\/wp-content\/uploads\/2023\/06\/IMG_7832-scaled.jpg",1,1,false],"woocommerce_thumbnail":["https:\/\/4c.top-me.eu\/wp-content\/uploads\/2023\/06\/IMG_7832-scaled.jpg",1,1,false],"woocommerce_single":["https:\/\/4c.top-me.eu\/wp-content\/uploads\/2023\/06\/IMG_7832-scaled.jpg",1,1,false],"woocommerce_gallery_thumbnail":["https:\/\/4c.top-me.eu\/wp-content\/uploads\/2023\/06\/IMG_7832-scaled.jpg",1,1,false]},"uagb_author_info":{"display_name":"accordeonMaster","author_link":"https:\/\/4c.top-me.eu\/en\/author\/"},"uagb_comment_info":0,"uagb_excerpt":"N\u00e1dhern\u00fd p\u0159\u00edv\u011bsek s p\u0159ekr\u00e1sn\u00fdm brou\u0161en\u00fdm ametr\u00ednem. Rozm\u011bry kamene jsou 17 x 12 x 8 mm. St\u0159\u00edbro 925\/1000, celkov\u00e1 hmotnost 7 g. (\u0158et\u00edzek nen\u00ed sou\u010d\u00e1st\u00ed produktu.)","_links":{"self":[{"href":"https:\/\/4c.top-me.eu\/en\/wp-json\/wp\/v2\/product\/20522","targetHints":{"allow":["GET"]}}],"collection":[{"href":"https:\/\/4c.top-me.eu\/en\/wp-json\/wp\/v2\/product"}],"about":[{"href":"https:\/\/4c.top-me.eu\/en\/wp-json\/wp\/v2\/types\/product"}],"wp:featuredmedia":[{"embeddable":true,"href":"https:\/\/4c.top-me.eu\/en\/wp-json\/wp\/v2\/media\/20672"}],"wp:attachment":[{"href":"https:\/\/4c.top-me.eu\/en\/wp-json\/wp\/v2\/media?parent=20522"}],"wp:term":[{"taxonomy":"product_brand","embeddable":true,"href":"https:\/\/4c.top-me.eu\/en\/wp-json\/wp\/v2\/product_brand?post=20522"},{"taxonomy":"product_cat","embeddable":true,"href":"https:\/\/4c.top-me.eu\/en\/wp-json\/wp\/v2\/product_cat?post=20522"},{"taxonomy":"product_tag","embeddable":true,"href":"https:\/\/4c.top-me.eu\/en\/wp-json\/wp\/v2\/product_tag?post=20522"}],"curies":[{"name":"wp","href":"https:\/\/api.w.org\/{rel}","templated":true}]}}