{"id":19978,"date":"2023-06-28T16:25:13","date_gmt":"2023-06-28T16:25:13","guid":{"rendered":"https:\/\/fvgear.com\/?post_type=product&#038;p=19978"},"modified":"2023-06-29T11:11:07","modified_gmt":"2023-06-29T11:11:07","slug":"privesek-turmalin-12","status":"publish","type":"product","link":"https:\/\/4c.top-me.eu\/en\/product\/privesek-turmalin-12\/","title":{"rendered":"P\u0159\u00edv\u011bsek turmal\u00edn"},"content":{"rendered":"<p>Origin\u00e1ln\u00ed p\u0159\u00edv\u011bsek s pl\u00e1tkem p\u0159ekr\u00e1sn\u00e9ho turmal\u00ednu p\u0159ech\u00e1zej\u00edc\u00edho od tmav\u0161\u00edch po sv\u011btlej\u0161\u00ed odst\u00edny r\u016f\u017eov\u00e9.<br \/>\nRozm\u011bry kamene jsou 20 x 15 x 5 mm. St\u0159\u00edbro 925\/1000, celkov\u00e1 hmotnost 6,2 g.<\/p>\n<p>(\u0158et\u00edzek nen\u00ed sou\u010d\u00e1st\u00ed produktu.)<\/p>\n","protected":false},"excerpt":{"rendered":"<p>Origin\u00e1ln\u00ed p\u0159\u00edv\u011bsek s pl\u00e1tkem p\u0159ekr\u00e1sn\u00e9ho turmal\u00ednu p\u0159ech\u00e1zej\u00edc\u00edho od tmav\u0161\u00edch po sv\u011btlej\u0161\u00ed odst\u00edny r\u016f\u017eov\u00e9. Rozm\u011bry kamene jsou 20 x 15 x 5 mm. St\u0159\u00edbro 925\/1000, celkov\u00e1 hmotnost 6,2 g. (\u0158et\u00edzek nen\u00ed sou\u010d\u00e1st\u00ed produktu.)<\/p>\n","protected":false},"featured_media":20351,"template":"","meta":{"_acf_changed":false,"_uag_custom_page_level_css":""},"product_brand":[],"product_cat":[64,56],"product_tag":[117,98,87,97],"class_list":{"0":"post-19978","1":"product","2":"type-product","3":"status-publish","4":"has-post-thumbnail","6":"product_cat-privesky","7":"product_cat-privesky-a-nausnice-stribro-925-1000","8":"product_tag-privesek","9":"product_tag-rubelit","10":"product_tag-stribro-925-1000","11":"product_tag-turmalin","13":"first","14":"instock","15":"sold-individually","16":"taxable","17":"shipping-taxable","18":"purchasable","19":"product-type-simple"},"acf":[],"uagb_featured_image_src":{"full":["https:\/\/4c.top-me.eu\/wp-content\/uploads\/2023\/06\/IMG_5368-scaled.jpg",0,0,false],"thumbnail":["https:\/\/4c.top-me.eu\/wp-content\/uploads\/2023\/06\/IMG_5368-scaled.jpg",1,1,false],"medium":["https:\/\/4c.top-me.eu\/wp-content\/uploads\/2023\/06\/IMG_5368-scaled.jpg",1,1,false],"medium_large":["https:\/\/4c.top-me.eu\/wp-content\/uploads\/2023\/06\/IMG_5368-scaled.jpg",1,1,false],"large":["https:\/\/4c.top-me.eu\/wp-content\/uploads\/2023\/06\/IMG_5368-scaled.jpg",1,1,false],"1536x1536":["https:\/\/4c.top-me.eu\/wp-content\/uploads\/2023\/06\/IMG_5368-scaled.jpg",1,1,false],"2048x2048":["https:\/\/4c.top-me.eu\/wp-content\/uploads\/2023\/06\/IMG_5368-scaled.jpg",1,1,false],"archive-list":["https:\/\/4c.top-me.eu\/wp-content\/uploads\/2023\/06\/IMG_5368-scaled.jpg",1,1,false],"archive-list-2":["https:\/\/4c.top-me.eu\/wp-content\/uploads\/2023\/06\/IMG_5368-scaled.jpg",1,1,false],"woocommerce_thumbnail":["https:\/\/4c.top-me.eu\/wp-content\/uploads\/2023\/06\/IMG_5368-scaled.jpg",1,1,false],"woocommerce_single":["https:\/\/4c.top-me.eu\/wp-content\/uploads\/2023\/06\/IMG_5368-scaled.jpg",1,1,false],"woocommerce_gallery_thumbnail":["https:\/\/4c.top-me.eu\/wp-content\/uploads\/2023\/06\/IMG_5368-scaled.jpg",1,1,false]},"uagb_author_info":{"display_name":"accordeonMaster","author_link":"https:\/\/4c.top-me.eu\/en\/author\/"},"uagb_comment_info":0,"uagb_excerpt":"Origin\u00e1ln\u00ed p\u0159\u00edv\u011bsek s pl\u00e1tkem p\u0159ekr\u00e1sn\u00e9ho turmal\u00ednu p\u0159ech\u00e1zej\u00edc\u00edho od tmav\u0161\u00edch po sv\u011btlej\u0161\u00ed odst\u00edny r\u016f\u017eov\u00e9. Rozm\u011bry kamene jsou 20 x 15 x 5 mm. St\u0159\u00edbro 925\/1000, celkov\u00e1 hmotnost 6,2 g. (\u0158et\u00edzek nen\u00ed sou\u010d\u00e1st\u00ed produktu.)","_links":{"self":[{"href":"https:\/\/4c.top-me.eu\/en\/wp-json\/wp\/v2\/product\/19978","targetHints":{"allow":["GET"]}}],"collection":[{"href":"https:\/\/4c.top-me.eu\/en\/wp-json\/wp\/v2\/product"}],"about":[{"href":"https:\/\/4c.top-me.eu\/en\/wp-json\/wp\/v2\/types\/product"}],"wp:featuredmedia":[{"embeddable":true,"href":"https:\/\/4c.top-me.eu\/en\/wp-json\/wp\/v2\/media\/20351"}],"wp:attachment":[{"href":"https:\/\/4c.top-me.eu\/en\/wp-json\/wp\/v2\/media?parent=19978"}],"wp:term":[{"taxonomy":"product_brand","embeddable":true,"href":"https:\/\/4c.top-me.eu\/en\/wp-json\/wp\/v2\/product_brand?post=19978"},{"taxonomy":"product_cat","embeddable":true,"href":"https:\/\/4c.top-me.eu\/en\/wp-json\/wp\/v2\/product_cat?post=19978"},{"taxonomy":"product_tag","embeddable":true,"href":"https:\/\/4c.top-me.eu\/en\/wp-json\/wp\/v2\/product_tag?post=19978"}],"curies":[{"name":"wp","href":"https:\/\/api.w.org\/{rel}","templated":true}]}}