{"id":19852,"date":"2023-06-06T15:27:00","date_gmt":"2023-06-06T15:27:00","guid":{"rendered":"https:\/\/fvgear.com\/?post_type=product&#038;p=19852"},"modified":"2023-06-06T15:30:40","modified_gmt":"2023-06-06T15:30:40","slug":"naramek-citrin","status":"publish","type":"product","link":"https:\/\/4c.top-me.eu\/en\/product\/naramek-citrin\/","title":{"rendered":"N\u00e1ramek citr\u00edn"},"content":{"rendered":"<div class=\"et_pb_column et_pb_column_3_8 et_pb_column_inner et_pb_column_inner_4_tb_body et-last-child\">\n<div class=\"et_pb_module et_pb_wc_description et_pb_wc_description_1_tb_body et_pb_bg_layout_light et_pb_text_align_left\">\n<div class=\"et_pb_module_inner\">\n<div class=\"et_pb_column et_pb_column_3_8 et_pb_column_inner et_pb_column_inner_4_tb_body et-last-child\">\n<div class=\"et_pb_module et_pb_wc_description et_pb_wc_description_1_tb_body et_pb_bg_layout_light et_pb_text_align_left\">\n<div class=\"et_pb_module_inner\">\n<div class=\"et_pb_column et_pb_column_3_8 et_pb_column_inner et_pb_column_inner_4_tb_body et-last-child\">\n<div class=\"et_pb_module et_pb_wc_description et_pb_wc_description_1_tb_body et_pb_bg_layout_light et_pb_text_align_left\">\n<div class=\"et_pb_module_inner\">\n<p>P\u0159ekr\u00e1sn\u00fd n\u00e1ramek z brou\u0161en\u00fdch kor\u00e1lk\u016f citr\u00ednu. N\u00e1ramek je navle\u010den na \u017elut\u00e9 niti a je ru\u010dn\u011b prouzl\u00edkov\u00e1n.<\/p>\n<p>Pr\u016fm\u011br kor\u00e1lk\u016f je cca 8 mm. N\u00e1ramek m\u00e1 st\u0159\u00edbrn\u00e9 zap\u00edn\u00e1n\u00ed na pozlacenou klasickou karabinku, st\u0159\u00edbro Ag 925\/1000, d\u00e9lka zap\u00edn\u00e1n\u00ed je 2,5 cm. Celkov\u00e1 d\u00e9lka n\u00e1ramku je 18,9 cm. Celkov\u00e1 hmotnost je 12,6 g.<\/p>\n<\/div>\n<p>K n\u00e1ramku lze zakoupit i <a href=\"https:\/\/4c.top-me.eu\/produkt\/nahrdelnik-citrin-2\/\">n\u00e1hrdeln\u00edk<\/a> v podobn\u00e9m stylu.<\/p>\n<\/div>\n<\/div>\n<\/div>\n<\/div>\n<\/div>\n<\/div>\n<\/div>\n<\/div>\n","protected":false},"excerpt":{"rendered":"<p>P\u0159ekr\u00e1sn\u00fd n\u00e1ramek z brou\u0161en\u00fdch kor\u00e1lk\u016f citr\u00ednu. N\u00e1ramek je navle\u010den na \u017elut\u00e9 niti a je ru\u010dn\u011b prouzl\u00edkov\u00e1n. Pr\u016fm\u011br kor\u00e1lk\u016f je cca 8 mm. N\u00e1ramek m\u00e1 st\u0159\u00edbrn\u00e9 zap\u00edn\u00e1n\u00ed na pozlacenou klasickou karabinku, st\u0159\u00edbro Ag 925\/1000, d\u00e9lka zap\u00edn\u00e1n\u00ed je 2,5 cm. Celkov\u00e1 d\u00e9lka n\u00e1ramku je 18,9 cm. Celkov\u00e1 hmotnost je 12,6 g. K n\u00e1ramku lze zakoupit i n\u00e1hrdeln\u00edk<\/p>\n","protected":false},"featured_media":19875,"template":"","meta":{"_acf_changed":false,"_uag_custom_page_level_css":""},"product_brand":[],"product_cat":[59,60],"product_tag":[160,146,87],"class_list":{"0":"post-19852","1":"product","2":"type-product","3":"status-publish","4":"has-post-thumbnail","6":"product_cat-naramky-s-prirodnimi-kameny","7":"product_cat-naramky-s-prirodnimi-kameny-stribro-925-1000","8":"product_tag-citrin","9":"product_tag-naramek","10":"product_tag-stribro-925-1000","12":"first","13":"instock","14":"sold-individually","15":"taxable","16":"shipping-taxable","17":"purchasable","18":"product-type-simple"},"acf":[],"uagb_featured_image_src":{"full":["https:\/\/4c.top-me.eu\/wp-content\/uploads\/2023\/06\/IMG_3823-scaled.jpg",0,0,false],"thumbnail":["https:\/\/4c.top-me.eu\/wp-content\/uploads\/2023\/06\/IMG_3823-scaled.jpg",1,1,false],"medium":["https:\/\/4c.top-me.eu\/wp-content\/uploads\/2023\/06\/IMG_3823-scaled.jpg",1,1,false],"medium_large":["https:\/\/4c.top-me.eu\/wp-content\/uploads\/2023\/06\/IMG_3823-scaled.jpg",1,1,false],"large":["https:\/\/4c.top-me.eu\/wp-content\/uploads\/2023\/06\/IMG_3823-scaled.jpg",1,1,false],"1536x1536":["https:\/\/4c.top-me.eu\/wp-content\/uploads\/2023\/06\/IMG_3823-scaled.jpg",1,1,false],"2048x2048":["https:\/\/4c.top-me.eu\/wp-content\/uploads\/2023\/06\/IMG_3823-scaled.jpg",1,1,false],"archive-list":["https:\/\/4c.top-me.eu\/wp-content\/uploads\/2023\/06\/IMG_3823-scaled.jpg",1,1,false],"archive-list-2":["https:\/\/4c.top-me.eu\/wp-content\/uploads\/2023\/06\/IMG_3823-scaled.jpg",1,1,false],"woocommerce_thumbnail":["https:\/\/4c.top-me.eu\/wp-content\/uploads\/2023\/06\/IMG_3823-scaled.jpg",1,1,false],"woocommerce_single":["https:\/\/4c.top-me.eu\/wp-content\/uploads\/2023\/06\/IMG_3823-scaled.jpg",1,1,false],"woocommerce_gallery_thumbnail":["https:\/\/4c.top-me.eu\/wp-content\/uploads\/2023\/06\/IMG_3823-scaled.jpg",1,1,false]},"uagb_author_info":{"display_name":"accordeonMaster","author_link":"https:\/\/4c.top-me.eu\/en\/author\/"},"uagb_comment_info":0,"uagb_excerpt":"P\u0159ekr\u00e1sn\u00fd n\u00e1ramek z brou\u0161en\u00fdch kor\u00e1lk\u016f citr\u00ednu. N\u00e1ramek je navle\u010den na \u017elut\u00e9 niti a je ru\u010dn\u011b prouzl\u00edkov\u00e1n. Pr\u016fm\u011br kor\u00e1lk\u016f je cca 8 mm. N\u00e1ramek m\u00e1 st\u0159\u00edbrn\u00e9 zap\u00edn\u00e1n\u00ed na pozlacenou klasickou karabinku, st\u0159\u00edbro Ag 925\/1000, d\u00e9lka zap\u00edn\u00e1n\u00ed je 2,5 cm. Celkov\u00e1 d\u00e9lka n\u00e1ramku je 18,9 cm. Celkov\u00e1 hmotnost je 12,6 g. K n\u00e1ramku lze zakoupit i n\u00e1hrdeln\u00edk","_links":{"self":[{"href":"https:\/\/4c.top-me.eu\/en\/wp-json\/wp\/v2\/product\/19852","targetHints":{"allow":["GET"]}}],"collection":[{"href":"https:\/\/4c.top-me.eu\/en\/wp-json\/wp\/v2\/product"}],"about":[{"href":"https:\/\/4c.top-me.eu\/en\/wp-json\/wp\/v2\/types\/product"}],"wp:featuredmedia":[{"embeddable":true,"href":"https:\/\/4c.top-me.eu\/en\/wp-json\/wp\/v2\/media\/19875"}],"wp:attachment":[{"href":"https:\/\/4c.top-me.eu\/en\/wp-json\/wp\/v2\/media?parent=19852"}],"wp:term":[{"taxonomy":"product_brand","embeddable":true,"href":"https:\/\/4c.top-me.eu\/en\/wp-json\/wp\/v2\/product_brand?post=19852"},{"taxonomy":"product_cat","embeddable":true,"href":"https:\/\/4c.top-me.eu\/en\/wp-json\/wp\/v2\/product_cat?post=19852"},{"taxonomy":"product_tag","embeddable":true,"href":"https:\/\/4c.top-me.eu\/en\/wp-json\/wp\/v2\/product_tag?post=19852"}],"curies":[{"name":"wp","href":"https:\/\/api.w.org\/{rel}","templated":true}]}}