{"id":18871,"date":"2023-06-02T08:40:29","date_gmt":"2023-06-02T08:40:29","guid":{"rendered":"https:\/\/fvgear.com\/?post_type=product&#038;p=18871"},"modified":"2023-06-02T08:46:29","modified_gmt":"2023-06-02T08:46:29","slug":"privesek-drahy-opal-4","status":"publish","type":"product","link":"https:\/\/4c.top-me.eu\/en\/product\/privesek-drahy-opal-4\/","title":{"rendered":"P\u0159\u00edv\u011bsek drah\u00fd op\u00e1l"},"content":{"rendered":"<p>N\u00e1dhern\u00fd origin\u00e1ln\u00ed p\u0159\u00edv\u011bsek s p\u0159ekr\u00e1sn\u00fdm etiopsk\u00fdm drah\u00fdm op\u00e1lem s \u00fa\u017easn\u00fdmi duhov\u00fdmi odlesky.<br \/>\nRozm\u011bry kamene jsou 14 x 9 x 5 mm. St\u0159\u00edbro 925\/1000, celkov\u00e1 hmotnost 3,4 g.<\/p>\n<p>(\u0158et\u00edzek nen\u00ed sou\u010d\u00e1st\u00ed produktu.)<\/p>\n","protected":false},"excerpt":{"rendered":"<p>N\u00e1dhern\u00fd origin\u00e1ln\u00ed p\u0159\u00edv\u011bsek s p\u0159ekr\u00e1sn\u00fdm etiopsk\u00fdm drah\u00fdm op\u00e1lem s \u00fa\u017easn\u00fdmi duhov\u00fdmi odlesky. Rozm\u011bry kamene jsou 14 x 9 x 5 mm. St\u0159\u00edbro 925\/1000, celkov\u00e1 hmotnost 3,4 g. (\u0158et\u00edzek nen\u00ed sou\u010d\u00e1st\u00ed produktu.)<\/p>\n","protected":false},"featured_media":18883,"template":"","meta":{"_acf_changed":false,"_uag_custom_page_level_css":""},"product_brand":[],"product_cat":[64,56],"product_tag":[157,110,117,87],"class_list":{"0":"post-18871","1":"product","2":"type-product","3":"status-publish","4":"has-post-thumbnail","6":"product_cat-privesky","7":"product_cat-privesky-a-nausnice-stribro-925-1000","8":"product_tag-drahy-opal","9":"product_tag-opal","10":"product_tag-privesek","11":"product_tag-stribro-925-1000","13":"first","14":"instock","15":"sold-individually","16":"taxable","17":"shipping-taxable","18":"purchasable","19":"product-type-simple"},"acf":[],"uagb_featured_image_src":{"full":["https:\/\/4c.top-me.eu\/wp-content\/uploads\/2023\/06\/IMG_3237-scaled.jpg",0,0,false],"thumbnail":["https:\/\/4c.top-me.eu\/wp-content\/uploads\/2023\/06\/IMG_3237-scaled.jpg",1,1,false],"medium":["https:\/\/4c.top-me.eu\/wp-content\/uploads\/2023\/06\/IMG_3237-scaled.jpg",1,1,false],"medium_large":["https:\/\/4c.top-me.eu\/wp-content\/uploads\/2023\/06\/IMG_3237-scaled.jpg",1,1,false],"large":["https:\/\/4c.top-me.eu\/wp-content\/uploads\/2023\/06\/IMG_3237-scaled.jpg",1,1,false],"1536x1536":["https:\/\/4c.top-me.eu\/wp-content\/uploads\/2023\/06\/IMG_3237-scaled.jpg",1,1,false],"2048x2048":["https:\/\/4c.top-me.eu\/wp-content\/uploads\/2023\/06\/IMG_3237-scaled.jpg",1,1,false],"archive-list":["https:\/\/4c.top-me.eu\/wp-content\/uploads\/2023\/06\/IMG_3237-scaled.jpg",1,1,false],"archive-list-2":["https:\/\/4c.top-me.eu\/wp-content\/uploads\/2023\/06\/IMG_3237-scaled.jpg",1,1,false],"woocommerce_thumbnail":["https:\/\/4c.top-me.eu\/wp-content\/uploads\/2023\/06\/IMG_3237-scaled.jpg",1,1,false],"woocommerce_single":["https:\/\/4c.top-me.eu\/wp-content\/uploads\/2023\/06\/IMG_3237-scaled.jpg",1,1,false],"woocommerce_gallery_thumbnail":["https:\/\/4c.top-me.eu\/wp-content\/uploads\/2023\/06\/IMG_3237-scaled.jpg",1,1,false]},"uagb_author_info":{"display_name":"accordeonMaster","author_link":"https:\/\/4c.top-me.eu\/en\/author\/"},"uagb_comment_info":0,"uagb_excerpt":"N\u00e1dhern\u00fd origin\u00e1ln\u00ed p\u0159\u00edv\u011bsek s p\u0159ekr\u00e1sn\u00fdm etiopsk\u00fdm drah\u00fdm op\u00e1lem s \u00fa\u017easn\u00fdmi duhov\u00fdmi odlesky. Rozm\u011bry kamene jsou 14 x 9 x 5 mm. St\u0159\u00edbro 925\/1000, celkov\u00e1 hmotnost 3,4 g. (\u0158et\u00edzek nen\u00ed sou\u010d\u00e1st\u00ed produktu.)","_links":{"self":[{"href":"https:\/\/4c.top-me.eu\/en\/wp-json\/wp\/v2\/product\/18871","targetHints":{"allow":["GET"]}}],"collection":[{"href":"https:\/\/4c.top-me.eu\/en\/wp-json\/wp\/v2\/product"}],"about":[{"href":"https:\/\/4c.top-me.eu\/en\/wp-json\/wp\/v2\/types\/product"}],"wp:featuredmedia":[{"embeddable":true,"href":"https:\/\/4c.top-me.eu\/en\/wp-json\/wp\/v2\/media\/18883"}],"wp:attachment":[{"href":"https:\/\/4c.top-me.eu\/en\/wp-json\/wp\/v2\/media?parent=18871"}],"wp:term":[{"taxonomy":"product_brand","embeddable":true,"href":"https:\/\/4c.top-me.eu\/en\/wp-json\/wp\/v2\/product_brand?post=18871"},{"taxonomy":"product_cat","embeddable":true,"href":"https:\/\/4c.top-me.eu\/en\/wp-json\/wp\/v2\/product_cat?post=18871"},{"taxonomy":"product_tag","embeddable":true,"href":"https:\/\/4c.top-me.eu\/en\/wp-json\/wp\/v2\/product_tag?post=18871"}],"curies":[{"name":"wp","href":"https:\/\/api.w.org\/{rel}","templated":true}]}}