{"id":18076,"date":"2023-05-12T15:05:44","date_gmt":"2023-05-12T15:05:44","guid":{"rendered":"https:\/\/fvgear.com\/?post_type=product&#038;p=18076"},"modified":"2023-05-12T15:25:14","modified_gmt":"2023-05-12T15:25:14","slug":"prsten-tygri-oko","status":"publish","type":"product","link":"https:\/\/4c.top-me.eu\/en\/product\/prsten-tygri-oko\/","title":{"rendered":"Prsten tyg\u0159\u00ed oko"},"content":{"rendered":"<p>Jedine\u010dn\u00fd prsten s n\u00e1dhern\u00fdm kabo\u0161onem tyg\u0159\u00edho oka s n\u00e1dhern\u00fdmi efektn\u00edmi odlesky.<br \/>\nRozm\u011bry kamene jsou 21 x 15 x 4 mm. St\u0159\u00edbro 925\/1000, celkov\u00e1 hmotnost 8,9 g. Velikost prstenu je mezi 55 a 56 (obvod prstenu v mm).<\/p>\n","protected":false},"excerpt":{"rendered":"<p>Jedine\u010dn\u00fd prsten s n\u00e1dhern\u00fdm kabo\u0161onem tyg\u0159\u00edho oka s n\u00e1dhern\u00fdmi efektn\u00edmi odlesky. Rozm\u011bry kamene jsou 21 x 15 x 4 mm. St\u0159\u00edbro 925\/1000, celkov\u00e1 hmotnost 8,9 g. Velikost prstenu je mezi 55 a 56 (obvod prstenu v mm).<\/p>\n","protected":false},"featured_media":18083,"template":"","meta":{"_acf_changed":false,"_uag_custom_page_level_css":""},"product_brand":[],"product_cat":[241,242],"product_tag":[240,87,238],"class_list":{"0":"post-18076","1":"product","2":"type-product","3":"status-publish","4":"has-post-thumbnail","6":"product_cat-prsteny-s-prirodnimi-kameny","7":"product_cat-prsteny-s-prirodnimi-kameny-stribro-925-1000","8":"product_tag-prsten","9":"product_tag-stribro-925-1000","10":"product_tag-tygri-oko","12":"first","13":"instock","14":"sold-individually","15":"taxable","16":"shipping-taxable","17":"purchasable","18":"product-type-simple"},"acf":[],"uagb_featured_image_src":{"full":["https:\/\/4c.top-me.eu\/wp-content\/uploads\/2023\/05\/IMG_9498-scaled.jpg",0,0,false],"thumbnail":["https:\/\/4c.top-me.eu\/wp-content\/uploads\/2023\/05\/IMG_9498-scaled.jpg",1,1,false],"medium":["https:\/\/4c.top-me.eu\/wp-content\/uploads\/2023\/05\/IMG_9498-scaled.jpg",1,1,false],"medium_large":["https:\/\/4c.top-me.eu\/wp-content\/uploads\/2023\/05\/IMG_9498-scaled.jpg",1,1,false],"large":["https:\/\/4c.top-me.eu\/wp-content\/uploads\/2023\/05\/IMG_9498-scaled.jpg",1,1,false],"1536x1536":["https:\/\/4c.top-me.eu\/wp-content\/uploads\/2023\/05\/IMG_9498-scaled.jpg",1,1,false],"2048x2048":["https:\/\/4c.top-me.eu\/wp-content\/uploads\/2023\/05\/IMG_9498-scaled.jpg",1,1,false],"archive-list":["https:\/\/4c.top-me.eu\/wp-content\/uploads\/2023\/05\/IMG_9498-scaled.jpg",1,1,false],"archive-list-2":["https:\/\/4c.top-me.eu\/wp-content\/uploads\/2023\/05\/IMG_9498-scaled.jpg",1,1,false],"woocommerce_thumbnail":["https:\/\/4c.top-me.eu\/wp-content\/uploads\/2023\/05\/IMG_9498-scaled.jpg",1,1,false],"woocommerce_single":["https:\/\/4c.top-me.eu\/wp-content\/uploads\/2023\/05\/IMG_9498-scaled.jpg",1,1,false],"woocommerce_gallery_thumbnail":["https:\/\/4c.top-me.eu\/wp-content\/uploads\/2023\/05\/IMG_9498-scaled.jpg",1,1,false]},"uagb_author_info":{"display_name":"accordeonMaster","author_link":"https:\/\/4c.top-me.eu\/en\/author\/"},"uagb_comment_info":0,"uagb_excerpt":"Jedine\u010dn\u00fd prsten s n\u00e1dhern\u00fdm kabo\u0161onem tyg\u0159\u00edho oka s n\u00e1dhern\u00fdmi efektn\u00edmi odlesky. Rozm\u011bry kamene jsou 21 x 15 x 4 mm. St\u0159\u00edbro 925\/1000, celkov\u00e1 hmotnost 8,9 g. Velikost prstenu je mezi 55 a 56 (obvod prstenu v mm).","_links":{"self":[{"href":"https:\/\/4c.top-me.eu\/en\/wp-json\/wp\/v2\/product\/18076","targetHints":{"allow":["GET"]}}],"collection":[{"href":"https:\/\/4c.top-me.eu\/en\/wp-json\/wp\/v2\/product"}],"about":[{"href":"https:\/\/4c.top-me.eu\/en\/wp-json\/wp\/v2\/types\/product"}],"wp:featuredmedia":[{"embeddable":true,"href":"https:\/\/4c.top-me.eu\/en\/wp-json\/wp\/v2\/media\/18083"}],"wp:attachment":[{"href":"https:\/\/4c.top-me.eu\/en\/wp-json\/wp\/v2\/media?parent=18076"}],"wp:term":[{"taxonomy":"product_brand","embeddable":true,"href":"https:\/\/4c.top-me.eu\/en\/wp-json\/wp\/v2\/product_brand?post=18076"},{"taxonomy":"product_cat","embeddable":true,"href":"https:\/\/4c.top-me.eu\/en\/wp-json\/wp\/v2\/product_cat?post=18076"},{"taxonomy":"product_tag","embeddable":true,"href":"https:\/\/4c.top-me.eu\/en\/wp-json\/wp\/v2\/product_tag?post=18076"}],"curies":[{"name":"wp","href":"https:\/\/api.w.org\/{rel}","templated":true}]}}