{"id":17998,"date":"2023-05-12T12:29:59","date_gmt":"2023-05-12T12:29:59","guid":{"rendered":"https:\/\/fvgear.com\/?post_type=product&#038;p=17998"},"modified":"2023-05-12T12:32:08","modified_gmt":"2023-05-12T12:32:08","slug":"prsten-sagenit-3","status":"publish","type":"product","link":"https:\/\/4c.top-me.eu\/en\/product\/prsten-sagenit-3\/","title":{"rendered":"Prsten sagenit"},"content":{"rendered":"<p>Jedine\u010dn\u00fd prsten s n\u00e1dhern\u00fdm kabo\u0161onem sagenitu (jehlice rutilu zarostl\u00e9 v pr\u016fhledn\u00e9m k\u0159i\u0161\u0165\u00e1lu \u2013 tzv. sagenit nebo tak\u00e9 \u201evenu\u0161iny vlasy\u201c).<br \/>\nRozm\u011bry kamene jsou 20 x 14 x 6 mm. St\u0159\u00edbro 925\/1000, celkov\u00e1 hmotnost 9,1 g. Velikost prstenu je mezi 55 a 56 (obvod prstenu v mm).<\/p>\n","protected":false},"excerpt":{"rendered":"<p>Jedine\u010dn\u00fd prsten s n\u00e1dhern\u00fdm kabo\u0161onem sagenitu (jehlice rutilu zarostl\u00e9 v pr\u016fhledn\u00e9m k\u0159i\u0161\u0165\u00e1lu \u2013 tzv. sagenit nebo tak\u00e9 \u201evenu\u0161iny vlasy\u201c). Rozm\u011bry kamene jsou 20 x 14 x 6 mm. St\u0159\u00edbro 925\/1000, celkov\u00e1 hmotnost 9,1 g. Velikost prstenu je mezi 55 a 56 (obvod prstenu v mm).<\/p>\n","protected":false},"featured_media":18034,"template":"","meta":{"_acf_changed":false,"_uag_custom_page_level_css":""},"product_brand":[],"product_cat":[241,242],"product_tag":[240,129,87],"class_list":{"0":"post-17998","1":"product","2":"type-product","3":"status-publish","4":"has-post-thumbnail","6":"product_cat-prsteny-s-prirodnimi-kameny","7":"product_cat-prsteny-s-prirodnimi-kameny-stribro-925-1000","8":"product_tag-prsten","9":"product_tag-sagenit","10":"product_tag-stribro-925-1000","12":"first","13":"instock","14":"sold-individually","15":"taxable","16":"shipping-taxable","17":"purchasable","18":"product-type-simple"},"acf":[],"uagb_featured_image_src":{"full":["https:\/\/4c.top-me.eu\/wp-content\/uploads\/2023\/05\/IMG_9473-scaled.jpg",0,0,false],"thumbnail":["https:\/\/4c.top-me.eu\/wp-content\/uploads\/2023\/05\/IMG_9473-scaled.jpg",1,1,false],"medium":["https:\/\/4c.top-me.eu\/wp-content\/uploads\/2023\/05\/IMG_9473-scaled.jpg",1,1,false],"medium_large":["https:\/\/4c.top-me.eu\/wp-content\/uploads\/2023\/05\/IMG_9473-scaled.jpg",1,1,false],"large":["https:\/\/4c.top-me.eu\/wp-content\/uploads\/2023\/05\/IMG_9473-scaled.jpg",1,1,false],"1536x1536":["https:\/\/4c.top-me.eu\/wp-content\/uploads\/2023\/05\/IMG_9473-scaled.jpg",1,1,false],"2048x2048":["https:\/\/4c.top-me.eu\/wp-content\/uploads\/2023\/05\/IMG_9473-scaled.jpg",1,1,false],"archive-list":["https:\/\/4c.top-me.eu\/wp-content\/uploads\/2023\/05\/IMG_9473-scaled.jpg",1,1,false],"archive-list-2":["https:\/\/4c.top-me.eu\/wp-content\/uploads\/2023\/05\/IMG_9473-scaled.jpg",1,1,false],"woocommerce_thumbnail":["https:\/\/4c.top-me.eu\/wp-content\/uploads\/2023\/05\/IMG_9473-scaled.jpg",1,1,false],"woocommerce_single":["https:\/\/4c.top-me.eu\/wp-content\/uploads\/2023\/05\/IMG_9473-scaled.jpg",1,1,false],"woocommerce_gallery_thumbnail":["https:\/\/4c.top-me.eu\/wp-content\/uploads\/2023\/05\/IMG_9473-scaled.jpg",1,1,false]},"uagb_author_info":{"display_name":"accordeonMaster","author_link":"https:\/\/4c.top-me.eu\/en\/author\/"},"uagb_comment_info":0,"uagb_excerpt":"Jedine\u010dn\u00fd prsten s n\u00e1dhern\u00fdm kabo\u0161onem sagenitu (jehlice rutilu zarostl\u00e9 v pr\u016fhledn\u00e9m k\u0159i\u0161\u0165\u00e1lu \u2013 tzv. sagenit nebo tak\u00e9 \u201evenu\u0161iny vlasy\u201c). Rozm\u011bry kamene jsou 20 x 14 x 6 mm. St\u0159\u00edbro 925\/1000, celkov\u00e1 hmotnost 9,1 g. Velikost prstenu je mezi 55 a 56 (obvod prstenu v mm).","_links":{"self":[{"href":"https:\/\/4c.top-me.eu\/en\/wp-json\/wp\/v2\/product\/17998","targetHints":{"allow":["GET"]}}],"collection":[{"href":"https:\/\/4c.top-me.eu\/en\/wp-json\/wp\/v2\/product"}],"about":[{"href":"https:\/\/4c.top-me.eu\/en\/wp-json\/wp\/v2\/types\/product"}],"wp:featuredmedia":[{"embeddable":true,"href":"https:\/\/4c.top-me.eu\/en\/wp-json\/wp\/v2\/media\/18034"}],"wp:attachment":[{"href":"https:\/\/4c.top-me.eu\/en\/wp-json\/wp\/v2\/media?parent=17998"}],"wp:term":[{"taxonomy":"product_brand","embeddable":true,"href":"https:\/\/4c.top-me.eu\/en\/wp-json\/wp\/v2\/product_brand?post=17998"},{"taxonomy":"product_cat","embeddable":true,"href":"https:\/\/4c.top-me.eu\/en\/wp-json\/wp\/v2\/product_cat?post=17998"},{"taxonomy":"product_tag","embeddable":true,"href":"https:\/\/4c.top-me.eu\/en\/wp-json\/wp\/v2\/product_tag?post=17998"}],"curies":[{"name":"wp","href":"https:\/\/api.w.org\/{rel}","templated":true}]}}