{"id":17910,"date":"2023-05-11T16:33:16","date_gmt":"2023-05-11T16:33:16","guid":{"rendered":"https:\/\/fvgear.com\/?post_type=product&#038;p=17910"},"modified":"2024-03-04T12:48:25","modified_gmt":"2024-03-04T12:48:25","slug":"prsten-drahy-opal-3","status":"publish","type":"product","link":"https:\/\/4c.top-me.eu\/en\/product\/prsten-drahy-opal-3\/","title":{"rendered":"Prsten drah\u00fd op\u00e1l"},"content":{"rendered":"<p>Prsten s n\u00e1dhern\u00fdm australsk\u00fdm drah\u00fdm op\u00e1lem s jemn\u00fdmi duhov\u00fdmi odlesky, vy\u0159ez\u00e1van\u00fdm do tvaru listu nebo p\u00edrka.<br \/>\nRozm\u011bry kamene jsou 25 x 15 x 4 mm. St\u0159\u00edbro 925\/1000, celkov\u00e1 hmotnost 6 g. Velikost prstenu je mezi 59 a 60 (obvod prstenu v mm).<\/p>\n","protected":false},"excerpt":{"rendered":"<p>Prsten s n\u00e1dhern\u00fdm australsk\u00fdm drah\u00fdm op\u00e1lem s jemn\u00fdmi duhov\u00fdmi odlesky, vy\u0159ez\u00e1van\u00fdm do tvaru listu nebo p\u00edrka. Rozm\u011bry kamene jsou 25 x 15 x 4 mm. St\u0159\u00edbro 925\/1000, celkov\u00e1 hmotnost 6 g. Velikost prstenu je mezi 59 a 60 (obvod prstenu v mm).<\/p>\n","protected":false},"featured_media":17929,"template":"","meta":{"_acf_changed":false,"_uag_custom_page_level_css":""},"product_brand":[],"product_cat":[206,241,242],"product_tag":[157,110,240,87],"class_list":{"0":"post-17910","1":"product","2":"type-product","3":"status-publish","4":"has-post-thumbnail","6":"product_cat-doporucene","7":"product_cat-prsteny-s-prirodnimi-kameny","8":"product_cat-prsteny-s-prirodnimi-kameny-stribro-925-1000","9":"product_tag-drahy-opal","10":"product_tag-opal","11":"product_tag-prsten","12":"product_tag-stribro-925-1000","14":"first","15":"instock","16":"sold-individually","17":"taxable","18":"shipping-taxable","19":"purchasable","20":"product-type-simple"},"acf":[],"uagb_featured_image_src":{"full":["https:\/\/4c.top-me.eu\/wp-content\/uploads\/2023\/05\/IMG_9421-scaled.jpg",0,0,false],"thumbnail":["https:\/\/4c.top-me.eu\/wp-content\/uploads\/2023\/05\/IMG_9421-scaled.jpg",1,1,false],"medium":["https:\/\/4c.top-me.eu\/wp-content\/uploads\/2023\/05\/IMG_9421-scaled.jpg",1,1,false],"medium_large":["https:\/\/4c.top-me.eu\/wp-content\/uploads\/2023\/05\/IMG_9421-scaled.jpg",1,1,false],"large":["https:\/\/4c.top-me.eu\/wp-content\/uploads\/2023\/05\/IMG_9421-scaled.jpg",1,1,false],"1536x1536":["https:\/\/4c.top-me.eu\/wp-content\/uploads\/2023\/05\/IMG_9421-scaled.jpg",1,1,false],"2048x2048":["https:\/\/4c.top-me.eu\/wp-content\/uploads\/2023\/05\/IMG_9421-scaled.jpg",1,1,false],"archive-list":["https:\/\/4c.top-me.eu\/wp-content\/uploads\/2023\/05\/IMG_9421-scaled.jpg",1,1,false],"archive-list-2":["https:\/\/4c.top-me.eu\/wp-content\/uploads\/2023\/05\/IMG_9421-scaled.jpg",1,1,false],"woocommerce_thumbnail":["https:\/\/4c.top-me.eu\/wp-content\/uploads\/2023\/05\/IMG_9421-scaled.jpg",1,1,false],"woocommerce_single":["https:\/\/4c.top-me.eu\/wp-content\/uploads\/2023\/05\/IMG_9421-scaled.jpg",1,1,false],"woocommerce_gallery_thumbnail":["https:\/\/4c.top-me.eu\/wp-content\/uploads\/2023\/05\/IMG_9421-scaled.jpg",1,1,false]},"uagb_author_info":{"display_name":"accordeonMaster","author_link":"https:\/\/4c.top-me.eu\/en\/author\/"},"uagb_comment_info":0,"uagb_excerpt":"Prsten s n\u00e1dhern\u00fdm australsk\u00fdm drah\u00fdm op\u00e1lem s jemn\u00fdmi duhov\u00fdmi odlesky, vy\u0159ez\u00e1van\u00fdm do tvaru listu nebo p\u00edrka. Rozm\u011bry kamene jsou 25 x 15 x 4 mm. St\u0159\u00edbro 925\/1000, celkov\u00e1 hmotnost 6 g. Velikost prstenu je mezi 59 a 60 (obvod prstenu v mm).","_links":{"self":[{"href":"https:\/\/4c.top-me.eu\/en\/wp-json\/wp\/v2\/product\/17910","targetHints":{"allow":["GET"]}}],"collection":[{"href":"https:\/\/4c.top-me.eu\/en\/wp-json\/wp\/v2\/product"}],"about":[{"href":"https:\/\/4c.top-me.eu\/en\/wp-json\/wp\/v2\/types\/product"}],"wp:featuredmedia":[{"embeddable":true,"href":"https:\/\/4c.top-me.eu\/en\/wp-json\/wp\/v2\/media\/17929"}],"wp:attachment":[{"href":"https:\/\/4c.top-me.eu\/en\/wp-json\/wp\/v2\/media?parent=17910"}],"wp:term":[{"taxonomy":"product_brand","embeddable":true,"href":"https:\/\/4c.top-me.eu\/en\/wp-json\/wp\/v2\/product_brand?post=17910"},{"taxonomy":"product_cat","embeddable":true,"href":"https:\/\/4c.top-me.eu\/en\/wp-json\/wp\/v2\/product_cat?post=17910"},{"taxonomy":"product_tag","embeddable":true,"href":"https:\/\/4c.top-me.eu\/en\/wp-json\/wp\/v2\/product_tag?post=17910"}],"curies":[{"name":"wp","href":"https:\/\/api.w.org\/{rel}","templated":true}]}}