{"id":17830,"date":"2023-05-11T16:04:56","date_gmt":"2023-05-11T16:04:56","guid":{"rendered":"https:\/\/fvgear.com\/?post_type=product&#038;p=17830"},"modified":"2023-05-11T16:07:26","modified_gmt":"2023-05-11T16:07:26","slug":"prsten-uvarovit","status":"publish","type":"product","link":"https:\/\/4c.top-me.eu\/en\/product\/prsten-uvarovit\/","title":{"rendered":"Prsten uvarovit"},"content":{"rendered":"<p>Prsten s p\u0159ekr\u00e1snou, jemn\u011b t\u0159pytivou dr\u00fazou n\u00e1dhern\u00e9ho, syt\u011b zelen\u00e9ho gran\u00e1tu -uvarovitu, p\u0159\u00edrodn\u011b narostlou na kameni.<br \/>\nRozm\u011bry kamene jsou 11 x 10 x 1 mm. St\u0159\u00edbro 925\/1000, celkov\u00e1 hmotnost 8,1 g. Velikost prstenu je mezi 53 a 54 (obvod prstenu v mm).<\/p>\n","protected":false},"excerpt":{"rendered":"<p>Prsten s p\u0159ekr\u00e1snou, jemn\u011b t\u0159pytivou dr\u00fazou n\u00e1dhern\u00e9ho, syt\u011b zelen\u00e9ho gran\u00e1tu -uvarovitu, p\u0159\u00edrodn\u011b narostlou na kameni. Rozm\u011bry kamene jsou 11 x 10 x 1 mm. St\u0159\u00edbro 925\/1000, celkov\u00e1 hmotnost 8,1 g. Velikost prstenu je mezi 53 a 54 (obvod prstenu v mm).<\/p>\n","protected":false},"featured_media":17881,"template":"","meta":{"_acf_changed":false,"_uag_custom_page_level_css":""},"product_brand":[],"product_cat":[241,242],"product_tag":[112,240,87,297],"class_list":{"0":"post-17830","1":"product","2":"type-product","3":"status-publish","4":"has-post-thumbnail","6":"product_cat-prsteny-s-prirodnimi-kameny","7":"product_cat-prsteny-s-prirodnimi-kameny-stribro-925-1000","8":"product_tag-granat","9":"product_tag-prsten","10":"product_tag-stribro-925-1000","11":"product_tag-uvarovit","13":"first","14":"instock","15":"sold-individually","16":"taxable","17":"shipping-taxable","18":"purchasable","19":"product-type-simple"},"acf":[],"uagb_featured_image_src":{"full":["https:\/\/4c.top-me.eu\/wp-content\/uploads\/2023\/05\/IMG_9245-scaled.jpg",0,0,false],"thumbnail":["https:\/\/4c.top-me.eu\/wp-content\/uploads\/2023\/05\/IMG_9245-scaled.jpg",1,1,false],"medium":["https:\/\/4c.top-me.eu\/wp-content\/uploads\/2023\/05\/IMG_9245-scaled.jpg",1,1,false],"medium_large":["https:\/\/4c.top-me.eu\/wp-content\/uploads\/2023\/05\/IMG_9245-scaled.jpg",1,1,false],"large":["https:\/\/4c.top-me.eu\/wp-content\/uploads\/2023\/05\/IMG_9245-scaled.jpg",1,1,false],"1536x1536":["https:\/\/4c.top-me.eu\/wp-content\/uploads\/2023\/05\/IMG_9245-scaled.jpg",1,1,false],"2048x2048":["https:\/\/4c.top-me.eu\/wp-content\/uploads\/2023\/05\/IMG_9245-scaled.jpg",1,1,false],"archive-list":["https:\/\/4c.top-me.eu\/wp-content\/uploads\/2023\/05\/IMG_9245-scaled.jpg",1,1,false],"archive-list-2":["https:\/\/4c.top-me.eu\/wp-content\/uploads\/2023\/05\/IMG_9245-scaled.jpg",1,1,false],"woocommerce_thumbnail":["https:\/\/4c.top-me.eu\/wp-content\/uploads\/2023\/05\/IMG_9245-scaled.jpg",1,1,false],"woocommerce_single":["https:\/\/4c.top-me.eu\/wp-content\/uploads\/2023\/05\/IMG_9245-scaled.jpg",1,1,false],"woocommerce_gallery_thumbnail":["https:\/\/4c.top-me.eu\/wp-content\/uploads\/2023\/05\/IMG_9245-scaled.jpg",1,1,false]},"uagb_author_info":{"display_name":"accordeonMaster","author_link":"https:\/\/4c.top-me.eu\/en\/author\/"},"uagb_comment_info":0,"uagb_excerpt":"Prsten s p\u0159ekr\u00e1snou, jemn\u011b t\u0159pytivou dr\u00fazou n\u00e1dhern\u00e9ho, syt\u011b zelen\u00e9ho gran\u00e1tu -uvarovitu, p\u0159\u00edrodn\u011b narostlou na kameni. Rozm\u011bry kamene jsou 11 x 10 x 1 mm. St\u0159\u00edbro 925\/1000, celkov\u00e1 hmotnost 8,1 g. Velikost prstenu je mezi 53 a 54 (obvod prstenu v mm).","_links":{"self":[{"href":"https:\/\/4c.top-me.eu\/en\/wp-json\/wp\/v2\/product\/17830","targetHints":{"allow":["GET"]}}],"collection":[{"href":"https:\/\/4c.top-me.eu\/en\/wp-json\/wp\/v2\/product"}],"about":[{"href":"https:\/\/4c.top-me.eu\/en\/wp-json\/wp\/v2\/types\/product"}],"wp:featuredmedia":[{"embeddable":true,"href":"https:\/\/4c.top-me.eu\/en\/wp-json\/wp\/v2\/media\/17881"}],"wp:attachment":[{"href":"https:\/\/4c.top-me.eu\/en\/wp-json\/wp\/v2\/media?parent=17830"}],"wp:term":[{"taxonomy":"product_brand","embeddable":true,"href":"https:\/\/4c.top-me.eu\/en\/wp-json\/wp\/v2\/product_brand?post=17830"},{"taxonomy":"product_cat","embeddable":true,"href":"https:\/\/4c.top-me.eu\/en\/wp-json\/wp\/v2\/product_cat?post=17830"},{"taxonomy":"product_tag","embeddable":true,"href":"https:\/\/4c.top-me.eu\/en\/wp-json\/wp\/v2\/product_tag?post=17830"}],"curies":[{"name":"wp","href":"https:\/\/api.w.org\/{rel}","templated":true}]}}