{"id":17647,"date":"2023-05-05T16:17:40","date_gmt":"2023-05-05T16:17:40","guid":{"rendered":"https:\/\/fvgear.com\/?post_type=product&#038;p=17647"},"modified":"2023-05-05T16:25:56","modified_gmt":"2023-05-05T16:25:56","slug":"prsten-slunecni-kamen-2","status":"publish","type":"product","link":"https:\/\/4c.top-me.eu\/en\/product\/prsten-slunecni-kamen-2\/","title":{"rendered":"Prsten slune\u010dn\u00ed k\u00e1men"},"content":{"rendered":"<p>Jedine\u010dn\u00fd prsten s n\u00e1dhern\u00fdm kabo\u0161onem slune\u010dn\u00edho kamene s n\u00e1dhern\u00fdmi efektn\u00edmi odlesky.<br \/>\nRozm\u011bry kamene jsou 16 x 10 x 5 mm. St\u0159\u00edbro 925\/1000, celkov\u00e1 hmotnost 6,26 g. Velikost prstenu je 57 (obvod prstenu v mm).<\/p>\n","protected":false},"excerpt":{"rendered":"<p>Jedine\u010dn\u00fd prsten s n\u00e1dhern\u00fdm kabo\u0161onem slune\u010dn\u00edho kamene s n\u00e1dhern\u00fdmi efektn\u00edmi odlesky. Rozm\u011bry kamene jsou 16 x 10 x 5 mm. St\u0159\u00edbro 925\/1000, celkov\u00e1 hmotnost 6,26 g. Velikost prstenu je 57 (obvod prstenu v mm).<\/p>\n","protected":false},"featured_media":17666,"template":"","meta":{"_acf_changed":false,"_uag_custom_page_level_css":""},"product_brand":[],"product_cat":[241,242],"product_tag":[240,93,87],"class_list":{"0":"post-17647","1":"product","2":"type-product","3":"status-publish","4":"has-post-thumbnail","6":"product_cat-prsteny-s-prirodnimi-kameny","7":"product_cat-prsteny-s-prirodnimi-kameny-stribro-925-1000","8":"product_tag-prsten","9":"product_tag-slunecni-kamen","10":"product_tag-stribro-925-1000","12":"first","13":"instock","14":"sold-individually","15":"taxable","16":"shipping-taxable","17":"purchasable","18":"product-type-simple"},"acf":[],"uagb_featured_image_src":{"full":["https:\/\/4c.top-me.eu\/wp-content\/uploads\/2023\/05\/IMG_9086-scaled.jpg",0,0,false],"thumbnail":["https:\/\/4c.top-me.eu\/wp-content\/uploads\/2023\/05\/IMG_9086-scaled.jpg",1,1,false],"medium":["https:\/\/4c.top-me.eu\/wp-content\/uploads\/2023\/05\/IMG_9086-scaled.jpg",1,1,false],"medium_large":["https:\/\/4c.top-me.eu\/wp-content\/uploads\/2023\/05\/IMG_9086-scaled.jpg",1,1,false],"large":["https:\/\/4c.top-me.eu\/wp-content\/uploads\/2023\/05\/IMG_9086-scaled.jpg",1,1,false],"1536x1536":["https:\/\/4c.top-me.eu\/wp-content\/uploads\/2023\/05\/IMG_9086-scaled.jpg",1,1,false],"2048x2048":["https:\/\/4c.top-me.eu\/wp-content\/uploads\/2023\/05\/IMG_9086-scaled.jpg",1,1,false],"archive-list":["https:\/\/4c.top-me.eu\/wp-content\/uploads\/2023\/05\/IMG_9086-scaled.jpg",1,1,false],"archive-list-2":["https:\/\/4c.top-me.eu\/wp-content\/uploads\/2023\/05\/IMG_9086-scaled.jpg",1,1,false],"woocommerce_thumbnail":["https:\/\/4c.top-me.eu\/wp-content\/uploads\/2023\/05\/IMG_9086-scaled.jpg",1,1,false],"woocommerce_single":["https:\/\/4c.top-me.eu\/wp-content\/uploads\/2023\/05\/IMG_9086-scaled.jpg",1,1,false],"woocommerce_gallery_thumbnail":["https:\/\/4c.top-me.eu\/wp-content\/uploads\/2023\/05\/IMG_9086-scaled.jpg",1,1,false]},"uagb_author_info":{"display_name":"accordeonMaster","author_link":"https:\/\/4c.top-me.eu\/en\/author\/"},"uagb_comment_info":0,"uagb_excerpt":"Jedine\u010dn\u00fd prsten s n\u00e1dhern\u00fdm kabo\u0161onem slune\u010dn\u00edho kamene s n\u00e1dhern\u00fdmi efektn\u00edmi odlesky. Rozm\u011bry kamene jsou 16 x 10 x 5 mm. St\u0159\u00edbro 925\/1000, celkov\u00e1 hmotnost 6,26 g. Velikost prstenu je 57 (obvod prstenu v mm).","_links":{"self":[{"href":"https:\/\/4c.top-me.eu\/en\/wp-json\/wp\/v2\/product\/17647","targetHints":{"allow":["GET"]}}],"collection":[{"href":"https:\/\/4c.top-me.eu\/en\/wp-json\/wp\/v2\/product"}],"about":[{"href":"https:\/\/4c.top-me.eu\/en\/wp-json\/wp\/v2\/types\/product"}],"wp:featuredmedia":[{"embeddable":true,"href":"https:\/\/4c.top-me.eu\/en\/wp-json\/wp\/v2\/media\/17666"}],"wp:attachment":[{"href":"https:\/\/4c.top-me.eu\/en\/wp-json\/wp\/v2\/media?parent=17647"}],"wp:term":[{"taxonomy":"product_brand","embeddable":true,"href":"https:\/\/4c.top-me.eu\/en\/wp-json\/wp\/v2\/product_brand?post=17647"},{"taxonomy":"product_cat","embeddable":true,"href":"https:\/\/4c.top-me.eu\/en\/wp-json\/wp\/v2\/product_cat?post=17647"},{"taxonomy":"product_tag","embeddable":true,"href":"https:\/\/4c.top-me.eu\/en\/wp-json\/wp\/v2\/product_tag?post=17647"}],"curies":[{"name":"wp","href":"https:\/\/api.w.org\/{rel}","templated":true}]}}