{"id":17329,"date":"2023-05-05T10:12:38","date_gmt":"2023-05-05T10:12:38","guid":{"rendered":"https:\/\/fvgear.com\/?post_type=product&#038;p=17329"},"modified":"2024-10-17T14:51:34","modified_gmt":"2024-10-17T14:51:34","slug":"prsten-zeleny-chalcedon-a-prehnit","status":"publish","type":"product","link":"https:\/\/4c.top-me.eu\/en\/product\/prsten-zeleny-chalcedon-a-prehnit\/","title":{"rendered":"Prsten zelen\u00fd chalcedon a prehnit"},"content":{"rendered":"<p>Origin\u00e1ln\u00ed prsten s n\u00e1dhern\u00fdm syt\u011b barevn\u00fdm zelen\u00fdm chalcedonem a dv\u011bma jemn\u011b sv\u011btle zelen\u00fdmi kabo\u0161ony prehnitu po stran\u00e1ch.<br \/>\nRozm\u011bry zelen\u00e9ho chalcedonu jsou 20 x 10 x 5 mm. Rozm\u011bry prehnit\u016f po stran\u00e1ch 10 x 10 x 2 mm. St\u0159\u00edbro 925\/1000, celkov\u00e1 hmotnost 11,35 g. Velikost prstenu je mezi 56 a 57 (obvod prstenu v mm).<\/p>\n","protected":false},"excerpt":{"rendered":"<p>Origin\u00e1ln\u00ed prsten s n\u00e1dhern\u00fdm syt\u011b barevn\u00fdm zelen\u00fdm chalcedonem a dv\u011bma jemn\u011b sv\u011btle zelen\u00fdmi kabo\u0161ony prehnitu po stran\u00e1ch. Rozm\u011bry zelen\u00e9ho chalcedonu jsou 20 x 10 x 5 mm. Rozm\u011bry prehnit\u016f po stran\u00e1ch 10 x 10 x 2 mm. St\u0159\u00edbro 925\/1000, celkov\u00e1 hmotnost 11,35 g. Velikost prstenu je mezi 56 a 57 (obvod prstenu v mm).<\/p>\n","protected":false},"featured_media":17375,"template":"","meta":{"_acf_changed":false,"_uag_custom_page_level_css":""},"product_brand":[],"product_cat":[241,242],"product_tag":[208,258,240,87,296],"class_list":{"0":"post-17329","1":"product","2":"type-product","3":"status-publish","4":"has-post-thumbnail","6":"product_cat-prsteny-s-prirodnimi-kameny","7":"product_cat-prsteny-s-prirodnimi-kameny-stribro-925-1000","8":"product_tag-chalcedon","9":"product_tag-prehnit","10":"product_tag-prsten","11":"product_tag-stribro-925-1000","12":"product_tag-zeleny-chalcedon","14":"first","15":"instock","16":"sold-individually","17":"taxable","18":"shipping-taxable","19":"purchasable","20":"product-type-simple"},"acf":[],"uagb_featured_image_src":{"full":["https:\/\/4c.top-me.eu\/wp-content\/uploads\/2023\/05\/IMG_8829-scaled.jpg",0,0,false],"thumbnail":["https:\/\/4c.top-me.eu\/wp-content\/uploads\/2023\/05\/IMG_8829-scaled.jpg",1,1,false],"medium":["https:\/\/4c.top-me.eu\/wp-content\/uploads\/2023\/05\/IMG_8829-scaled.jpg",1,1,false],"medium_large":["https:\/\/4c.top-me.eu\/wp-content\/uploads\/2023\/05\/IMG_8829-scaled.jpg",1,1,false],"large":["https:\/\/4c.top-me.eu\/wp-content\/uploads\/2023\/05\/IMG_8829-scaled.jpg",1,1,false],"1536x1536":["https:\/\/4c.top-me.eu\/wp-content\/uploads\/2023\/05\/IMG_8829-scaled.jpg",1,1,false],"2048x2048":["https:\/\/4c.top-me.eu\/wp-content\/uploads\/2023\/05\/IMG_8829-scaled.jpg",1,1,false],"archive-list":["https:\/\/4c.top-me.eu\/wp-content\/uploads\/2023\/05\/IMG_8829-scaled.jpg",1,1,false],"archive-list-2":["https:\/\/4c.top-me.eu\/wp-content\/uploads\/2023\/05\/IMG_8829-scaled.jpg",1,1,false],"woocommerce_thumbnail":["https:\/\/4c.top-me.eu\/wp-content\/uploads\/2023\/05\/IMG_8829-scaled.jpg",1,1,false],"woocommerce_single":["https:\/\/4c.top-me.eu\/wp-content\/uploads\/2023\/05\/IMG_8829-scaled.jpg",1,1,false],"woocommerce_gallery_thumbnail":["https:\/\/4c.top-me.eu\/wp-content\/uploads\/2023\/05\/IMG_8829-scaled.jpg",1,1,false]},"uagb_author_info":{"display_name":"accordeonMaster","author_link":"https:\/\/4c.top-me.eu\/en\/author\/"},"uagb_comment_info":0,"uagb_excerpt":"Origin\u00e1ln\u00ed prsten s n\u00e1dhern\u00fdm syt\u011b barevn\u00fdm zelen\u00fdm chalcedonem a dv\u011bma jemn\u011b sv\u011btle zelen\u00fdmi kabo\u0161ony prehnitu po stran\u00e1ch. Rozm\u011bry zelen\u00e9ho chalcedonu jsou 20 x 10 x 5 mm. Rozm\u011bry prehnit\u016f po stran\u00e1ch 10 x 10 x 2 mm. St\u0159\u00edbro 925\/1000, celkov\u00e1 hmotnost 11,35 g. Velikost prstenu je mezi 56 a 57 (obvod prstenu v mm).","_links":{"self":[{"href":"https:\/\/4c.top-me.eu\/en\/wp-json\/wp\/v2\/product\/17329","targetHints":{"allow":["GET"]}}],"collection":[{"href":"https:\/\/4c.top-me.eu\/en\/wp-json\/wp\/v2\/product"}],"about":[{"href":"https:\/\/4c.top-me.eu\/en\/wp-json\/wp\/v2\/types\/product"}],"wp:featuredmedia":[{"embeddable":true,"href":"https:\/\/4c.top-me.eu\/en\/wp-json\/wp\/v2\/media\/17375"}],"wp:attachment":[{"href":"https:\/\/4c.top-me.eu\/en\/wp-json\/wp\/v2\/media?parent=17329"}],"wp:term":[{"taxonomy":"product_brand","embeddable":true,"href":"https:\/\/4c.top-me.eu\/en\/wp-json\/wp\/v2\/product_brand?post=17329"},{"taxonomy":"product_cat","embeddable":true,"href":"https:\/\/4c.top-me.eu\/en\/wp-json\/wp\/v2\/product_cat?post=17329"},{"taxonomy":"product_tag","embeddable":true,"href":"https:\/\/4c.top-me.eu\/en\/wp-json\/wp\/v2\/product_tag?post=17329"}],"curies":[{"name":"wp","href":"https:\/\/api.w.org\/{rel}","templated":true}]}}