{"id":17093,"date":"2023-05-02T14:30:31","date_gmt":"2023-05-02T14:30:31","guid":{"rendered":"https:\/\/fvgear.com\/?post_type=product&#038;p=17093"},"modified":"2025-01-17T16:55:18","modified_gmt":"2025-01-17T16:55:18","slug":"prsten-granat","status":"publish","type":"product","link":"https:\/\/4c.top-me.eu\/en\/product\/prsten-granat\/","title":{"rendered":"Prsten gran\u00e1t"},"content":{"rendered":"<p>Prsten s p\u0159ekr\u00e1sn\u00fdm brou\u0161en\u00fdm gran\u00e1tem.<br \/>\nRozm\u011bry kamene jsou 6 x 6 x 3 mm. St\u0159\u00edbro 925\/1000, prsten je \u010d\u00e1ste\u010dn\u011b pozlacen vrtvou 5<span class=\"BxUVEf ILfuVd\" lang=\"cs\"><span class=\"hgKElc\">\u03bc,<\/span><\/span> celkov\u00e1 hmotnost 4,5 g. Velikost prstenu je 59 (obvod prstenu v mm).<\/p>\n","protected":false},"excerpt":{"rendered":"<p>Prsten s p\u0159ekr\u00e1sn\u00fdm brou\u0161en\u00fdm gran\u00e1tem. Rozm\u011bry kamene jsou 6 x 6 x 3 mm. St\u0159\u00edbro 925\/1000, prsten je \u010d\u00e1ste\u010dn\u011b pozlacen vrtvou 5\u03bc, celkov\u00e1 hmotnost 4,5 g. Velikost prstenu je 59 (obvod prstenu v mm).<\/p>\n","protected":false},"featured_media":17139,"template":"","meta":{"_acf_changed":false,"_uag_custom_page_level_css":""},"product_brand":[],"product_cat":[241,242],"product_tag":[112,240,87],"class_list":{"0":"post-17093","1":"product","2":"type-product","3":"status-publish","4":"has-post-thumbnail","6":"product_cat-prsteny-s-prirodnimi-kameny","7":"product_cat-prsteny-s-prirodnimi-kameny-stribro-925-1000","8":"product_tag-granat","9":"product_tag-prsten","10":"product_tag-stribro-925-1000","12":"first","13":"instock","14":"sold-individually","15":"taxable","16":"shipping-taxable","17":"purchasable","18":"product-type-simple"},"acf":[],"uagb_featured_image_src":{"full":["https:\/\/4c.top-me.eu\/wp-content\/uploads\/2023\/05\/IMG_8415-scaled.jpg",0,0,false],"thumbnail":["https:\/\/4c.top-me.eu\/wp-content\/uploads\/2023\/05\/IMG_8415-scaled.jpg",1,1,false],"medium":["https:\/\/4c.top-me.eu\/wp-content\/uploads\/2023\/05\/IMG_8415-scaled.jpg",1,1,false],"medium_large":["https:\/\/4c.top-me.eu\/wp-content\/uploads\/2023\/05\/IMG_8415-scaled.jpg",1,1,false],"large":["https:\/\/4c.top-me.eu\/wp-content\/uploads\/2023\/05\/IMG_8415-scaled.jpg",1,1,false],"1536x1536":["https:\/\/4c.top-me.eu\/wp-content\/uploads\/2023\/05\/IMG_8415-scaled.jpg",1,1,false],"2048x2048":["https:\/\/4c.top-me.eu\/wp-content\/uploads\/2023\/05\/IMG_8415-scaled.jpg",1,1,false],"archive-list":["https:\/\/4c.top-me.eu\/wp-content\/uploads\/2023\/05\/IMG_8415-scaled.jpg",1,1,false],"archive-list-2":["https:\/\/4c.top-me.eu\/wp-content\/uploads\/2023\/05\/IMG_8415-scaled.jpg",1,1,false],"woocommerce_thumbnail":["https:\/\/4c.top-me.eu\/wp-content\/uploads\/2023\/05\/IMG_8415-scaled.jpg",1,1,false],"woocommerce_single":["https:\/\/4c.top-me.eu\/wp-content\/uploads\/2023\/05\/IMG_8415-scaled.jpg",1,1,false],"woocommerce_gallery_thumbnail":["https:\/\/4c.top-me.eu\/wp-content\/uploads\/2023\/05\/IMG_8415-scaled.jpg",1,1,false]},"uagb_author_info":{"display_name":"accordeonMaster","author_link":"https:\/\/4c.top-me.eu\/en\/author\/"},"uagb_comment_info":0,"uagb_excerpt":"Prsten s p\u0159ekr\u00e1sn\u00fdm brou\u0161en\u00fdm gran\u00e1tem. Rozm\u011bry kamene jsou 6 x 6 x 3 mm. St\u0159\u00edbro 925\/1000, prsten je \u010d\u00e1ste\u010dn\u011b pozlacen vrtvou 5\u03bc, celkov\u00e1 hmotnost 4,5 g. Velikost prstenu je 59 (obvod prstenu v mm).","_links":{"self":[{"href":"https:\/\/4c.top-me.eu\/en\/wp-json\/wp\/v2\/product\/17093","targetHints":{"allow":["GET"]}}],"collection":[{"href":"https:\/\/4c.top-me.eu\/en\/wp-json\/wp\/v2\/product"}],"about":[{"href":"https:\/\/4c.top-me.eu\/en\/wp-json\/wp\/v2\/types\/product"}],"wp:featuredmedia":[{"embeddable":true,"href":"https:\/\/4c.top-me.eu\/en\/wp-json\/wp\/v2\/media\/17139"}],"wp:attachment":[{"href":"https:\/\/4c.top-me.eu\/en\/wp-json\/wp\/v2\/media?parent=17093"}],"wp:term":[{"taxonomy":"product_brand","embeddable":true,"href":"https:\/\/4c.top-me.eu\/en\/wp-json\/wp\/v2\/product_brand?post=17093"},{"taxonomy":"product_cat","embeddable":true,"href":"https:\/\/4c.top-me.eu\/en\/wp-json\/wp\/v2\/product_cat?post=17093"},{"taxonomy":"product_tag","embeddable":true,"href":"https:\/\/4c.top-me.eu\/en\/wp-json\/wp\/v2\/product_tag?post=17093"}],"curies":[{"name":"wp","href":"https:\/\/api.w.org\/{rel}","templated":true}]}}