{"id":16570,"date":"2023-04-28T12:56:26","date_gmt":"2023-04-28T12:56:26","guid":{"rendered":"https:\/\/fvgear.com\/?post_type=product&#038;p=16570"},"modified":"2023-04-28T12:57:43","modified_gmt":"2023-04-28T12:57:43","slug":"prsten-hadi-chalcedon-2","status":"publish","type":"product","link":"https:\/\/4c.top-me.eu\/en\/product\/prsten-hadi-chalcedon-2\/","title":{"rendered":"Prsten had\u00ed chalcedon"},"content":{"rendered":"<p>Prsten s p\u0159ekr\u00e1snou, jemn\u011b t\u0159pytivou dr\u00fazou n\u00e1dhern\u00e9ho had\u00edho chalcedonu v b\u00edl\u00fdch, smetanov\u00fdch a na\u0161edl\u00fdch t\u00f3nech.<br \/>\nRozm\u011bry kamene jsou 20 x 15 x 3 mm. St\u0159\u00edbro 925\/1000, celkov\u00e1 hmotnost 7,6 g. Velikost prstenu je mezi 57 a 58 (obvod prstenu v mm).<\/p>\n","protected":false},"excerpt":{"rendered":"<p>Prsten s p\u0159ekr\u00e1snou, jemn\u011b t\u0159pytivou dr\u00fazou n\u00e1dhern\u00e9ho had\u00edho chalcedonu v b\u00edl\u00fdch, smetanov\u00fdch a na\u0161edl\u00fdch t\u00f3nech. Rozm\u011bry kamene jsou 20 x 15 x 3 mm. St\u0159\u00edbro 925\/1000, celkov\u00e1 hmotnost 7,6 g. Velikost prstenu je mezi 57 a 58 (obvod prstenu v mm).<\/p>\n","protected":false},"featured_media":16593,"template":"","meta":{"_acf_changed":false,"_uag_custom_page_level_css":""},"product_brand":[],"product_cat":[241,242],"product_tag":[208,293,240,87],"class_list":{"0":"post-16570","1":"product","2":"type-product","3":"status-publish","4":"has-post-thumbnail","6":"product_cat-prsteny-s-prirodnimi-kameny","7":"product_cat-prsteny-s-prirodnimi-kameny-stribro-925-1000","8":"product_tag-chalcedon","9":"product_tag-hadi-chalcedon","10":"product_tag-prsten","11":"product_tag-stribro-925-1000","13":"first","14":"instock","15":"sold-individually","16":"taxable","17":"shipping-taxable","18":"purchasable","19":"product-type-simple"},"acf":[],"uagb_featured_image_src":{"full":["https:\/\/4c.top-me.eu\/wp-content\/uploads\/2023\/04\/IMG_7845-scaled.jpg",0,0,false],"thumbnail":["https:\/\/4c.top-me.eu\/wp-content\/uploads\/2023\/04\/IMG_7845-scaled.jpg",1,1,false],"medium":["https:\/\/4c.top-me.eu\/wp-content\/uploads\/2023\/04\/IMG_7845-scaled.jpg",1,1,false],"medium_large":["https:\/\/4c.top-me.eu\/wp-content\/uploads\/2023\/04\/IMG_7845-scaled.jpg",1,1,false],"large":["https:\/\/4c.top-me.eu\/wp-content\/uploads\/2023\/04\/IMG_7845-scaled.jpg",1,1,false],"1536x1536":["https:\/\/4c.top-me.eu\/wp-content\/uploads\/2023\/04\/IMG_7845-scaled.jpg",1,1,false],"2048x2048":["https:\/\/4c.top-me.eu\/wp-content\/uploads\/2023\/04\/IMG_7845-scaled.jpg",1,1,false],"archive-list":["https:\/\/4c.top-me.eu\/wp-content\/uploads\/2023\/04\/IMG_7845-scaled.jpg",1,1,false],"archive-list-2":["https:\/\/4c.top-me.eu\/wp-content\/uploads\/2023\/04\/IMG_7845-scaled.jpg",1,1,false],"woocommerce_thumbnail":["https:\/\/4c.top-me.eu\/wp-content\/uploads\/2023\/04\/IMG_7845-scaled.jpg",1,1,false],"woocommerce_single":["https:\/\/4c.top-me.eu\/wp-content\/uploads\/2023\/04\/IMG_7845-scaled.jpg",1,1,false],"woocommerce_gallery_thumbnail":["https:\/\/4c.top-me.eu\/wp-content\/uploads\/2023\/04\/IMG_7845-scaled.jpg",1,1,false]},"uagb_author_info":{"display_name":"accordeonMaster","author_link":"https:\/\/4c.top-me.eu\/en\/author\/"},"uagb_comment_info":0,"uagb_excerpt":"Prsten s p\u0159ekr\u00e1snou, jemn\u011b t\u0159pytivou dr\u00fazou n\u00e1dhern\u00e9ho had\u00edho chalcedonu v b\u00edl\u00fdch, smetanov\u00fdch a na\u0161edl\u00fdch t\u00f3nech. Rozm\u011bry kamene jsou 20 x 15 x 3 mm. St\u0159\u00edbro 925\/1000, celkov\u00e1 hmotnost 7,6 g. Velikost prstenu je mezi 57 a 58 (obvod prstenu v mm).","_links":{"self":[{"href":"https:\/\/4c.top-me.eu\/en\/wp-json\/wp\/v2\/product\/16570","targetHints":{"allow":["GET"]}}],"collection":[{"href":"https:\/\/4c.top-me.eu\/en\/wp-json\/wp\/v2\/product"}],"about":[{"href":"https:\/\/4c.top-me.eu\/en\/wp-json\/wp\/v2\/types\/product"}],"wp:featuredmedia":[{"embeddable":true,"href":"https:\/\/4c.top-me.eu\/en\/wp-json\/wp\/v2\/media\/16593"}],"wp:attachment":[{"href":"https:\/\/4c.top-me.eu\/en\/wp-json\/wp\/v2\/media?parent=16570"}],"wp:term":[{"taxonomy":"product_brand","embeddable":true,"href":"https:\/\/4c.top-me.eu\/en\/wp-json\/wp\/v2\/product_brand?post=16570"},{"taxonomy":"product_cat","embeddable":true,"href":"https:\/\/4c.top-me.eu\/en\/wp-json\/wp\/v2\/product_cat?post=16570"},{"taxonomy":"product_tag","embeddable":true,"href":"https:\/\/4c.top-me.eu\/en\/wp-json\/wp\/v2\/product_tag?post=16570"}],"curies":[{"name":"wp","href":"https:\/\/api.w.org\/{rel}","templated":true}]}}