{"id":15783,"date":"2023-04-05T16:08:27","date_gmt":"2023-04-05T16:08:27","guid":{"rendered":"https:\/\/fvgear.com\/?post_type=product&#038;p=15783"},"modified":"2024-03-04T12:49:04","modified_gmt":"2024-03-04T12:49:04","slug":"zahneda-4","status":"publish","type":"product","link":"https:\/\/4c.top-me.eu\/en\/product\/zahneda-4\/","title":{"rendered":"Z\u00e1hn\u011bda"},"content":{"rendered":"<p>N\u00e1dhern\u00fd p\u0159\u00edrodn\u00ed krystal z\u00e1hn\u011bdy. Na zadn\u00ed stran\u011b je p\u0159\u00edrodn\u00ed d\u016flek po krystalu jin\u00e9ho miner\u00e1lu, kter\u00fd se pozd\u011bji p\u0159\u00edrodn\u011b rozpustil.<\/p>\n<div class=\"et_pb_column et_pb_column_3_8 et_pb_column_inner et_pb_column_inner_4_tb_body et-last-child\">\n<div class=\"et_pb_module et_pb_wc_description et_pb_wc_description_1_tb_body et_pb_bg_layout_light et_pb_text_align_left\">\n<div class=\"et_pb_module_inner\">\n<div class=\"et_pb_column et_pb_column_3_8 et_pb_column_inner et_pb_column_inner_4_tb_body et-last-child\">\n<div class=\"et_pb_module et_pb_wc_description et_pb_wc_description_1_tb_body et_pb_bg_layout_light et_pb_text_align_left\">\n<div class=\"et_pb_module_inner\">\n<p>Cel\u00fd vzorek m\u011b\u0159\u00ed na \u0161\u00ed\u0159ku 6,6 cm, na v\u00fd\u0161ku 23 cm a na d\u00e9lku 6,6 cm. Vzorek v\u00e1\u017e\u00ed 1352 g.<\/p>\n<\/div>\n<\/div>\n<\/div>\n<\/div>\n<\/div>\n<\/div>\n","protected":false},"excerpt":{"rendered":"<p>N\u00e1dhern\u00fd p\u0159\u00edrodn\u00ed krystal z\u00e1hn\u011bdy. Na zadn\u00ed stran\u011b je p\u0159\u00edrodn\u00ed d\u016flek po krystalu jin\u00e9ho miner\u00e1lu, kter\u00fd se pozd\u011bji p\u0159\u00edrodn\u011b rozpustil. Cel\u00fd vzorek m\u011b\u0159\u00ed na \u0161\u00ed\u0159ku 6,6 cm, na v\u00fd\u0161ku 23 cm a na d\u00e9lku 6,6 cm. Vzorek v\u00e1\u017e\u00ed 1352 g.<\/p>\n","protected":false},"featured_media":15831,"template":"","meta":{"_acf_changed":false,"_uag_custom_page_level_css":""},"product_brand":[],"product_cat":[206,28,29,41],"product_tag":[277,263,171,134],"class_list":{"0":"post-15783","1":"product","2":"type-product","3":"status-publish","4":"has-post-thumbnail","6":"product_cat-doporucene","7":"product_cat-kameny","8":"product_cat-dekorativni-kameny","9":"product_cat-luxusni-dekorace","10":"product_tag-dekorace","11":"product_tag-dekorativni-kameny","12":"product_tag-krystal","13":"product_tag-zahneda","15":"first","16":"instock","17":"sold-individually","18":"taxable","19":"shipping-taxable","20":"purchasable","21":"product-type-simple"},"acf":[],"uagb_featured_image_src":{"full":["https:\/\/4c.top-me.eu\/wp-content\/uploads\/2023\/04\/IMG_7573-scaled.jpg",0,0,false],"thumbnail":["https:\/\/4c.top-me.eu\/wp-content\/uploads\/2023\/04\/IMG_7573-scaled.jpg",1,1,false],"medium":["https:\/\/4c.top-me.eu\/wp-content\/uploads\/2023\/04\/IMG_7573-scaled.jpg",1,1,false],"medium_large":["https:\/\/4c.top-me.eu\/wp-content\/uploads\/2023\/04\/IMG_7573-scaled.jpg",1,1,false],"large":["https:\/\/4c.top-me.eu\/wp-content\/uploads\/2023\/04\/IMG_7573-scaled.jpg",1,1,false],"1536x1536":["https:\/\/4c.top-me.eu\/wp-content\/uploads\/2023\/04\/IMG_7573-scaled.jpg",1,1,false],"2048x2048":["https:\/\/4c.top-me.eu\/wp-content\/uploads\/2023\/04\/IMG_7573-scaled.jpg",1,1,false],"archive-list":["https:\/\/4c.top-me.eu\/wp-content\/uploads\/2023\/04\/IMG_7573-scaled.jpg",1,1,false],"archive-list-2":["https:\/\/4c.top-me.eu\/wp-content\/uploads\/2023\/04\/IMG_7573-scaled.jpg",1,1,false],"woocommerce_thumbnail":["https:\/\/4c.top-me.eu\/wp-content\/uploads\/2023\/04\/IMG_7573-scaled.jpg",1,1,false],"woocommerce_single":["https:\/\/4c.top-me.eu\/wp-content\/uploads\/2023\/04\/IMG_7573-scaled.jpg",1,1,false],"woocommerce_gallery_thumbnail":["https:\/\/4c.top-me.eu\/wp-content\/uploads\/2023\/04\/IMG_7573-scaled.jpg",1,1,false]},"uagb_author_info":{"display_name":"accordeonMaster","author_link":"https:\/\/4c.top-me.eu\/en\/author\/"},"uagb_comment_info":0,"uagb_excerpt":"N\u00e1dhern\u00fd p\u0159\u00edrodn\u00ed krystal z\u00e1hn\u011bdy. Na zadn\u00ed stran\u011b je p\u0159\u00edrodn\u00ed d\u016flek po krystalu jin\u00e9ho miner\u00e1lu, kter\u00fd se pozd\u011bji p\u0159\u00edrodn\u011b rozpustil. Cel\u00fd vzorek m\u011b\u0159\u00ed na \u0161\u00ed\u0159ku 6,6 cm, na v\u00fd\u0161ku 23 cm a na d\u00e9lku 6,6 cm. Vzorek v\u00e1\u017e\u00ed 1352 g.","_links":{"self":[{"href":"https:\/\/4c.top-me.eu\/en\/wp-json\/wp\/v2\/product\/15783","targetHints":{"allow":["GET"]}}],"collection":[{"href":"https:\/\/4c.top-me.eu\/en\/wp-json\/wp\/v2\/product"}],"about":[{"href":"https:\/\/4c.top-me.eu\/en\/wp-json\/wp\/v2\/types\/product"}],"wp:featuredmedia":[{"embeddable":true,"href":"https:\/\/4c.top-me.eu\/en\/wp-json\/wp\/v2\/media\/15831"}],"wp:attachment":[{"href":"https:\/\/4c.top-me.eu\/en\/wp-json\/wp\/v2\/media?parent=15783"}],"wp:term":[{"taxonomy":"product_brand","embeddable":true,"href":"https:\/\/4c.top-me.eu\/en\/wp-json\/wp\/v2\/product_brand?post=15783"},{"taxonomy":"product_cat","embeddable":true,"href":"https:\/\/4c.top-me.eu\/en\/wp-json\/wp\/v2\/product_cat?post=15783"},{"taxonomy":"product_tag","embeddable":true,"href":"https:\/\/4c.top-me.eu\/en\/wp-json\/wp\/v2\/product_tag?post=15783"}],"curies":[{"name":"wp","href":"https:\/\/api.w.org\/{rel}","templated":true}]}}