{"id":15503,"date":"2023-04-04T13:40:13","date_gmt":"2023-04-04T13:40:13","guid":{"rendered":"https:\/\/fvgear.com\/?post_type=product&#038;p=15503"},"modified":"2023-04-04T13:41:39","modified_gmt":"2023-04-04T13:41:39","slug":"ruzenin-6","status":"publish","type":"product","link":"https:\/\/4c.top-me.eu\/en\/product\/ruzenin-6\/","title":{"rendered":"R\u016f\u017een\u00edn"},"content":{"rendered":"<div class=\"et_pb_column et_pb_column_3_8 et_pb_column_inner et_pb_column_inner_4_tb_body et-last-child\">\n<div class=\"et_pb_module et_pb_wc_description et_pb_wc_description_1_tb_body et_pb_bg_layout_light et_pb_text_align_left\">\n<div class=\"et_pb_module_inner\">\n<div class=\"et_pb_column et_pb_column_3_8 et_pb_column_inner et_pb_column_inner_4_tb_body et-last-child\">\n<div class=\"et_pb_module et_pb_wc_description et_pb_wc_description_1_tb_body et_pb_bg_layout_light et_pb_text_align_left\">\n<div class=\"et_pb_module_inner\">\n<p>N\u00e1dhern\u00fd, kr\u00e1sn\u011b pr\u016fhledn\u00fd, ohlazen\u00fd kus r\u016f\u017een\u00ednu, vhodn\u00fd jako ozdoba interi\u00e9ru.<\/p>\n<p>V\u00e1ha 562 g, na \u0161\u00ed\u0159ku m\u011b\u0159\u00ed 7 cm, na v\u00fd\u0161ku 11,7 cm a na d\u00e9lku 4,5 cm.<\/p>\n<\/div>\n<\/div>\n<\/div>\n<\/div>\n<\/div>\n<\/div>\n","protected":false},"excerpt":{"rendered":"<p>N\u00e1dhern\u00fd, kr\u00e1sn\u011b pr\u016fhledn\u00fd, ohlazen\u00fd kus r\u016f\u017een\u00ednu, vhodn\u00fd jako ozdoba interi\u00e9ru. V\u00e1ha 562 g, na \u0161\u00ed\u0159ku m\u011b\u0159\u00ed 7 cm, na v\u00fd\u0161ku 11,7 cm a na d\u00e9lku 4,5 cm.<\/p>\n","protected":false},"featured_media":15504,"template":"","meta":{"_acf_changed":false,"_uag_custom_page_level_css":""},"product_brand":[],"product_cat":[28,29,41,27],"product_tag":[277,263,39,275],"class_list":{"0":"post-15503","1":"product","2":"type-product","3":"status-publish","4":"has-post-thumbnail","6":"product_cat-kameny","7":"product_cat-dekorativni-kameny","8":"product_cat-luxusni-dekorace","9":"product_cat-vyrobky-z-kamenu","10":"product_tag-dekorace","11":"product_tag-dekorativni-kameny","12":"product_tag-ruzenin","13":"product_tag-vyrobky-z-kamenu","15":"first","16":"instock","17":"sold-individually","18":"taxable","19":"shipping-taxable","20":"purchasable","21":"product-type-simple"},"acf":[],"uagb_featured_image_src":{"full":["https:\/\/4c.top-me.eu\/wp-content\/uploads\/2023\/04\/IMG_7229-scaled.jpg",0,0,false],"thumbnail":["https:\/\/4c.top-me.eu\/wp-content\/uploads\/2023\/04\/IMG_7229-scaled.jpg",1,1,false],"medium":["https:\/\/4c.top-me.eu\/wp-content\/uploads\/2023\/04\/IMG_7229-scaled.jpg",1,1,false],"medium_large":["https:\/\/4c.top-me.eu\/wp-content\/uploads\/2023\/04\/IMG_7229-scaled.jpg",1,1,false],"large":["https:\/\/4c.top-me.eu\/wp-content\/uploads\/2023\/04\/IMG_7229-scaled.jpg",1,1,false],"1536x1536":["https:\/\/4c.top-me.eu\/wp-content\/uploads\/2023\/04\/IMG_7229-scaled.jpg",1,1,false],"2048x2048":["https:\/\/4c.top-me.eu\/wp-content\/uploads\/2023\/04\/IMG_7229-scaled.jpg",1,1,false],"archive-list":["https:\/\/4c.top-me.eu\/wp-content\/uploads\/2023\/04\/IMG_7229-scaled.jpg",1,1,false],"archive-list-2":["https:\/\/4c.top-me.eu\/wp-content\/uploads\/2023\/04\/IMG_7229-scaled.jpg",1,1,false],"woocommerce_thumbnail":["https:\/\/4c.top-me.eu\/wp-content\/uploads\/2023\/04\/IMG_7229-scaled.jpg",1,1,false],"woocommerce_single":["https:\/\/4c.top-me.eu\/wp-content\/uploads\/2023\/04\/IMG_7229-scaled.jpg",1,1,false],"woocommerce_gallery_thumbnail":["https:\/\/4c.top-me.eu\/wp-content\/uploads\/2023\/04\/IMG_7229-scaled.jpg",1,1,false]},"uagb_author_info":{"display_name":"accordeonMaster","author_link":"https:\/\/4c.top-me.eu\/en\/author\/"},"uagb_comment_info":0,"uagb_excerpt":"N\u00e1dhern\u00fd, kr\u00e1sn\u011b pr\u016fhledn\u00fd, ohlazen\u00fd kus r\u016f\u017een\u00ednu, vhodn\u00fd jako ozdoba interi\u00e9ru. V\u00e1ha 562 g, na \u0161\u00ed\u0159ku m\u011b\u0159\u00ed 7 cm, na v\u00fd\u0161ku 11,7 cm a na d\u00e9lku 4,5 cm.","_links":{"self":[{"href":"https:\/\/4c.top-me.eu\/en\/wp-json\/wp\/v2\/product\/15503","targetHints":{"allow":["GET"]}}],"collection":[{"href":"https:\/\/4c.top-me.eu\/en\/wp-json\/wp\/v2\/product"}],"about":[{"href":"https:\/\/4c.top-me.eu\/en\/wp-json\/wp\/v2\/types\/product"}],"wp:featuredmedia":[{"embeddable":true,"href":"https:\/\/4c.top-me.eu\/en\/wp-json\/wp\/v2\/media\/15504"}],"wp:attachment":[{"href":"https:\/\/4c.top-me.eu\/en\/wp-json\/wp\/v2\/media?parent=15503"}],"wp:term":[{"taxonomy":"product_brand","embeddable":true,"href":"https:\/\/4c.top-me.eu\/en\/wp-json\/wp\/v2\/product_brand?post=15503"},{"taxonomy":"product_cat","embeddable":true,"href":"https:\/\/4c.top-me.eu\/en\/wp-json\/wp\/v2\/product_cat?post=15503"},{"taxonomy":"product_tag","embeddable":true,"href":"https:\/\/4c.top-me.eu\/en\/wp-json\/wp\/v2\/product_tag?post=15503"}],"curies":[{"name":"wp","href":"https:\/\/api.w.org\/{rel}","templated":true}]}}