{"id":15406,"date":"2023-04-04T12:40:18","date_gmt":"2023-04-04T12:40:18","guid":{"rendered":"https:\/\/fvgear.com\/?post_type=product&#038;p=15406"},"modified":"2023-04-04T12:42:44","modified_gmt":"2023-04-04T12:42:44","slug":"ruzenin","status":"publish","type":"product","link":"https:\/\/4c.top-me.eu\/en\/product\/ruzenin\/","title":{"rendered":"R\u016f\u017een\u00edn"},"content":{"rendered":"<p>Velk\u00fd surov\u00fd kus r\u016f\u017een\u00ednu, vypad\u00e1 n\u00e1dhern\u011b jako ozdoba interi\u00e9ru.<\/p>\n<p>V\u00e1ha 5 kg, na \u0161\u00ed\u0159ku m\u011b\u0159\u00ed 24 cm, na v\u00fd\u0161ku 13,5 cm a na d\u00e9lku 15,5 cm.<\/p>\n","protected":false},"excerpt":{"rendered":"<p>Velk\u00fd surov\u00fd kus r\u016f\u017een\u00ednu, vypad\u00e1 n\u00e1dhern\u011b jako ozdoba interi\u00e9ru. V\u00e1ha 5 kg, na \u0161\u00ed\u0159ku m\u011b\u0159\u00ed 24 cm, na v\u00fd\u0161ku 13,5 cm a na d\u00e9lku 15,5 cm.<\/p>\n","protected":false},"featured_media":15407,"template":"","meta":{"_acf_changed":false,"_uag_custom_page_level_css":""},"product_brand":[],"product_cat":[28,29,41],"product_tag":[277,263,39],"class_list":{"0":"post-15406","1":"product","2":"type-product","3":"status-publish","4":"has-post-thumbnail","6":"product_cat-kameny","7":"product_cat-dekorativni-kameny","8":"product_cat-luxusni-dekorace","9":"product_tag-dekorace","10":"product_tag-dekorativni-kameny","11":"product_tag-ruzenin","13":"first","14":"instock","15":"sold-individually","16":"taxable","17":"shipping-taxable","18":"purchasable","19":"product-type-simple"},"acf":[],"uagb_featured_image_src":{"full":["https:\/\/4c.top-me.eu\/wp-content\/uploads\/2023\/04\/IMG_7253-scaled.jpg",0,0,false],"thumbnail":["https:\/\/4c.top-me.eu\/wp-content\/uploads\/2023\/04\/IMG_7253-scaled.jpg",1,1,false],"medium":["https:\/\/4c.top-me.eu\/wp-content\/uploads\/2023\/04\/IMG_7253-scaled.jpg",1,1,false],"medium_large":["https:\/\/4c.top-me.eu\/wp-content\/uploads\/2023\/04\/IMG_7253-scaled.jpg",1,1,false],"large":["https:\/\/4c.top-me.eu\/wp-content\/uploads\/2023\/04\/IMG_7253-scaled.jpg",1,1,false],"1536x1536":["https:\/\/4c.top-me.eu\/wp-content\/uploads\/2023\/04\/IMG_7253-scaled.jpg",1,1,false],"2048x2048":["https:\/\/4c.top-me.eu\/wp-content\/uploads\/2023\/04\/IMG_7253-scaled.jpg",1,1,false],"archive-list":["https:\/\/4c.top-me.eu\/wp-content\/uploads\/2023\/04\/IMG_7253-scaled.jpg",1,1,false],"archive-list-2":["https:\/\/4c.top-me.eu\/wp-content\/uploads\/2023\/04\/IMG_7253-scaled.jpg",1,1,false],"woocommerce_thumbnail":["https:\/\/4c.top-me.eu\/wp-content\/uploads\/2023\/04\/IMG_7253-scaled.jpg",1,1,false],"woocommerce_single":["https:\/\/4c.top-me.eu\/wp-content\/uploads\/2023\/04\/IMG_7253-scaled.jpg",1,1,false],"woocommerce_gallery_thumbnail":["https:\/\/4c.top-me.eu\/wp-content\/uploads\/2023\/04\/IMG_7253-scaled.jpg",1,1,false]},"uagb_author_info":{"display_name":"accordeonMaster","author_link":"https:\/\/4c.top-me.eu\/en\/author\/"},"uagb_comment_info":0,"uagb_excerpt":"Velk\u00fd surov\u00fd kus r\u016f\u017een\u00ednu, vypad\u00e1 n\u00e1dhern\u011b jako ozdoba interi\u00e9ru. V\u00e1ha 5 kg, na \u0161\u00ed\u0159ku m\u011b\u0159\u00ed 24 cm, na v\u00fd\u0161ku 13,5 cm a na d\u00e9lku 15,5 cm.","_links":{"self":[{"href":"https:\/\/4c.top-me.eu\/en\/wp-json\/wp\/v2\/product\/15406","targetHints":{"allow":["GET"]}}],"collection":[{"href":"https:\/\/4c.top-me.eu\/en\/wp-json\/wp\/v2\/product"}],"about":[{"href":"https:\/\/4c.top-me.eu\/en\/wp-json\/wp\/v2\/types\/product"}],"wp:featuredmedia":[{"embeddable":true,"href":"https:\/\/4c.top-me.eu\/en\/wp-json\/wp\/v2\/media\/15407"}],"wp:attachment":[{"href":"https:\/\/4c.top-me.eu\/en\/wp-json\/wp\/v2\/media?parent=15406"}],"wp:term":[{"taxonomy":"product_brand","embeddable":true,"href":"https:\/\/4c.top-me.eu\/en\/wp-json\/wp\/v2\/product_brand?post=15406"},{"taxonomy":"product_cat","embeddable":true,"href":"https:\/\/4c.top-me.eu\/en\/wp-json\/wp\/v2\/product_cat?post=15406"},{"taxonomy":"product_tag","embeddable":true,"href":"https:\/\/4c.top-me.eu\/en\/wp-json\/wp\/v2\/product_tag?post=15406"}],"curies":[{"name":"wp","href":"https:\/\/api.w.org\/{rel}","templated":true}]}}