{"id":15130,"date":"2023-03-22T15:08:48","date_gmt":"2023-03-22T15:08:48","guid":{"rendered":"https:\/\/fvgear.com\/?post_type=product&#038;p=15130"},"modified":"2023-03-22T15:12:09","modified_gmt":"2023-03-22T15:12:09","slug":"pyrit-2","status":"publish","type":"product","link":"https:\/\/4c.top-me.eu\/en\/product\/pyrit-2\/","title":{"rendered":"Pyrit"},"content":{"rendered":"<p>Kr\u00e1sn\u00fd vzorek krystal\u016f pyritu v hornin\u011b.<\/p>\n<p>Vzorek m\u011b\u0159\u00ed na v\u00fd\u0161ku 11,5 cm a na \u0161\u00ed\u0159ku 8 cm. Vzorek v\u00e1\u017e\u00ed 805 g.<\/p>\n","protected":false},"excerpt":{"rendered":"<p>Kr\u00e1sn\u00fd vzorek krystal\u016f pyritu v hornin\u011b. Vzorek m\u011b\u0159\u00ed na v\u00fd\u0161ku 11,5 cm a na \u0161\u00ed\u0159ku 8 cm. Vzorek v\u00e1\u017e\u00ed 805 g.<\/p>\n","protected":false},"featured_media":15178,"template":"","meta":{"_acf_changed":false,"_uag_custom_page_level_css":""},"product_brand":[],"product_cat":[28,29,41],"product_tag":[277,263,191],"class_list":{"0":"post-15130","1":"product","2":"type-product","3":"status-publish","4":"has-post-thumbnail","6":"product_cat-kameny","7":"product_cat-dekorativni-kameny","8":"product_cat-luxusni-dekorace","9":"product_tag-dekorace","10":"product_tag-dekorativni-kameny","11":"product_tag-pyrit","13":"first","14":"instock","15":"sold-individually","16":"taxable","17":"shipping-taxable","18":"purchasable","19":"product-type-simple"},"acf":[],"uagb_featured_image_src":{"full":["https:\/\/4c.top-me.eu\/wp-content\/uploads\/2023\/03\/IMG_5775-scaled.jpg",0,0,false],"thumbnail":["https:\/\/4c.top-me.eu\/wp-content\/uploads\/2023\/03\/IMG_5775-scaled.jpg",1,1,false],"medium":["https:\/\/4c.top-me.eu\/wp-content\/uploads\/2023\/03\/IMG_5775-scaled.jpg",1,1,false],"medium_large":["https:\/\/4c.top-me.eu\/wp-content\/uploads\/2023\/03\/IMG_5775-scaled.jpg",1,1,false],"large":["https:\/\/4c.top-me.eu\/wp-content\/uploads\/2023\/03\/IMG_5775-scaled.jpg",1,1,false],"1536x1536":["https:\/\/4c.top-me.eu\/wp-content\/uploads\/2023\/03\/IMG_5775-scaled.jpg",1,1,false],"2048x2048":["https:\/\/4c.top-me.eu\/wp-content\/uploads\/2023\/03\/IMG_5775-scaled.jpg",1,1,false],"archive-list":["https:\/\/4c.top-me.eu\/wp-content\/uploads\/2023\/03\/IMG_5775-scaled.jpg",1,1,false],"archive-list-2":["https:\/\/4c.top-me.eu\/wp-content\/uploads\/2023\/03\/IMG_5775-scaled.jpg",1,1,false],"woocommerce_thumbnail":["https:\/\/4c.top-me.eu\/wp-content\/uploads\/2023\/03\/IMG_5775-scaled.jpg",1,1,false],"woocommerce_single":["https:\/\/4c.top-me.eu\/wp-content\/uploads\/2023\/03\/IMG_5775-scaled.jpg",1,1,false],"woocommerce_gallery_thumbnail":["https:\/\/4c.top-me.eu\/wp-content\/uploads\/2023\/03\/IMG_5775-scaled.jpg",1,1,false]},"uagb_author_info":{"display_name":"accordeonMaster","author_link":"https:\/\/4c.top-me.eu\/en\/author\/"},"uagb_comment_info":0,"uagb_excerpt":"Kr\u00e1sn\u00fd vzorek krystal\u016f pyritu v hornin\u011b. Vzorek m\u011b\u0159\u00ed na v\u00fd\u0161ku 11,5 cm a na \u0161\u00ed\u0159ku 8 cm. Vzorek v\u00e1\u017e\u00ed 805 g.","_links":{"self":[{"href":"https:\/\/4c.top-me.eu\/en\/wp-json\/wp\/v2\/product\/15130","targetHints":{"allow":["GET"]}}],"collection":[{"href":"https:\/\/4c.top-me.eu\/en\/wp-json\/wp\/v2\/product"}],"about":[{"href":"https:\/\/4c.top-me.eu\/en\/wp-json\/wp\/v2\/types\/product"}],"wp:featuredmedia":[{"embeddable":true,"href":"https:\/\/4c.top-me.eu\/en\/wp-json\/wp\/v2\/media\/15178"}],"wp:attachment":[{"href":"https:\/\/4c.top-me.eu\/en\/wp-json\/wp\/v2\/media?parent=15130"}],"wp:term":[{"taxonomy":"product_brand","embeddable":true,"href":"https:\/\/4c.top-me.eu\/en\/wp-json\/wp\/v2\/product_brand?post=15130"},{"taxonomy":"product_cat","embeddable":true,"href":"https:\/\/4c.top-me.eu\/en\/wp-json\/wp\/v2\/product_cat?post=15130"},{"taxonomy":"product_tag","embeddable":true,"href":"https:\/\/4c.top-me.eu\/en\/wp-json\/wp\/v2\/product_tag?post=15130"}],"curies":[{"name":"wp","href":"https:\/\/api.w.org\/{rel}","templated":true}]}}