{"id":14406,"date":"2023-03-01T17:16:52","date_gmt":"2023-03-01T17:16:52","guid":{"rendered":"https:\/\/fvgear.com\/?post_type=product&#038;p=14406"},"modified":"2023-03-01T17:27:54","modified_gmt":"2023-03-01T17:27:54","slug":"karneol-5","status":"publish","type":"product","link":"https:\/\/4c.top-me.eu\/en\/product\/karneol-5\/","title":{"rendered":"Karneol"},"content":{"rendered":"<p>N\u00e1dhern\u00fd kousek le\u0161t\u011bn\u00e9ho karneolu z Madagaskaru. Karneol m\u00e1 kr\u00e1snou p\u0159\u00edrodn\u00ed oran\u017eovo-b\u00edlou barevnou kompozici. K\u00e1men vhodn\u00fd k dekoraci interi\u00e9ru.<\/p>\n<p>Karneol v\u00e1\u017e\u00ed 560 g a m\u011b\u0159\u00ed na \u0161\u00ed\u0159ku 7,7 cm, na d\u00e9lku 5 cm a na v\u00fd\u0161ku 10 cm.<\/p>\n","protected":false},"excerpt":{"rendered":"<p>N\u00e1dhern\u00fd kousek le\u0161t\u011bn\u00e9ho karneolu z Madagaskaru. Karneol m\u00e1 kr\u00e1snou p\u0159\u00edrodn\u00ed oran\u017eovo-b\u00edlou barevnou kompozici. K\u00e1men vhodn\u00fd k dekoraci interi\u00e9ru. Karneol v\u00e1\u017e\u00ed 560 g a m\u011b\u0159\u00ed na \u0161\u00ed\u0159ku 7,7 cm, na d\u00e9lku 5 cm a na v\u00fd\u0161ku 10 cm.<\/p>\n","protected":false},"featured_media":14432,"template":"","meta":{"_acf_changed":false,"_uag_custom_page_level_css":""},"product_brand":[],"product_cat":[28,29,41,27],"product_tag":[277,263,43,275],"class_list":{"0":"post-14406","1":"product","2":"type-product","3":"status-publish","4":"has-post-thumbnail","6":"product_cat-kameny","7":"product_cat-dekorativni-kameny","8":"product_cat-luxusni-dekorace","9":"product_cat-vyrobky-z-kamenu","10":"product_tag-dekorace","11":"product_tag-dekorativni-kameny","12":"product_tag-karneol","13":"product_tag-vyrobky-z-kamenu","15":"first","16":"instock","17":"sold-individually","18":"taxable","19":"shipping-taxable","20":"purchasable","21":"product-type-simple"},"acf":[],"uagb_featured_image_src":{"full":["https:\/\/4c.top-me.eu\/wp-content\/uploads\/2023\/03\/IMG_3903-scaled.jpg",0,0,false],"thumbnail":["https:\/\/4c.top-me.eu\/wp-content\/uploads\/2023\/03\/IMG_3903-scaled.jpg",1,1,false],"medium":["https:\/\/4c.top-me.eu\/wp-content\/uploads\/2023\/03\/IMG_3903-scaled.jpg",1,1,false],"medium_large":["https:\/\/4c.top-me.eu\/wp-content\/uploads\/2023\/03\/IMG_3903-scaled.jpg",1,1,false],"large":["https:\/\/4c.top-me.eu\/wp-content\/uploads\/2023\/03\/IMG_3903-scaled.jpg",1,1,false],"1536x1536":["https:\/\/4c.top-me.eu\/wp-content\/uploads\/2023\/03\/IMG_3903-scaled.jpg",1,1,false],"2048x2048":["https:\/\/4c.top-me.eu\/wp-content\/uploads\/2023\/03\/IMG_3903-scaled.jpg",1,1,false],"archive-list":["https:\/\/4c.top-me.eu\/wp-content\/uploads\/2023\/03\/IMG_3903-scaled.jpg",1,1,false],"archive-list-2":["https:\/\/4c.top-me.eu\/wp-content\/uploads\/2023\/03\/IMG_3903-scaled.jpg",1,1,false],"woocommerce_thumbnail":["https:\/\/4c.top-me.eu\/wp-content\/uploads\/2023\/03\/IMG_3903-scaled.jpg",1,1,false],"woocommerce_single":["https:\/\/4c.top-me.eu\/wp-content\/uploads\/2023\/03\/IMG_3903-scaled.jpg",1,1,false],"woocommerce_gallery_thumbnail":["https:\/\/4c.top-me.eu\/wp-content\/uploads\/2023\/03\/IMG_3903-scaled.jpg",1,1,false]},"uagb_author_info":{"display_name":"accordeonMaster","author_link":"https:\/\/4c.top-me.eu\/en\/author\/"},"uagb_comment_info":0,"uagb_excerpt":"N\u00e1dhern\u00fd kousek le\u0161t\u011bn\u00e9ho karneolu z Madagaskaru. Karneol m\u00e1 kr\u00e1snou p\u0159\u00edrodn\u00ed oran\u017eovo-b\u00edlou barevnou kompozici. K\u00e1men vhodn\u00fd k dekoraci interi\u00e9ru. Karneol v\u00e1\u017e\u00ed 560 g a m\u011b\u0159\u00ed na \u0161\u00ed\u0159ku 7,7 cm, na d\u00e9lku 5 cm a na v\u00fd\u0161ku 10 cm.","_links":{"self":[{"href":"https:\/\/4c.top-me.eu\/en\/wp-json\/wp\/v2\/product\/14406","targetHints":{"allow":["GET"]}}],"collection":[{"href":"https:\/\/4c.top-me.eu\/en\/wp-json\/wp\/v2\/product"}],"about":[{"href":"https:\/\/4c.top-me.eu\/en\/wp-json\/wp\/v2\/types\/product"}],"wp:featuredmedia":[{"embeddable":true,"href":"https:\/\/4c.top-me.eu\/en\/wp-json\/wp\/v2\/media\/14432"}],"wp:attachment":[{"href":"https:\/\/4c.top-me.eu\/en\/wp-json\/wp\/v2\/media?parent=14406"}],"wp:term":[{"taxonomy":"product_brand","embeddable":true,"href":"https:\/\/4c.top-me.eu\/en\/wp-json\/wp\/v2\/product_brand?post=14406"},{"taxonomy":"product_cat","embeddable":true,"href":"https:\/\/4c.top-me.eu\/en\/wp-json\/wp\/v2\/product_cat?post=14406"},{"taxonomy":"product_tag","embeddable":true,"href":"https:\/\/4c.top-me.eu\/en\/wp-json\/wp\/v2\/product_tag?post=14406"}],"curies":[{"name":"wp","href":"https:\/\/api.w.org\/{rel}","templated":true}]}}