{"id":14337,"date":"2023-02-28T13:33:23","date_gmt":"2023-02-28T13:33:23","guid":{"rendered":"https:\/\/fvgear.com\/?post_type=product&#038;p=14337"},"modified":"2023-02-28T14:50:14","modified_gmt":"2023-02-28T14:50:14","slug":"naramek-apatit","status":"publish","type":"product","link":"https:\/\/4c.top-me.eu\/en\/product\/naramek-apatit\/","title":{"rendered":"N\u00e1ramek apatit"},"content":{"rendered":"<div class=\"et_pb_column et_pb_column_3_8 et_pb_column_inner et_pb_column_inner_4_tb_body et-last-child\">\n<div class=\"et_pb_module et_pb_wc_description et_pb_wc_description_1_tb_body et_pb_bg_layout_light et_pb_text_align_left\">\n<div class=\"et_pb_module_inner\">\n<p>Elegantn\u00ed n\u00e1ramek ze st\u0159\u00edbrn\u00fdch komponent\u016f (Ag 925\/1000) a n\u00e1dhern\u00fdch, syt\u011b mod\u0159e zbarven\u00fdch kor\u00e1lk\u016f apatitu.<\/p>\n<p>N\u00e1ramek m\u00e1 klasick\u00e9 zap\u00edn\u00e1n\u00ed na st\u0159\u00edbrnou karabinku. St\u0159\u00edbro Ag 925\/1000. Zap\u00edn\u00e1n\u00ed je d\u00edky kr\u00e1tk\u00e9mu \u0159et\u00edzku s o\u010dky variabiln\u00ed, zapnut\u00e9 na nejkrat\u0161\u00ed variantu m\u011b\u0159\u00ed 2,1 cm a na nejdel\u0161\u00ed variantu 3,3 cm. Jednotliv\u00e9 kor\u00e1lky m\u011b\u0159\u00ed v pr\u016fm\u011bru 5 mm. Celkov\u00e1 d\u00e9lka n\u00e1ramku zapnut\u00e9ho na nejkrat\u0161\u00ed variantu je 18,3 cm a na nejdel\u0161\u00ed variantu je 19,8 cm. Celkov\u00e1 v\u00e1ha n\u00e1ramku je 5,8 g.<\/p>\n<p>K n\u00e1ramku je mo\u017en\u00e9 zakoupit i <a href=\"https:\/\/4c.top-me.eu\/produkt\/nausnice-apatit\/\">n\u00e1u\u0161nice<\/a> ve stejn\u00e9m stylu.<\/p>\n<\/div>\n<\/div>\n<\/div>\n","protected":false},"excerpt":{"rendered":"<p>Elegantn\u00ed n\u00e1ramek ze st\u0159\u00edbrn\u00fdch komponent\u016f (Ag 925\/1000) a n\u00e1dhern\u00fdch, syt\u011b mod\u0159e zbarven\u00fdch kor\u00e1lk\u016f apatitu. N\u00e1ramek m\u00e1 klasick\u00e9 zap\u00edn\u00e1n\u00ed na st\u0159\u00edbrnou karabinku. St\u0159\u00edbro Ag 925\/1000. Zap\u00edn\u00e1n\u00ed je d\u00edky kr\u00e1tk\u00e9mu \u0159et\u00edzku s o\u010dky variabiln\u00ed, zapnut\u00e9 na nejkrat\u0161\u00ed variantu m\u011b\u0159\u00ed 2,1 cm a na nejdel\u0161\u00ed variantu 3,3 cm. Jednotliv\u00e9 kor\u00e1lky m\u011b\u0159\u00ed v pr\u016fm\u011bru 5 mm. Celkov\u00e1 d\u00e9lka n\u00e1ramku<\/p>\n","protected":false},"featured_media":14340,"template":"","meta":{"_acf_changed":false,"_uag_custom_page_level_css":""},"product_brand":[],"product_cat":[59,60],"product_tag":[100,146,87],"class_list":{"0":"post-14337","1":"product","2":"type-product","3":"status-publish","4":"has-post-thumbnail","6":"product_cat-naramky-s-prirodnimi-kameny","7":"product_cat-naramky-s-prirodnimi-kameny-stribro-925-1000","8":"product_tag-apatit","9":"product_tag-naramek","10":"product_tag-stribro-925-1000","12":"first","13":"instock","14":"sold-individually","15":"taxable","16":"shipping-taxable","17":"purchasable","18":"product-type-simple"},"acf":[],"uagb_featured_image_src":{"full":["https:\/\/4c.top-me.eu\/wp-content\/uploads\/2023\/02\/IMG_3816-scaled.jpg",0,0,false],"thumbnail":["https:\/\/4c.top-me.eu\/wp-content\/uploads\/2023\/02\/IMG_3816-scaled.jpg",1,1,false],"medium":["https:\/\/4c.top-me.eu\/wp-content\/uploads\/2023\/02\/IMG_3816-scaled.jpg",1,1,false],"medium_large":["https:\/\/4c.top-me.eu\/wp-content\/uploads\/2023\/02\/IMG_3816-scaled.jpg",1,1,false],"large":["https:\/\/4c.top-me.eu\/wp-content\/uploads\/2023\/02\/IMG_3816-scaled.jpg",1,1,false],"1536x1536":["https:\/\/4c.top-me.eu\/wp-content\/uploads\/2023\/02\/IMG_3816-scaled.jpg",1,1,false],"2048x2048":["https:\/\/4c.top-me.eu\/wp-content\/uploads\/2023\/02\/IMG_3816-scaled.jpg",1,1,false],"archive-list":["https:\/\/4c.top-me.eu\/wp-content\/uploads\/2023\/02\/IMG_3816-scaled.jpg",1,1,false],"archive-list-2":["https:\/\/4c.top-me.eu\/wp-content\/uploads\/2023\/02\/IMG_3816-scaled.jpg",1,1,false],"woocommerce_thumbnail":["https:\/\/4c.top-me.eu\/wp-content\/uploads\/2023\/02\/IMG_3816-scaled.jpg",1,1,false],"woocommerce_single":["https:\/\/4c.top-me.eu\/wp-content\/uploads\/2023\/02\/IMG_3816-scaled.jpg",1,1,false],"woocommerce_gallery_thumbnail":["https:\/\/4c.top-me.eu\/wp-content\/uploads\/2023\/02\/IMG_3816-scaled.jpg",1,1,false]},"uagb_author_info":{"display_name":"accordeonMaster","author_link":"https:\/\/4c.top-me.eu\/en\/author\/"},"uagb_comment_info":0,"uagb_excerpt":"Elegantn\u00ed n\u00e1ramek ze st\u0159\u00edbrn\u00fdch komponent\u016f (Ag 925\/1000) a n\u00e1dhern\u00fdch, syt\u011b mod\u0159e zbarven\u00fdch kor\u00e1lk\u016f apatitu. N\u00e1ramek m\u00e1 klasick\u00e9 zap\u00edn\u00e1n\u00ed na st\u0159\u00edbrnou karabinku. St\u0159\u00edbro Ag 925\/1000. Zap\u00edn\u00e1n\u00ed je d\u00edky kr\u00e1tk\u00e9mu \u0159et\u00edzku s o\u010dky variabiln\u00ed, zapnut\u00e9 na nejkrat\u0161\u00ed variantu m\u011b\u0159\u00ed 2,1 cm a na nejdel\u0161\u00ed variantu 3,3 cm. Jednotliv\u00e9 kor\u00e1lky m\u011b\u0159\u00ed v pr\u016fm\u011bru 5 mm. Celkov\u00e1 d\u00e9lka n\u00e1ramku","_links":{"self":[{"href":"https:\/\/4c.top-me.eu\/en\/wp-json\/wp\/v2\/product\/14337","targetHints":{"allow":["GET"]}}],"collection":[{"href":"https:\/\/4c.top-me.eu\/en\/wp-json\/wp\/v2\/product"}],"about":[{"href":"https:\/\/4c.top-me.eu\/en\/wp-json\/wp\/v2\/types\/product"}],"wp:featuredmedia":[{"embeddable":true,"href":"https:\/\/4c.top-me.eu\/en\/wp-json\/wp\/v2\/media\/14340"}],"wp:attachment":[{"href":"https:\/\/4c.top-me.eu\/en\/wp-json\/wp\/v2\/media?parent=14337"}],"wp:term":[{"taxonomy":"product_brand","embeddable":true,"href":"https:\/\/4c.top-me.eu\/en\/wp-json\/wp\/v2\/product_brand?post=14337"},{"taxonomy":"product_cat","embeddable":true,"href":"https:\/\/4c.top-me.eu\/en\/wp-json\/wp\/v2\/product_cat?post=14337"},{"taxonomy":"product_tag","embeddable":true,"href":"https:\/\/4c.top-me.eu\/en\/wp-json\/wp\/v2\/product_tag?post=14337"}],"curies":[{"name":"wp","href":"https:\/\/api.w.org\/{rel}","templated":true}]}}