{"id":14303,"date":"2023-02-28T12:59:02","date_gmt":"2023-02-28T12:59:02","guid":{"rendered":"https:\/\/fvgear.com\/?post_type=product&#038;p=14303"},"modified":"2023-02-28T13:02:52","modified_gmt":"2023-02-28T13:02:52","slug":"nausnice-turmalin-2","status":"publish","type":"product","link":"https:\/\/4c.top-me.eu\/en\/product\/nausnice-turmalin-2\/","title":{"rendered":"N\u00e1u\u0161nice turmal\u00edn"},"content":{"rendered":"<div class=\"et_pb_column et_pb_column_3_8 et_pb_column_inner et_pb_column_inner_4_tb_body et-last-child\">\n<div class=\"et_pb_module et_pb_wc_description et_pb_wc_description_1_tb_body et_pb_bg_layout_light et_pb_text_align_left\">\n<div class=\"et_pb_module_inner\">\n<p>N\u00e1dhern\u00e9 n\u011b\u017en\u00e9 n\u00e1u\u0161nice z brou\u0161en\u00fdch kam\u00ednk\u016f turmal\u00ednu v r\u016fznobarevn\u00fdch jemn\u00fdch pastelov\u00fdch odst\u00ednech, zakon\u010den\u00e9 p\u0159\u00edrodn\u00edm krystalem turmal\u00ednu v p\u0159ekr\u00e1sn\u00e9 r\u016f\u017eov\u00e9 barv\u011b.<\/p>\n<p>Velikost jednotliv\u00fdch brou\u0161en\u00fdch kam\u00ednk\u016f je 2 mm, d\u00e9lka krystal\u016f turmal\u00ednu je 7,5 mm. Z\u00e1p\u00edn\u00e1n\u00ed je st\u0159\u00edbrn\u00e9, na klasickou karabinku, st\u0159\u00edbro Ag 925\/1000. D\u00e9lka zap\u00edn\u00e1n\u00ed je 2 cm. Celkov\u00e1 d\u00e9lka n\u00e1u\u0161nic je 4,5 cm. Celkov\u00e1 v\u00e1ha n\u00e1u\u0161nic 1,7 g. Kam\u00ednky jsou navle\u010deny na pr\u016fhledn\u00e9m vlasci.<\/p>\n<\/div>\n<\/div>\n<\/div>\n","protected":false},"excerpt":{"rendered":"<p>N\u00e1dhern\u00e9 n\u011b\u017en\u00e9 n\u00e1u\u0161nice z brou\u0161en\u00fdch kam\u00ednk\u016f turmal\u00ednu v r\u016fznobarevn\u00fdch jemn\u00fdch pastelov\u00fdch odst\u00ednech, zakon\u010den\u00e9 p\u0159\u00edrodn\u00edm krystalem turmal\u00ednu v p\u0159ekr\u00e1sn\u00e9 r\u016f\u017eov\u00e9 barv\u011b. Velikost jednotliv\u00fdch brou\u0161en\u00fdch kam\u00ednk\u016f je 2 mm, d\u00e9lka krystal\u016f turmal\u00ednu je 7,5 mm. Z\u00e1p\u00edn\u00e1n\u00ed je st\u0159\u00edbrn\u00e9, na klasickou karabinku, st\u0159\u00edbro Ag 925\/1000. D\u00e9lka zap\u00edn\u00e1n\u00ed je 2 cm. Celkov\u00e1 d\u00e9lka n\u00e1u\u0161nic je 4,5 cm. Celkov\u00e1 v\u00e1ha<\/p>\n","protected":false},"featured_media":14329,"template":"","meta":{"_acf_changed":false,"_uag_custom_page_level_css":""},"product_brand":[],"product_cat":[64,56],"product_tag":[118,87,97],"class_list":{"0":"post-14303","1":"product","2":"type-product","3":"status-publish","4":"has-post-thumbnail","6":"product_cat-privesky","7":"product_cat-privesky-a-nausnice-stribro-925-1000","8":"product_tag-nausnice","9":"product_tag-stribro-925-1000","10":"product_tag-turmalin","12":"first","13":"instock","14":"sold-individually","15":"taxable","16":"shipping-taxable","17":"purchasable","18":"product-type-simple"},"acf":[],"uagb_featured_image_src":{"full":["https:\/\/4c.top-me.eu\/wp-content\/uploads\/2023\/02\/IMG_3796-scaled.jpg",0,0,false],"thumbnail":["https:\/\/4c.top-me.eu\/wp-content\/uploads\/2023\/02\/IMG_3796-scaled.jpg",1,1,false],"medium":["https:\/\/4c.top-me.eu\/wp-content\/uploads\/2023\/02\/IMG_3796-scaled.jpg",1,1,false],"medium_large":["https:\/\/4c.top-me.eu\/wp-content\/uploads\/2023\/02\/IMG_3796-scaled.jpg",1,1,false],"large":["https:\/\/4c.top-me.eu\/wp-content\/uploads\/2023\/02\/IMG_3796-scaled.jpg",1,1,false],"1536x1536":["https:\/\/4c.top-me.eu\/wp-content\/uploads\/2023\/02\/IMG_3796-scaled.jpg",1,1,false],"2048x2048":["https:\/\/4c.top-me.eu\/wp-content\/uploads\/2023\/02\/IMG_3796-scaled.jpg",1,1,false],"archive-list":["https:\/\/4c.top-me.eu\/wp-content\/uploads\/2023\/02\/IMG_3796-scaled.jpg",1,1,false],"archive-list-2":["https:\/\/4c.top-me.eu\/wp-content\/uploads\/2023\/02\/IMG_3796-scaled.jpg",1,1,false],"woocommerce_thumbnail":["https:\/\/4c.top-me.eu\/wp-content\/uploads\/2023\/02\/IMG_3796-scaled.jpg",1,1,false],"woocommerce_single":["https:\/\/4c.top-me.eu\/wp-content\/uploads\/2023\/02\/IMG_3796-scaled.jpg",1,1,false],"woocommerce_gallery_thumbnail":["https:\/\/4c.top-me.eu\/wp-content\/uploads\/2023\/02\/IMG_3796-scaled.jpg",1,1,false]},"uagb_author_info":{"display_name":"accordeonMaster","author_link":"https:\/\/4c.top-me.eu\/en\/author\/"},"uagb_comment_info":0,"uagb_excerpt":"N\u00e1dhern\u00e9 n\u011b\u017en\u00e9 n\u00e1u\u0161nice z brou\u0161en\u00fdch kam\u00ednk\u016f turmal\u00ednu v r\u016fznobarevn\u00fdch jemn\u00fdch pastelov\u00fdch odst\u00ednech, zakon\u010den\u00e9 p\u0159\u00edrodn\u00edm krystalem turmal\u00ednu v p\u0159ekr\u00e1sn\u00e9 r\u016f\u017eov\u00e9 barv\u011b. Velikost jednotliv\u00fdch brou\u0161en\u00fdch kam\u00ednk\u016f je 2 mm, d\u00e9lka krystal\u016f turmal\u00ednu je 7,5 mm. Z\u00e1p\u00edn\u00e1n\u00ed je st\u0159\u00edbrn\u00e9, na klasickou karabinku, st\u0159\u00edbro Ag 925\/1000. D\u00e9lka zap\u00edn\u00e1n\u00ed je 2 cm. Celkov\u00e1 d\u00e9lka n\u00e1u\u0161nic je 4,5 cm. Celkov\u00e1 v\u00e1ha","_links":{"self":[{"href":"https:\/\/4c.top-me.eu\/en\/wp-json\/wp\/v2\/product\/14303","targetHints":{"allow":["GET"]}}],"collection":[{"href":"https:\/\/4c.top-me.eu\/en\/wp-json\/wp\/v2\/product"}],"about":[{"href":"https:\/\/4c.top-me.eu\/en\/wp-json\/wp\/v2\/types\/product"}],"wp:featuredmedia":[{"embeddable":true,"href":"https:\/\/4c.top-me.eu\/en\/wp-json\/wp\/v2\/media\/14329"}],"wp:attachment":[{"href":"https:\/\/4c.top-me.eu\/en\/wp-json\/wp\/v2\/media?parent=14303"}],"wp:term":[{"taxonomy":"product_brand","embeddable":true,"href":"https:\/\/4c.top-me.eu\/en\/wp-json\/wp\/v2\/product_brand?post=14303"},{"taxonomy":"product_cat","embeddable":true,"href":"https:\/\/4c.top-me.eu\/en\/wp-json\/wp\/v2\/product_cat?post=14303"},{"taxonomy":"product_tag","embeddable":true,"href":"https:\/\/4c.top-me.eu\/en\/wp-json\/wp\/v2\/product_tag?post=14303"}],"curies":[{"name":"wp","href":"https:\/\/api.w.org\/{rel}","templated":true}]}}