{"id":14284,"date":"2023-02-27T16:43:56","date_gmt":"2023-02-27T16:43:56","guid":{"rendered":"https:\/\/fvgear.com\/?post_type=product&#038;p=14284"},"modified":"2023-02-28T13:41:27","modified_gmt":"2023-02-28T13:41:27","slug":"naramek-perla-s-tyrkysem","status":"publish","type":"product","link":"https:\/\/4c.top-me.eu\/en\/product\/naramek-perla-s-tyrkysem\/","title":{"rendered":"N\u00e1ramek perla s tyrkysem"},"content":{"rendered":"<div class=\"et_pb_column et_pb_column_3_8 et_pb_column_inner et_pb_column_inner_4_tb_body et-last-child\">\n<div class=\"et_pb_module et_pb_wc_description et_pb_wc_description_1_tb_body et_pb_bg_layout_light et_pb_text_align_left\">\n<div class=\"et_pb_module_inner\">\n<div class=\"et_pb_column et_pb_column_3_8 et_pb_column_inner et_pb_column_inner_4_tb_body et-last-child\">\n<div class=\"et_pb_module et_pb_wc_description et_pb_wc_description_1_tb_body et_pb_bg_layout_light et_pb_text_align_left\">\n<div class=\"et_pb_module_inner\">\n<div class=\"et_pb_column et_pb_column_3_8 et_pb_column_inner et_pb_column_inner_4_tb_body et-last-child\">\n<div class=\"et_pb_module et_pb_wc_description et_pb_wc_description_1_tb_body et_pb_bg_layout_light et_pb_text_align_left\">\n<div class=\"et_pb_module_inner\">\n<div class=\"et_pb_column et_pb_column_3_8 et_pb_column_inner et_pb_column_inner_4_tb_body et-last-child\">\n<div class=\"et_pb_module et_pb_wc_description et_pb_wc_description_1_tb_body et_pb_bg_layout_light et_pb_text_align_left\">\n<div class=\"et_pb_module_inner\">\n<div class=\"et_pb_column et_pb_column_3_8 et_pb_column_inner et_pb_column_inner_4_tb_body et-last-child\">\n<div class=\"et_pb_module et_pb_wc_description et_pb_wc_description_1_tb_body et_pb_bg_layout_light et_pb_text_align_left\">\n<div class=\"et_pb_module_inner\">\n<div class=\"et_pb_column et_pb_column_3_8 et_pb_column_inner et_pb_column_inner_4_tb_body et-last-child\">\n<div class=\"et_pb_module et_pb_wc_description et_pb_wc_description_1_tb_body et_pb_bg_layout_light et_pb_text_align_left\">\n<div class=\"et_pb_module_inner\">\n<p>P\u0159ekr\u00e1sn\u00fd unik\u00e1tn\u00ed n\u00e1ramek ze sladkovodn\u00edch kultivovan\u00fdch perel a z jemn\u011b ohlazen\u00fdch kor\u00e1lk\u016f p\u0159ekr\u00e1sn\u00e9ho, syt\u011b zbarven\u00e9ho tyrkysu. N\u00e1ramek je navle\u010den na pr\u016fhledn\u00e9m vlasci.<\/p>\n<p>N\u00e1ramek m\u00e1 klasick\u00e9 zap\u00edn\u00e1n\u00ed na pozlacenou karabinku. St\u0159\u00edbro Ag 925\/1000. Zap\u00edn\u00e1n\u00ed m\u011b\u0159\u00ed 2,1 cm. Jednotliv\u00e9 perly m\u011b\u0159\u00ed cca 3 mm. Jednotliv\u00e9 kor\u00e1lky tyrkysu m\u011b\u0159\u00ed okolo 7 mm. Celkov\u00e1 d\u00e9lka n\u00e1ramku je 17,7 cm. Celkov\u00e1 v\u00e1ha n\u00e1ramku je 3,8 g.<\/p>\n<p>K n\u00e1ramku je mo\u017en\u00e9 zakoupit i <a href=\"https:\/\/4c.top-me.eu\/produkt\/nahrdelnik-perla-a-tyrkys\/\">n\u00e1hrdeln\u00edk<\/a> \u010di <a href=\"https:\/\/4c.top-me.eu\/produkt\/nausnice-perla-a-tyrkys\/\">n\u00e1u\u0161nice<\/a> ve stejn\u00e9m stylu.<\/p>\n<\/div>\n<\/div>\n<\/div>\n<\/div>\n<\/div>\n<\/div>\n<\/div>\n<\/div>\n<\/div>\n<\/div>\n<\/div>\n<\/div>\n<\/div>\n<\/div>\n<\/div>\n<\/div>\n<\/div>\n<\/div>\n","protected":false},"excerpt":{"rendered":"<p>P\u0159ekr\u00e1sn\u00fd unik\u00e1tn\u00ed n\u00e1ramek ze sladkovodn\u00edch kultivovan\u00fdch perel a z jemn\u011b ohlazen\u00fdch kor\u00e1lk\u016f p\u0159ekr\u00e1sn\u00e9ho, syt\u011b zbarven\u00e9ho tyrkysu. N\u00e1ramek je navle\u010den na pr\u016fhledn\u00e9m vlasci. N\u00e1ramek m\u00e1 klasick\u00e9 zap\u00edn\u00e1n\u00ed na pozlacenou karabinku. St\u0159\u00edbro Ag 925\/1000. Zap\u00edn\u00e1n\u00ed m\u011b\u0159\u00ed 2,1 cm. Jednotliv\u00e9 perly m\u011b\u0159\u00ed cca 3 mm. Jednotliv\u00e9 kor\u00e1lky tyrkysu m\u011b\u0159\u00ed okolo 7 mm. Celkov\u00e1 d\u00e9lka n\u00e1ramku je 17,7 cm.<\/p>\n","protected":false},"featured_media":14285,"template":"","meta":{"_acf_changed":false,"_uag_custom_page_level_css":""},"product_brand":[],"product_cat":[59,60],"product_tag":[146,101,87,153],"class_list":{"0":"post-14284","1":"product","2":"type-product","3":"status-publish","4":"has-post-thumbnail","6":"product_cat-naramky-s-prirodnimi-kameny","7":"product_cat-naramky-s-prirodnimi-kameny-stribro-925-1000","8":"product_tag-naramek","9":"product_tag-perla","10":"product_tag-stribro-925-1000","11":"product_tag-tyrkys","13":"first","14":"instock","15":"sold-individually","16":"taxable","17":"shipping-taxable","18":"purchasable","19":"product-type-simple"},"acf":[],"uagb_featured_image_src":{"full":["https:\/\/4c.top-me.eu\/wp-content\/uploads\/2023\/02\/IMG_3772-scaled.jpg",0,0,false],"thumbnail":["https:\/\/4c.top-me.eu\/wp-content\/uploads\/2023\/02\/IMG_3772-scaled.jpg",1,1,false],"medium":["https:\/\/4c.top-me.eu\/wp-content\/uploads\/2023\/02\/IMG_3772-scaled.jpg",1,1,false],"medium_large":["https:\/\/4c.top-me.eu\/wp-content\/uploads\/2023\/02\/IMG_3772-scaled.jpg",1,1,false],"large":["https:\/\/4c.top-me.eu\/wp-content\/uploads\/2023\/02\/IMG_3772-scaled.jpg",1,1,false],"1536x1536":["https:\/\/4c.top-me.eu\/wp-content\/uploads\/2023\/02\/IMG_3772-scaled.jpg",1,1,false],"2048x2048":["https:\/\/4c.top-me.eu\/wp-content\/uploads\/2023\/02\/IMG_3772-scaled.jpg",1,1,false],"archive-list":["https:\/\/4c.top-me.eu\/wp-content\/uploads\/2023\/02\/IMG_3772-scaled.jpg",1,1,false],"archive-list-2":["https:\/\/4c.top-me.eu\/wp-content\/uploads\/2023\/02\/IMG_3772-scaled.jpg",1,1,false],"woocommerce_thumbnail":["https:\/\/4c.top-me.eu\/wp-content\/uploads\/2023\/02\/IMG_3772-scaled.jpg",1,1,false],"woocommerce_single":["https:\/\/4c.top-me.eu\/wp-content\/uploads\/2023\/02\/IMG_3772-scaled.jpg",1,1,false],"woocommerce_gallery_thumbnail":["https:\/\/4c.top-me.eu\/wp-content\/uploads\/2023\/02\/IMG_3772-scaled.jpg",1,1,false]},"uagb_author_info":{"display_name":"accordeonMaster","author_link":"https:\/\/4c.top-me.eu\/en\/author\/"},"uagb_comment_info":0,"uagb_excerpt":"P\u0159ekr\u00e1sn\u00fd unik\u00e1tn\u00ed n\u00e1ramek ze sladkovodn\u00edch kultivovan\u00fdch perel a z jemn\u011b ohlazen\u00fdch kor\u00e1lk\u016f p\u0159ekr\u00e1sn\u00e9ho, syt\u011b zbarven\u00e9ho tyrkysu. N\u00e1ramek je navle\u010den na pr\u016fhledn\u00e9m vlasci. N\u00e1ramek m\u00e1 klasick\u00e9 zap\u00edn\u00e1n\u00ed na pozlacenou karabinku. St\u0159\u00edbro Ag 925\/1000. Zap\u00edn\u00e1n\u00ed m\u011b\u0159\u00ed 2,1 cm. Jednotliv\u00e9 perly m\u011b\u0159\u00ed cca 3 mm. Jednotliv\u00e9 kor\u00e1lky tyrkysu m\u011b\u0159\u00ed okolo 7 mm. Celkov\u00e1 d\u00e9lka n\u00e1ramku je 17,7 cm.","_links":{"self":[{"href":"https:\/\/4c.top-me.eu\/en\/wp-json\/wp\/v2\/product\/14284","targetHints":{"allow":["GET"]}}],"collection":[{"href":"https:\/\/4c.top-me.eu\/en\/wp-json\/wp\/v2\/product"}],"about":[{"href":"https:\/\/4c.top-me.eu\/en\/wp-json\/wp\/v2\/types\/product"}],"wp:featuredmedia":[{"embeddable":true,"href":"https:\/\/4c.top-me.eu\/en\/wp-json\/wp\/v2\/media\/14285"}],"wp:attachment":[{"href":"https:\/\/4c.top-me.eu\/en\/wp-json\/wp\/v2\/media?parent=14284"}],"wp:term":[{"taxonomy":"product_brand","embeddable":true,"href":"https:\/\/4c.top-me.eu\/en\/wp-json\/wp\/v2\/product_brand?post=14284"},{"taxonomy":"product_cat","embeddable":true,"href":"https:\/\/4c.top-me.eu\/en\/wp-json\/wp\/v2\/product_cat?post=14284"},{"taxonomy":"product_tag","embeddable":true,"href":"https:\/\/4c.top-me.eu\/en\/wp-json\/wp\/v2\/product_tag?post=14284"}],"curies":[{"name":"wp","href":"https:\/\/api.w.org\/{rel}","templated":true}]}}