{"id":14255,"date":"2023-02-27T15:57:57","date_gmt":"2023-02-27T15:57:57","guid":{"rendered":"https:\/\/fvgear.com\/?post_type=product&#038;p=14255"},"modified":"2024-11-01T12:05:04","modified_gmt":"2024-11-01T12:05:04","slug":"nausnice-perla-a-tyrkys","status":"publish","type":"product","link":"https:\/\/4c.top-me.eu\/en\/product\/nausnice-perla-a-tyrkys\/","title":{"rendered":"N\u00e1u\u0161nice perla a tyrkys"},"content":{"rendered":"<div class=\"et_pb_column et_pb_column_3_8 et_pb_column_inner et_pb_column_inner_4_tb_body et-last-child\">\n<div class=\"et_pb_module et_pb_wc_description et_pb_wc_description_1_tb_body et_pb_bg_layout_light et_pb_text_align_left\">\n<div class=\"et_pb_module_inner\">\n<div class=\"et_pb_column et_pb_column_3_8 et_pb_column_inner et_pb_column_inner_4_tb_body et-last-child\">\n<div class=\"et_pb_module et_pb_wc_description et_pb_wc_description_1_tb_body et_pb_bg_layout_light et_pb_text_align_left\">\n<div class=\"et_pb_module_inner\">\n<div class=\"et_pb_column et_pb_column_3_8 et_pb_column_inner et_pb_column_inner_4_tb_body et-last-child\">\n<div class=\"et_pb_module et_pb_wc_description et_pb_wc_description_1_tb_body et_pb_bg_layout_light et_pb_text_align_left\">\n<div class=\"et_pb_module_inner\">\n<p>P\u0159ekr\u00e1sn\u00e9 n\u00e1u\u0161nice z n\u011b\u017en\u00fdch, sladkovodn\u00edch kultivovan\u00fdch perli\u010dek a jemn\u011b ohlazen\u00fdch kor\u00e1lk\u016f n\u00e1dhern\u00e9ho, syt\u011b zbarven\u00e9ho tyrkysu, ve spodn\u00ed \u010d\u00e1sti zakon\u010den\u00e9 jemnou, st\u0159\u00edbrnou kuli\u010dkou (st\u0159\u00edbro Ag 925\/1000).<\/p>\n<p>Velikost jednotliv\u00fdch perli\u010dek je cca 3 mm, velikost kor\u00e1lk\u016f tyrkysu je cca 6 mm. Z\u00e1p\u00edn\u00e1n\u00ed je st\u0159\u00edbrn\u00e9, na klasickou karabinku, st\u0159\u00edbro Ag 925\/1000. D\u00e9lka zap\u00edn\u00e1n\u00ed 1,6 cm. Celkov\u00e1 d\u00e9lka n\u00e1u\u0161nic 4,6 cm. Celkov\u00e1 v\u00e1ha n\u00e1u\u0161nic 1,9 g.<\/p>\n<p>K n\u00e1u\u0161nic\u00edm je mo\u017en\u00e9 zakoupit tak\u00e9 <a href=\"https:\/\/4c.top-me.eu\/produkt\/nahrdelnik-perla-a-tyrkys\/\">n\u00e1hrdeln\u00edk<\/a> \u010di <a href=\"https:\/\/4c.top-me.eu\/produkt\/naramek-perla-s-tyrkysem\/\">n\u00e1ramek<\/a> ve stejn\u00e9m stylu.<\/p>\n<\/div>\n<\/div>\n<\/div>\n<\/div>\n<\/div>\n<\/div>\n<\/div>\n<\/div>\n<\/div>\n","protected":false},"excerpt":{"rendered":"<p>P\u0159ekr\u00e1sn\u00e9 n\u00e1u\u0161nice z n\u011b\u017en\u00fdch, sladkovodn\u00edch kultivovan\u00fdch perli\u010dek a jemn\u011b ohlazen\u00fdch kor\u00e1lk\u016f n\u00e1dhern\u00e9ho, syt\u011b zbarven\u00e9ho tyrkysu, ve spodn\u00ed \u010d\u00e1sti zakon\u010den\u00e9 jemnou, st\u0159\u00edbrnou kuli\u010dkou (st\u0159\u00edbro Ag 925\/1000). Velikost jednotliv\u00fdch perli\u010dek je cca 3 mm, velikost kor\u00e1lk\u016f tyrkysu je cca 6 mm. Z\u00e1p\u00edn\u00e1n\u00ed je st\u0159\u00edbrn\u00e9, na klasickou karabinku, st\u0159\u00edbro Ag 925\/1000. D\u00e9lka zap\u00edn\u00e1n\u00ed 1,6 cm. Celkov\u00e1 d\u00e9lka n\u00e1u\u0161nic<\/p>\n","protected":false},"featured_media":14247,"template":"","meta":{"_acf_changed":false,"_uag_custom_page_level_css":""},"product_brand":[],"product_cat":[64,56],"product_tag":[118,101,87,153],"class_list":{"0":"post-14255","1":"product","2":"type-product","3":"status-publish","4":"has-post-thumbnail","6":"product_cat-privesky","7":"product_cat-privesky-a-nausnice-stribro-925-1000","8":"product_tag-nausnice","9":"product_tag-perla","10":"product_tag-stribro-925-1000","11":"product_tag-tyrkys","13":"first","14":"outofstock","15":"sold-individually","16":"taxable","17":"shipping-taxable","18":"purchasable","19":"product-type-simple"},"acf":[],"uagb_featured_image_src":{"full":["https:\/\/4c.top-me.eu\/wp-content\/uploads\/2023\/02\/IMG_3781-scaled.jpg",0,0,false],"thumbnail":["https:\/\/4c.top-me.eu\/wp-content\/uploads\/2023\/02\/IMG_3781-scaled.jpg",1,1,false],"medium":["https:\/\/4c.top-me.eu\/wp-content\/uploads\/2023\/02\/IMG_3781-scaled.jpg",1,1,false],"medium_large":["https:\/\/4c.top-me.eu\/wp-content\/uploads\/2023\/02\/IMG_3781-scaled.jpg",1,1,false],"large":["https:\/\/4c.top-me.eu\/wp-content\/uploads\/2023\/02\/IMG_3781-scaled.jpg",1,1,false],"1536x1536":["https:\/\/4c.top-me.eu\/wp-content\/uploads\/2023\/02\/IMG_3781-scaled.jpg",1,1,false],"2048x2048":["https:\/\/4c.top-me.eu\/wp-content\/uploads\/2023\/02\/IMG_3781-scaled.jpg",1,1,false],"archive-list":["https:\/\/4c.top-me.eu\/wp-content\/uploads\/2023\/02\/IMG_3781-scaled.jpg",1,1,false],"archive-list-2":["https:\/\/4c.top-me.eu\/wp-content\/uploads\/2023\/02\/IMG_3781-scaled.jpg",1,1,false],"woocommerce_thumbnail":["https:\/\/4c.top-me.eu\/wp-content\/uploads\/2023\/02\/IMG_3781-scaled.jpg",1,1,false],"woocommerce_single":["https:\/\/4c.top-me.eu\/wp-content\/uploads\/2023\/02\/IMG_3781-scaled.jpg",1,1,false],"woocommerce_gallery_thumbnail":["https:\/\/4c.top-me.eu\/wp-content\/uploads\/2023\/02\/IMG_3781-scaled.jpg",1,1,false]},"uagb_author_info":{"display_name":"accordeonMaster","author_link":"https:\/\/4c.top-me.eu\/en\/author\/"},"uagb_comment_info":0,"uagb_excerpt":"P\u0159ekr\u00e1sn\u00e9 n\u00e1u\u0161nice z n\u011b\u017en\u00fdch, sladkovodn\u00edch kultivovan\u00fdch perli\u010dek a jemn\u011b ohlazen\u00fdch kor\u00e1lk\u016f n\u00e1dhern\u00e9ho, syt\u011b zbarven\u00e9ho tyrkysu, ve spodn\u00ed \u010d\u00e1sti zakon\u010den\u00e9 jemnou, st\u0159\u00edbrnou kuli\u010dkou (st\u0159\u00edbro Ag 925\/1000). Velikost jednotliv\u00fdch perli\u010dek je cca 3 mm, velikost kor\u00e1lk\u016f tyrkysu je cca 6 mm. Z\u00e1p\u00edn\u00e1n\u00ed je st\u0159\u00edbrn\u00e9, na klasickou karabinku, st\u0159\u00edbro Ag 925\/1000. D\u00e9lka zap\u00edn\u00e1n\u00ed 1,6 cm. Celkov\u00e1 d\u00e9lka n\u00e1u\u0161nic","_links":{"self":[{"href":"https:\/\/4c.top-me.eu\/en\/wp-json\/wp\/v2\/product\/14255","targetHints":{"allow":["GET"]}}],"collection":[{"href":"https:\/\/4c.top-me.eu\/en\/wp-json\/wp\/v2\/product"}],"about":[{"href":"https:\/\/4c.top-me.eu\/en\/wp-json\/wp\/v2\/types\/product"}],"wp:featuredmedia":[{"embeddable":true,"href":"https:\/\/4c.top-me.eu\/en\/wp-json\/wp\/v2\/media\/14247"}],"wp:attachment":[{"href":"https:\/\/4c.top-me.eu\/en\/wp-json\/wp\/v2\/media?parent=14255"}],"wp:term":[{"taxonomy":"product_brand","embeddable":true,"href":"https:\/\/4c.top-me.eu\/en\/wp-json\/wp\/v2\/product_brand?post=14255"},{"taxonomy":"product_cat","embeddable":true,"href":"https:\/\/4c.top-me.eu\/en\/wp-json\/wp\/v2\/product_cat?post=14255"},{"taxonomy":"product_tag","embeddable":true,"href":"https:\/\/4c.top-me.eu\/en\/wp-json\/wp\/v2\/product_tag?post=14255"}],"curies":[{"name":"wp","href":"https:\/\/api.w.org\/{rel}","templated":true}]}}