{"id":14165,"date":"2023-02-23T16:24:24","date_gmt":"2023-02-23T16:24:24","guid":{"rendered":"https:\/\/fvgear.com\/?post_type=product&#038;p=14165"},"modified":"2023-02-23T16:30:30","modified_gmt":"2023-02-23T16:30:30","slug":"naramek-slunecni-a-mesicni-kamen","status":"publish","type":"product","link":"https:\/\/4c.top-me.eu\/en\/product\/naramek-slunecni-a-mesicni-kamen\/","title":{"rendered":"N\u00e1ramek slune\u010dn\u00ed a m\u011bs\u00ed\u010dn\u00ed k\u00e1men"},"content":{"rendered":"<div class=\"et_pb_column et_pb_column_3_8 et_pb_column_inner et_pb_column_inner_4_tb_body et-last-child\">\n<div class=\"et_pb_module et_pb_wc_description et_pb_wc_description_1_tb_body et_pb_bg_layout_light et_pb_text_align_left\">\n<div class=\"et_pb_module_inner\">\n<div class=\"et_pb_column et_pb_column_3_8 et_pb_column_inner et_pb_column_inner_4_tb_body et-last-child\">\n<div class=\"et_pb_module et_pb_wc_description et_pb_wc_description_1_tb_body et_pb_bg_layout_light et_pb_text_align_left\">\n<div class=\"et_pb_module_inner\">\n<div class=\"et_pb_column et_pb_column_3_8 et_pb_column_inner et_pb_column_inner_4_tb_body et-last-child\">\n<div class=\"et_pb_module et_pb_wc_description et_pb_wc_description_1_tb_body et_pb_bg_layout_light et_pb_text_align_left\">\n<div class=\"et_pb_module_inner\">\n<div class=\"et_pb_column et_pb_column_3_8 et_pb_column_inner et_pb_column_inner_4_tb_body et-last-child\">\n<div class=\"et_pb_module et_pb_wc_description et_pb_wc_description_1_tb_body et_pb_bg_layout_light et_pb_text_align_left\">\n<div class=\"et_pb_module_inner\">\n<p>N\u00e1dhern\u00fd elegantn\u00ed n\u00e1ramek z brou\u0161en\u00fdch kam\u00ednk\u016f slune\u010dn\u00edho a m\u011bs\u00ed\u010dn\u00edho kamene, uprost\u0159ed p\u0159edn\u00ed \u010d\u00e1sti a u zap\u00edn\u00e1n\u00ed ozdoben\u00fd kr\u00e1sn\u00fdmi t\u0159pytiv\u00fdmi st\u0159\u00edbrn\u00fdmi kuli\u010dkami (Ag 925\/1000). N\u00e1ramek je navle\u010den na pr\u016fhledn\u00e9m vlasci.<\/p>\n<p>N\u00e1ramek m\u00e1 klasick\u00e9 zap\u00edn\u00e1n\u00ed na st\u0159\u00edbrnou karabinku. St\u0159\u00edbro Ag 925\/1000. Zap\u00edn\u00e1n\u00ed m\u011b\u0159\u00ed 16 mm. Jednotliv\u00e9 kam\u00ednky m\u011b\u0159\u00ed v pr\u016fm\u011bru 2,5 mm. St\u0159\u00edbrn\u00e9 kuli\u010dky m\u011b\u0159\u00ed v pr\u016fm\u011bru 3 mm. Celkov\u00e1 d\u00e9lka n\u00e1ramku je 18,7 cm. Celkov\u00e1 v\u00e1ha n\u00e1ramku je 2 g.<\/p>\n<p>K n\u00e1ramku je mo\u017en\u00e9 zakoupit i <a href=\"https:\/\/4c.top-me.eu\/produkt\/nahrdelnik-slunecni-a-mesicni-kamen\/\">n\u00e1hrdeln\u00edk <\/a>\u010di <a href=\"https:\/\/4c.top-me.eu\/produkt\/nausnice-slunecni-a-mesicni-kamen\/\">n\u00e1u\u0161nice<\/a> ve stejn\u00e9m stylu.<\/p>\n<\/div>\n<\/div>\n<\/div>\n<\/div>\n<\/div>\n<\/div>\n<\/div>\n<\/div>\n<\/div>\n<\/div>\n<\/div>\n<\/div>\n","protected":false},"excerpt":{"rendered":"<p>N\u00e1dhern\u00fd elegantn\u00ed n\u00e1ramek z brou\u0161en\u00fdch kam\u00ednk\u016f slune\u010dn\u00edho a m\u011bs\u00ed\u010dn\u00edho kamene, uprost\u0159ed p\u0159edn\u00ed \u010d\u00e1sti a u zap\u00edn\u00e1n\u00ed ozdoben\u00fd kr\u00e1sn\u00fdmi t\u0159pytiv\u00fdmi st\u0159\u00edbrn\u00fdmi kuli\u010dkami (Ag 925\/1000). N\u00e1ramek je navle\u010den na pr\u016fhledn\u00e9m vlasci. N\u00e1ramek m\u00e1 klasick\u00e9 zap\u00edn\u00e1n\u00ed na st\u0159\u00edbrnou karabinku. St\u0159\u00edbro Ag 925\/1000. Zap\u00edn\u00e1n\u00ed m\u011b\u0159\u00ed 16 mm. Jednotliv\u00e9 kam\u00ednky m\u011b\u0159\u00ed v pr\u016fm\u011bru 2,5 mm. St\u0159\u00edbrn\u00e9 kuli\u010dky m\u011b\u0159\u00ed v pr\u016fm\u011bru<\/p>\n","protected":false},"featured_media":14169,"template":"","meta":{"_acf_changed":false,"_uag_custom_page_level_css":""},"product_brand":[],"product_cat":[59,60],"product_tag":[108,146,93,87],"class_list":{"0":"post-14165","1":"product","2":"type-product","3":"status-publish","4":"has-post-thumbnail","6":"product_cat-naramky-s-prirodnimi-kameny","7":"product_cat-naramky-s-prirodnimi-kameny-stribro-925-1000","8":"product_tag-mesicni-kamen","9":"product_tag-naramek","10":"product_tag-slunecni-kamen","11":"product_tag-stribro-925-1000","13":"first","14":"instock","15":"sold-individually","16":"taxable","17":"shipping-taxable","18":"purchasable","19":"product-type-simple"},"acf":[],"uagb_featured_image_src":{"full":["https:\/\/4c.top-me.eu\/wp-content\/uploads\/2023\/02\/IMG_3530-scaled.jpg",0,0,false],"thumbnail":["https:\/\/4c.top-me.eu\/wp-content\/uploads\/2023\/02\/IMG_3530-scaled.jpg",1,1,false],"medium":["https:\/\/4c.top-me.eu\/wp-content\/uploads\/2023\/02\/IMG_3530-scaled.jpg",1,1,false],"medium_large":["https:\/\/4c.top-me.eu\/wp-content\/uploads\/2023\/02\/IMG_3530-scaled.jpg",1,1,false],"large":["https:\/\/4c.top-me.eu\/wp-content\/uploads\/2023\/02\/IMG_3530-scaled.jpg",1,1,false],"1536x1536":["https:\/\/4c.top-me.eu\/wp-content\/uploads\/2023\/02\/IMG_3530-scaled.jpg",1,1,false],"2048x2048":["https:\/\/4c.top-me.eu\/wp-content\/uploads\/2023\/02\/IMG_3530-scaled.jpg",1,1,false],"archive-list":["https:\/\/4c.top-me.eu\/wp-content\/uploads\/2023\/02\/IMG_3530-scaled.jpg",1,1,false],"archive-list-2":["https:\/\/4c.top-me.eu\/wp-content\/uploads\/2023\/02\/IMG_3530-scaled.jpg",1,1,false],"woocommerce_thumbnail":["https:\/\/4c.top-me.eu\/wp-content\/uploads\/2023\/02\/IMG_3530-scaled.jpg",1,1,false],"woocommerce_single":["https:\/\/4c.top-me.eu\/wp-content\/uploads\/2023\/02\/IMG_3530-scaled.jpg",1,1,false],"woocommerce_gallery_thumbnail":["https:\/\/4c.top-me.eu\/wp-content\/uploads\/2023\/02\/IMG_3530-scaled.jpg",1,1,false]},"uagb_author_info":{"display_name":"accordeonMaster","author_link":"https:\/\/4c.top-me.eu\/en\/author\/"},"uagb_comment_info":0,"uagb_excerpt":"N\u00e1dhern\u00fd elegantn\u00ed n\u00e1ramek z brou\u0161en\u00fdch kam\u00ednk\u016f slune\u010dn\u00edho a m\u011bs\u00ed\u010dn\u00edho kamene, uprost\u0159ed p\u0159edn\u00ed \u010d\u00e1sti a u zap\u00edn\u00e1n\u00ed ozdoben\u00fd kr\u00e1sn\u00fdmi t\u0159pytiv\u00fdmi st\u0159\u00edbrn\u00fdmi kuli\u010dkami (Ag 925\/1000). N\u00e1ramek je navle\u010den na pr\u016fhledn\u00e9m vlasci. N\u00e1ramek m\u00e1 klasick\u00e9 zap\u00edn\u00e1n\u00ed na st\u0159\u00edbrnou karabinku. St\u0159\u00edbro Ag 925\/1000. Zap\u00edn\u00e1n\u00ed m\u011b\u0159\u00ed 16 mm. Jednotliv\u00e9 kam\u00ednky m\u011b\u0159\u00ed v pr\u016fm\u011bru 2,5 mm. St\u0159\u00edbrn\u00e9 kuli\u010dky m\u011b\u0159\u00ed v pr\u016fm\u011bru","_links":{"self":[{"href":"https:\/\/4c.top-me.eu\/en\/wp-json\/wp\/v2\/product\/14165","targetHints":{"allow":["GET"]}}],"collection":[{"href":"https:\/\/4c.top-me.eu\/en\/wp-json\/wp\/v2\/product"}],"about":[{"href":"https:\/\/4c.top-me.eu\/en\/wp-json\/wp\/v2\/types\/product"}],"wp:featuredmedia":[{"embeddable":true,"href":"https:\/\/4c.top-me.eu\/en\/wp-json\/wp\/v2\/media\/14169"}],"wp:attachment":[{"href":"https:\/\/4c.top-me.eu\/en\/wp-json\/wp\/v2\/media?parent=14165"}],"wp:term":[{"taxonomy":"product_brand","embeddable":true,"href":"https:\/\/4c.top-me.eu\/en\/wp-json\/wp\/v2\/product_brand?post=14165"},{"taxonomy":"product_cat","embeddable":true,"href":"https:\/\/4c.top-me.eu\/en\/wp-json\/wp\/v2\/product_cat?post=14165"},{"taxonomy":"product_tag","embeddable":true,"href":"https:\/\/4c.top-me.eu\/en\/wp-json\/wp\/v2\/product_tag?post=14165"}],"curies":[{"name":"wp","href":"https:\/\/api.w.org\/{rel}","templated":true}]}}