{"id":14146,"date":"2023-02-23T13:45:15","date_gmt":"2023-02-23T13:45:15","guid":{"rendered":"https:\/\/fvgear.com\/?post_type=product&#038;p=14146"},"modified":"2023-07-10T08:28:03","modified_gmt":"2023-07-10T08:28:03","slug":"nausnice-slunecni-a-mesicni-kamen","status":"publish","type":"product","link":"https:\/\/4c.top-me.eu\/en\/product\/nausnice-slunecni-a-mesicni-kamen\/","title":{"rendered":"N\u00e1u\u0161nice slune\u010dn\u00ed a m\u011bs\u00ed\u010dn\u00ed k\u00e1men"},"content":{"rendered":"<div class=\"et_pb_column et_pb_column_3_8 et_pb_column_inner et_pb_column_inner_4_tb_body et-last-child\">\n<div class=\"et_pb_module et_pb_wc_description et_pb_wc_description_1_tb_body et_pb_bg_layout_light et_pb_text_align_left\">\n<div class=\"et_pb_module_inner\">\n<p>Elegantn\u00ed visac\u00ed n\u00e1u\u0161nice z brou\u0161en\u00fdch kam\u00ednk\u016f slune\u010dn\u00edho a m\u011bs\u00ed\u010dn\u00edho kamene, v doln\u00ed \u010d\u00e1sti uprost\u0159ed dopln\u011bn\u00e9 v\u011bt\u0161\u00ed kr\u00e1snou t\u0159pytivou st\u0159\u00edbrnou kuli\u010dkou a v horn\u00ed \u010d\u00e1sti men\u0161\u00ed ozdobnou st\u0159\u00edbrnou kuli\u010dkou (Ag 925\/1000).<\/p>\n<p>Velikost jednotliv\u00fdch brou\u0161en\u00fdch kam\u00ednk\u016f je okolo 2,5 mm, pr\u016fm\u011br v\u011bt\u0161\u00ed st\u0159\u00edbrn\u00e9 kuli\u010dky je 4 mm, pr\u016fm\u011br men\u0161\u00ed st\u0159\u00edbrn\u00e9 kuli\u010dky 3 mm. Z\u00e1p\u00edn\u00e1n\u00ed je klasick\u00e9, st\u0159\u00edbro Ag 925\/1000. D\u00e9lka zap\u00edn\u00e1n\u00ed 1,6 cm. Celkov\u00e1 d\u00e9lka n\u00e1u\u0161nic 4,7 cm. Celkov\u00e1 v\u00e1ha n\u00e1u\u0161nic 2,2 g. N\u00e1u\u0161nice jsou navle\u010deny na pr\u016fhledn\u00e9m vlasci.<\/p>\n<p>K n\u00e1u\u0161nic\u00edm je mo\u017en\u00e9 zakoupit i <a href=\"https:\/\/4c.top-me.eu\/produkt\/nahrdelnik-slunecni-a-mesicni-kamen\/\">n\u00e1hrdeln\u00edk <\/a>\u010di <a href=\"https:\/\/4c.top-me.eu\/produkt\/naramek-slunecni-a-mesicni-kamen\/\">n\u00e1ramek<\/a> ve stejn\u00e9m stylu.<\/p>\n<\/div>\n<\/div>\n<\/div>\n","protected":false},"excerpt":{"rendered":"<p>Elegantn\u00ed visac\u00ed n\u00e1u\u0161nice z brou\u0161en\u00fdch kam\u00ednk\u016f slune\u010dn\u00edho a m\u011bs\u00ed\u010dn\u00edho kamene, v doln\u00ed \u010d\u00e1sti uprost\u0159ed dopln\u011bn\u00e9 v\u011bt\u0161\u00ed kr\u00e1snou t\u0159pytivou st\u0159\u00edbrnou kuli\u010dkou a v horn\u00ed \u010d\u00e1sti men\u0161\u00ed ozdobnou st\u0159\u00edbrnou kuli\u010dkou (Ag 925\/1000). Velikost jednotliv\u00fdch brou\u0161en\u00fdch kam\u00ednk\u016f je okolo 2,5 mm, pr\u016fm\u011br v\u011bt\u0161\u00ed st\u0159\u00edbrn\u00e9 kuli\u010dky je 4 mm, pr\u016fm\u011br men\u0161\u00ed st\u0159\u00edbrn\u00e9 kuli\u010dky 3 mm. Z\u00e1p\u00edn\u00e1n\u00ed je klasick\u00e9, st\u0159\u00edbro<\/p>\n","protected":false},"featured_media":14158,"template":"","meta":{"_acf_changed":false,"_uag_custom_page_level_css":""},"product_brand":[],"product_cat":[64,56],"product_tag":[108,118,93,87],"class_list":{"0":"post-14146","1":"product","2":"type-product","3":"status-publish","4":"has-post-thumbnail","6":"product_cat-privesky","7":"product_cat-privesky-a-nausnice-stribro-925-1000","8":"product_tag-mesicni-kamen","9":"product_tag-nausnice","10":"product_tag-slunecni-kamen","11":"product_tag-stribro-925-1000","13":"first","14":"outofstock","15":"sold-individually","16":"taxable","17":"shipping-taxable","18":"purchasable","19":"product-type-simple"},"acf":[],"uagb_featured_image_src":{"full":["https:\/\/4c.top-me.eu\/wp-content\/uploads\/2023\/02\/IMG_3510-scaled.jpg",0,0,false],"thumbnail":["https:\/\/4c.top-me.eu\/wp-content\/uploads\/2023\/02\/IMG_3510-scaled.jpg",1,1,false],"medium":["https:\/\/4c.top-me.eu\/wp-content\/uploads\/2023\/02\/IMG_3510-scaled.jpg",1,1,false],"medium_large":["https:\/\/4c.top-me.eu\/wp-content\/uploads\/2023\/02\/IMG_3510-scaled.jpg",1,1,false],"large":["https:\/\/4c.top-me.eu\/wp-content\/uploads\/2023\/02\/IMG_3510-scaled.jpg",1,1,false],"1536x1536":["https:\/\/4c.top-me.eu\/wp-content\/uploads\/2023\/02\/IMG_3510-scaled.jpg",1,1,false],"2048x2048":["https:\/\/4c.top-me.eu\/wp-content\/uploads\/2023\/02\/IMG_3510-scaled.jpg",1,1,false],"archive-list":["https:\/\/4c.top-me.eu\/wp-content\/uploads\/2023\/02\/IMG_3510-scaled.jpg",1,1,false],"archive-list-2":["https:\/\/4c.top-me.eu\/wp-content\/uploads\/2023\/02\/IMG_3510-scaled.jpg",1,1,false],"woocommerce_thumbnail":["https:\/\/4c.top-me.eu\/wp-content\/uploads\/2023\/02\/IMG_3510-scaled.jpg",1,1,false],"woocommerce_single":["https:\/\/4c.top-me.eu\/wp-content\/uploads\/2023\/02\/IMG_3510-scaled.jpg",1,1,false],"woocommerce_gallery_thumbnail":["https:\/\/4c.top-me.eu\/wp-content\/uploads\/2023\/02\/IMG_3510-scaled.jpg",1,1,false]},"uagb_author_info":{"display_name":"accordeonMaster","author_link":"https:\/\/4c.top-me.eu\/en\/author\/"},"uagb_comment_info":0,"uagb_excerpt":"Elegantn\u00ed visac\u00ed n\u00e1u\u0161nice z brou\u0161en\u00fdch kam\u00ednk\u016f slune\u010dn\u00edho a m\u011bs\u00ed\u010dn\u00edho kamene, v doln\u00ed \u010d\u00e1sti uprost\u0159ed dopln\u011bn\u00e9 v\u011bt\u0161\u00ed kr\u00e1snou t\u0159pytivou st\u0159\u00edbrnou kuli\u010dkou a v horn\u00ed \u010d\u00e1sti men\u0161\u00ed ozdobnou st\u0159\u00edbrnou kuli\u010dkou (Ag 925\/1000). Velikost jednotliv\u00fdch brou\u0161en\u00fdch kam\u00ednk\u016f je okolo 2,5 mm, pr\u016fm\u011br v\u011bt\u0161\u00ed st\u0159\u00edbrn\u00e9 kuli\u010dky je 4 mm, pr\u016fm\u011br men\u0161\u00ed st\u0159\u00edbrn\u00e9 kuli\u010dky 3 mm. Z\u00e1p\u00edn\u00e1n\u00ed je klasick\u00e9, st\u0159\u00edbro","_links":{"self":[{"href":"https:\/\/4c.top-me.eu\/en\/wp-json\/wp\/v2\/product\/14146","targetHints":{"allow":["GET"]}}],"collection":[{"href":"https:\/\/4c.top-me.eu\/en\/wp-json\/wp\/v2\/product"}],"about":[{"href":"https:\/\/4c.top-me.eu\/en\/wp-json\/wp\/v2\/types\/product"}],"wp:featuredmedia":[{"embeddable":true,"href":"https:\/\/4c.top-me.eu\/en\/wp-json\/wp\/v2\/media\/14158"}],"wp:attachment":[{"href":"https:\/\/4c.top-me.eu\/en\/wp-json\/wp\/v2\/media?parent=14146"}],"wp:term":[{"taxonomy":"product_brand","embeddable":true,"href":"https:\/\/4c.top-me.eu\/en\/wp-json\/wp\/v2\/product_brand?post=14146"},{"taxonomy":"product_cat","embeddable":true,"href":"https:\/\/4c.top-me.eu\/en\/wp-json\/wp\/v2\/product_cat?post=14146"},{"taxonomy":"product_tag","embeddable":true,"href":"https:\/\/4c.top-me.eu\/en\/wp-json\/wp\/v2\/product_tag?post=14146"}],"curies":[{"name":"wp","href":"https:\/\/api.w.org\/{rel}","templated":true}]}}