{"id":13841,"date":"2023-02-07T16:23:57","date_gmt":"2023-02-07T16:23:57","guid":{"rendered":"https:\/\/fvgear.com\/?post_type=product&#038;p=13841"},"modified":"2023-02-07T16:23:59","modified_gmt":"2023-02-07T16:23:59","slug":"achatovy-platek-2","status":"publish","type":"product","link":"https:\/\/4c.top-me.eu\/en\/product\/achatovy-platek-2\/","title":{"rendered":"Ach\u00e1tov\u00fd pl\u00e1tek"},"content":{"rendered":"<p>P\u0159ekr\u00e1sn\u00fd pl\u00e1tek ach\u00e1tu s n\u00e1dhern\u00fdm barevn\u00fdm p\u0159echodem v odst\u00ednech \u0161ed\u00e9 a\u017e oran\u017eov\u00e9, vhodn\u00fd k dekoraci interi\u00e9ru. Ach\u00e1t m\u011b\u0159\u00ed se stoj\u00e1nkem na v\u00fd\u0161ku 15,8 cm a bez stoj\u00e1nku 13,8 cm. Na \u0161\u00ed\u0159ku m\u011b\u0159\u00ed 14,5 cm. Pl\u00e1tek je siln\u00fd 7 mm. Cel\u00e1 dekorace v\u00e1\u017e\u00ed 297 g.<\/p>\n<p>K\u00e1men je zasazen\u00fd v d\u0159ev\u011bn\u00e9m stoj\u00e1nku, kter\u00fd je zahrnut v cen\u011b.<\/p>\n","protected":false},"excerpt":{"rendered":"<p>P\u0159ekr\u00e1sn\u00fd pl\u00e1tek ach\u00e1tu s n\u00e1dhern\u00fdm barevn\u00fdm p\u0159echodem v odst\u00ednech \u0161ed\u00e9 a\u017e oran\u017eov\u00e9, vhodn\u00fd k dekoraci interi\u00e9ru. Ach\u00e1t m\u011b\u0159\u00ed se stoj\u00e1nkem na v\u00fd\u0161ku 15,8 cm a bez stoj\u00e1nku 13,8 cm. Na \u0161\u00ed\u0159ku m\u011b\u0159\u00ed 14,5 cm. Pl\u00e1tek je siln\u00fd 7 mm. Cel\u00e1 dekorace v\u00e1\u017e\u00ed 297 g. K\u00e1men je zasazen\u00fd v d\u0159ev\u011bn\u00e9m stoj\u00e1nku, kter\u00fd je zahrnut v cen\u011b.<\/p>\n","protected":false},"featured_media":13863,"template":"","meta":{"_acf_changed":false,"_uag_custom_page_level_css":""},"product_brand":[],"product_cat":[28,29,41,27],"product_tag":[128,277,263,275],"class_list":{"0":"post-13841","1":"product","2":"type-product","3":"status-publish","4":"has-post-thumbnail","6":"product_cat-kameny","7":"product_cat-dekorativni-kameny","8":"product_cat-luxusni-dekorace","9":"product_cat-vyrobky-z-kamenu","10":"product_tag-achat","11":"product_tag-dekorace","12":"product_tag-dekorativni-kameny","13":"product_tag-vyrobky-z-kamenu","15":"first","16":"instock","17":"sold-individually","18":"taxable","19":"shipping-taxable","20":"purchasable","21":"product-type-simple"},"acf":[],"uagb_featured_image_src":{"full":["https:\/\/4c.top-me.eu\/wp-content\/uploads\/2023\/02\/IMG_1903-scaled.jpg",0,0,false],"thumbnail":["https:\/\/4c.top-me.eu\/wp-content\/uploads\/2023\/02\/IMG_1903-scaled.jpg",1,1,false],"medium":["https:\/\/4c.top-me.eu\/wp-content\/uploads\/2023\/02\/IMG_1903-scaled.jpg",1,1,false],"medium_large":["https:\/\/4c.top-me.eu\/wp-content\/uploads\/2023\/02\/IMG_1903-scaled.jpg",1,1,false],"large":["https:\/\/4c.top-me.eu\/wp-content\/uploads\/2023\/02\/IMG_1903-scaled.jpg",1,1,false],"1536x1536":["https:\/\/4c.top-me.eu\/wp-content\/uploads\/2023\/02\/IMG_1903-scaled.jpg",1,1,false],"2048x2048":["https:\/\/4c.top-me.eu\/wp-content\/uploads\/2023\/02\/IMG_1903-scaled.jpg",1,1,false],"archive-list":["https:\/\/4c.top-me.eu\/wp-content\/uploads\/2023\/02\/IMG_1903-scaled.jpg",1,1,false],"archive-list-2":["https:\/\/4c.top-me.eu\/wp-content\/uploads\/2023\/02\/IMG_1903-scaled.jpg",1,1,false],"woocommerce_thumbnail":["https:\/\/4c.top-me.eu\/wp-content\/uploads\/2023\/02\/IMG_1903-scaled.jpg",1,1,false],"woocommerce_single":["https:\/\/4c.top-me.eu\/wp-content\/uploads\/2023\/02\/IMG_1903-scaled.jpg",1,1,false],"woocommerce_gallery_thumbnail":["https:\/\/4c.top-me.eu\/wp-content\/uploads\/2023\/02\/IMG_1903-scaled.jpg",1,1,false]},"uagb_author_info":{"display_name":"accordeonMaster","author_link":"https:\/\/4c.top-me.eu\/en\/author\/"},"uagb_comment_info":0,"uagb_excerpt":"P\u0159ekr\u00e1sn\u00fd pl\u00e1tek ach\u00e1tu s n\u00e1dhern\u00fdm barevn\u00fdm p\u0159echodem v odst\u00ednech \u0161ed\u00e9 a\u017e oran\u017eov\u00e9, vhodn\u00fd k dekoraci interi\u00e9ru. Ach\u00e1t m\u011b\u0159\u00ed se stoj\u00e1nkem na v\u00fd\u0161ku 15,8 cm a bez stoj\u00e1nku 13,8 cm. Na \u0161\u00ed\u0159ku m\u011b\u0159\u00ed 14,5 cm. Pl\u00e1tek je siln\u00fd 7 mm. Cel\u00e1 dekorace v\u00e1\u017e\u00ed 297 g. K\u00e1men je zasazen\u00fd v d\u0159ev\u011bn\u00e9m stoj\u00e1nku, kter\u00fd je zahrnut v cen\u011b.","_links":{"self":[{"href":"https:\/\/4c.top-me.eu\/en\/wp-json\/wp\/v2\/product\/13841","targetHints":{"allow":["GET"]}}],"collection":[{"href":"https:\/\/4c.top-me.eu\/en\/wp-json\/wp\/v2\/product"}],"about":[{"href":"https:\/\/4c.top-me.eu\/en\/wp-json\/wp\/v2\/types\/product"}],"wp:featuredmedia":[{"embeddable":true,"href":"https:\/\/4c.top-me.eu\/en\/wp-json\/wp\/v2\/media\/13863"}],"wp:attachment":[{"href":"https:\/\/4c.top-me.eu\/en\/wp-json\/wp\/v2\/media?parent=13841"}],"wp:term":[{"taxonomy":"product_brand","embeddable":true,"href":"https:\/\/4c.top-me.eu\/en\/wp-json\/wp\/v2\/product_brand?post=13841"},{"taxonomy":"product_cat","embeddable":true,"href":"https:\/\/4c.top-me.eu\/en\/wp-json\/wp\/v2\/product_cat?post=13841"},{"taxonomy":"product_tag","embeddable":true,"href":"https:\/\/4c.top-me.eu\/en\/wp-json\/wp\/v2\/product_tag?post=13841"}],"curies":[{"name":"wp","href":"https:\/\/api.w.org\/{rel}","templated":true}]}}