{"id":13813,"date":"2023-02-03T18:06:33","date_gmt":"2023-02-03T18:06:33","guid":{"rendered":"https:\/\/fvgear.com\/?post_type=product&#038;p=13813"},"modified":"2023-02-03T18:08:51","modified_gmt":"2023-02-03T18:08:51","slug":"celestynova-polokoule","status":"publish","type":"product","link":"https:\/\/4c.top-me.eu\/en\/product\/celestynova-polokoule\/","title":{"rendered":"Celest\u00fdnov\u00e1 polokoule"},"content":{"rendered":"<p>Kr\u00e1sn\u00e1 dekorativn\u00ed celest\u00fdnov\u00e1 polokoule s n\u00e1dhern\u00fdmi, blankytn\u011b modr\u00fdmi krystaly, vhodn\u00e1 k dekoraci interi\u00e9ru.<\/p>\n<p>Polokoule m\u011b\u0159\u00ed na \u0161\u00ed\u0159ku 8,5 cm a na v\u00fd\u0161ku 6,5 cm. Polokoule v\u00e1\u017e\u00ed 772 g.<\/p>\n","protected":false},"excerpt":{"rendered":"<p>Kr\u00e1sn\u00e1 dekorativn\u00ed celest\u00fdnov\u00e1 polokoule s n\u00e1dhern\u00fdmi, blankytn\u011b modr\u00fdmi krystaly, vhodn\u00e1 k dekoraci interi\u00e9ru. Polokoule m\u011b\u0159\u00ed na \u0161\u00ed\u0159ku 8,5 cm a na v\u00fd\u0161ku 6,5 cm. Polokoule v\u00e1\u017e\u00ed 772 g.<\/p>\n","protected":false},"featured_media":13816,"template":"","meta":{"_acf_changed":false,"_uag_custom_page_level_css":""},"product_brand":[],"product_cat":[28,29,41,27],"product_tag":[172,277,263,89,275],"class_list":{"0":"post-13813","1":"product","2":"type-product","3":"status-publish","4":"has-post-thumbnail","6":"product_cat-kameny","7":"product_cat-dekorativni-kameny","8":"product_cat-luxusni-dekorace","9":"product_cat-vyrobky-z-kamenu","10":"product_tag-celestyn","11":"product_tag-dekorace","12":"product_tag-dekorativni-kameny","13":"product_tag-koule","14":"product_tag-vyrobky-z-kamenu","16":"first","17":"instock","18":"sold-individually","19":"taxable","20":"shipping-taxable","21":"purchasable","22":"product-type-simple"},"acf":[],"uagb_featured_image_src":{"full":["https:\/\/4c.top-me.eu\/wp-content\/uploads\/2023\/02\/IMG_1722-scaled.jpg",0,0,false],"thumbnail":["https:\/\/4c.top-me.eu\/wp-content\/uploads\/2023\/02\/IMG_1722-scaled.jpg",1,1,false],"medium":["https:\/\/4c.top-me.eu\/wp-content\/uploads\/2023\/02\/IMG_1722-scaled.jpg",1,1,false],"medium_large":["https:\/\/4c.top-me.eu\/wp-content\/uploads\/2023\/02\/IMG_1722-scaled.jpg",1,1,false],"large":["https:\/\/4c.top-me.eu\/wp-content\/uploads\/2023\/02\/IMG_1722-scaled.jpg",1,1,false],"1536x1536":["https:\/\/4c.top-me.eu\/wp-content\/uploads\/2023\/02\/IMG_1722-scaled.jpg",1,1,false],"2048x2048":["https:\/\/4c.top-me.eu\/wp-content\/uploads\/2023\/02\/IMG_1722-scaled.jpg",1,1,false],"archive-list":["https:\/\/4c.top-me.eu\/wp-content\/uploads\/2023\/02\/IMG_1722-scaled.jpg",1,1,false],"archive-list-2":["https:\/\/4c.top-me.eu\/wp-content\/uploads\/2023\/02\/IMG_1722-scaled.jpg",1,1,false],"woocommerce_thumbnail":["https:\/\/4c.top-me.eu\/wp-content\/uploads\/2023\/02\/IMG_1722-scaled.jpg",1,1,false],"woocommerce_single":["https:\/\/4c.top-me.eu\/wp-content\/uploads\/2023\/02\/IMG_1722-scaled.jpg",1,1,false],"woocommerce_gallery_thumbnail":["https:\/\/4c.top-me.eu\/wp-content\/uploads\/2023\/02\/IMG_1722-scaled.jpg",1,1,false]},"uagb_author_info":{"display_name":"accordeonMaster","author_link":"https:\/\/4c.top-me.eu\/en\/author\/"},"uagb_comment_info":0,"uagb_excerpt":"Kr\u00e1sn\u00e1 dekorativn\u00ed celest\u00fdnov\u00e1 polokoule s n\u00e1dhern\u00fdmi, blankytn\u011b modr\u00fdmi krystaly, vhodn\u00e1 k dekoraci interi\u00e9ru. Polokoule m\u011b\u0159\u00ed na \u0161\u00ed\u0159ku 8,5 cm a na v\u00fd\u0161ku 6,5 cm. Polokoule v\u00e1\u017e\u00ed 772 g.","_links":{"self":[{"href":"https:\/\/4c.top-me.eu\/en\/wp-json\/wp\/v2\/product\/13813","targetHints":{"allow":["GET"]}}],"collection":[{"href":"https:\/\/4c.top-me.eu\/en\/wp-json\/wp\/v2\/product"}],"about":[{"href":"https:\/\/4c.top-me.eu\/en\/wp-json\/wp\/v2\/types\/product"}],"wp:featuredmedia":[{"embeddable":true,"href":"https:\/\/4c.top-me.eu\/en\/wp-json\/wp\/v2\/media\/13816"}],"wp:attachment":[{"href":"https:\/\/4c.top-me.eu\/en\/wp-json\/wp\/v2\/media?parent=13813"}],"wp:term":[{"taxonomy":"product_brand","embeddable":true,"href":"https:\/\/4c.top-me.eu\/en\/wp-json\/wp\/v2\/product_brand?post=13813"},{"taxonomy":"product_cat","embeddable":true,"href":"https:\/\/4c.top-me.eu\/en\/wp-json\/wp\/v2\/product_cat?post=13813"},{"taxonomy":"product_tag","embeddable":true,"href":"https:\/\/4c.top-me.eu\/en\/wp-json\/wp\/v2\/product_tag?post=13813"}],"curies":[{"name":"wp","href":"https:\/\/api.w.org\/{rel}","templated":true}]}}