{"id":13752,"date":"2023-02-03T17:31:48","date_gmt":"2023-02-03T17:31:48","guid":{"rendered":"https:\/\/fvgear.com\/?post_type=product&#038;p=13752"},"modified":"2023-02-03T17:33:22","modified_gmt":"2023-02-03T17:33:22","slug":"celestyn-5","status":"publish","type":"product","link":"https:\/\/4c.top-me.eu\/en\/product\/celestyn-5\/","title":{"rendered":"Celest\u00fdn"},"content":{"rendered":"<div class=\"et_pb_column et_pb_column_3_8 et_pb_column_inner et_pb_column_inner_4_tb_body et-last-child\">\n<div class=\"et_pb_module et_pb_wc_description et_pb_wc_description_1_tb_body et_pb_bg_layout_light et_pb_text_align_left\">\n<div class=\"et_pb_module_inner\">\n<p>P\u0159ekr\u00e1sn\u00e1 celest\u00fdnov\u00e1 dr\u00faza kr\u00e1sn\u00e9 blankytn\u011b modr\u00e9 barvy s v\u00fdjime\u010dn\u011b velk\u00fdm krystalem na jedn\u00e9 stran\u011b.<\/p>\n<p>Dr\u00faza m\u011b\u0159\u00ed na v\u00fd\u0161ku 6,5 cm a na \u0161\u00ed\u0159ku 8 cm. Dr\u00faza v\u00e1\u017e\u00ed 278 g.<\/p>\n<\/div>\n<\/div>\n<\/div>\n","protected":false},"excerpt":{"rendered":"<p>P\u0159ekr\u00e1sn\u00e1 celest\u00fdnov\u00e1 dr\u00faza kr\u00e1sn\u00e9 blankytn\u011b modr\u00e9 barvy s v\u00fdjime\u010dn\u011b velk\u00fdm krystalem na jedn\u00e9 stran\u011b. Dr\u00faza m\u011b\u0159\u00ed na v\u00fd\u0161ku 6,5 cm a na \u0161\u00ed\u0159ku 8 cm. Dr\u00faza v\u00e1\u017e\u00ed 278 g.<\/p>\n","protected":false},"featured_media":13810,"template":"","meta":{"_acf_changed":false,"_uag_custom_page_level_css":""},"product_brand":[],"product_cat":[28,29,41],"product_tag":[172,277,263,187],"class_list":{"0":"post-13752","1":"product","2":"type-product","3":"status-publish","4":"has-post-thumbnail","6":"product_cat-kameny","7":"product_cat-dekorativni-kameny","8":"product_cat-luxusni-dekorace","9":"product_tag-celestyn","10":"product_tag-dekorace","11":"product_tag-dekorativni-kameny","12":"product_tag-druza","14":"first","15":"instock","16":"sold-individually","17":"taxable","18":"shipping-taxable","19":"purchasable","20":"product-type-simple"},"acf":[],"uagb_featured_image_src":{"full":["https:\/\/4c.top-me.eu\/wp-content\/uploads\/2023\/02\/IMG_1720-scaled.jpg",0,0,false],"thumbnail":["https:\/\/4c.top-me.eu\/wp-content\/uploads\/2023\/02\/IMG_1720-scaled.jpg",1,1,false],"medium":["https:\/\/4c.top-me.eu\/wp-content\/uploads\/2023\/02\/IMG_1720-scaled.jpg",1,1,false],"medium_large":["https:\/\/4c.top-me.eu\/wp-content\/uploads\/2023\/02\/IMG_1720-scaled.jpg",1,1,false],"large":["https:\/\/4c.top-me.eu\/wp-content\/uploads\/2023\/02\/IMG_1720-scaled.jpg",1,1,false],"1536x1536":["https:\/\/4c.top-me.eu\/wp-content\/uploads\/2023\/02\/IMG_1720-scaled.jpg",1,1,false],"2048x2048":["https:\/\/4c.top-me.eu\/wp-content\/uploads\/2023\/02\/IMG_1720-scaled.jpg",1,1,false],"archive-list":["https:\/\/4c.top-me.eu\/wp-content\/uploads\/2023\/02\/IMG_1720-scaled.jpg",1,1,false],"archive-list-2":["https:\/\/4c.top-me.eu\/wp-content\/uploads\/2023\/02\/IMG_1720-scaled.jpg",1,1,false],"woocommerce_thumbnail":["https:\/\/4c.top-me.eu\/wp-content\/uploads\/2023\/02\/IMG_1720-scaled.jpg",1,1,false],"woocommerce_single":["https:\/\/4c.top-me.eu\/wp-content\/uploads\/2023\/02\/IMG_1720-scaled.jpg",1,1,false],"woocommerce_gallery_thumbnail":["https:\/\/4c.top-me.eu\/wp-content\/uploads\/2023\/02\/IMG_1720-scaled.jpg",1,1,false]},"uagb_author_info":{"display_name":"accordeonMaster","author_link":"https:\/\/4c.top-me.eu\/en\/author\/"},"uagb_comment_info":0,"uagb_excerpt":"P\u0159ekr\u00e1sn\u00e1 celest\u00fdnov\u00e1 dr\u00faza kr\u00e1sn\u00e9 blankytn\u011b modr\u00e9 barvy s v\u00fdjime\u010dn\u011b velk\u00fdm krystalem na jedn\u00e9 stran\u011b. Dr\u00faza m\u011b\u0159\u00ed na v\u00fd\u0161ku 6,5 cm a na \u0161\u00ed\u0159ku 8 cm. Dr\u00faza v\u00e1\u017e\u00ed 278 g.","_links":{"self":[{"href":"https:\/\/4c.top-me.eu\/en\/wp-json\/wp\/v2\/product\/13752","targetHints":{"allow":["GET"]}}],"collection":[{"href":"https:\/\/4c.top-me.eu\/en\/wp-json\/wp\/v2\/product"}],"about":[{"href":"https:\/\/4c.top-me.eu\/en\/wp-json\/wp\/v2\/types\/product"}],"wp:featuredmedia":[{"embeddable":true,"href":"https:\/\/4c.top-me.eu\/en\/wp-json\/wp\/v2\/media\/13810"}],"wp:attachment":[{"href":"https:\/\/4c.top-me.eu\/en\/wp-json\/wp\/v2\/media?parent=13752"}],"wp:term":[{"taxonomy":"product_brand","embeddable":true,"href":"https:\/\/4c.top-me.eu\/en\/wp-json\/wp\/v2\/product_brand?post=13752"},{"taxonomy":"product_cat","embeddable":true,"href":"https:\/\/4c.top-me.eu\/en\/wp-json\/wp\/v2\/product_cat?post=13752"},{"taxonomy":"product_tag","embeddable":true,"href":"https:\/\/4c.top-me.eu\/en\/wp-json\/wp\/v2\/product_tag?post=13752"}],"curies":[{"name":"wp","href":"https:\/\/api.w.org\/{rel}","templated":true}]}}