{"id":13631,"date":"2023-02-01T17:12:00","date_gmt":"2023-02-01T17:12:00","guid":{"rendered":"https:\/\/fvgear.com\/?post_type=product&#038;p=13631"},"modified":"2023-02-01T17:12:59","modified_gmt":"2023-02-01T17:12:59","slug":"malachit-6","status":"publish","type":"product","link":"https:\/\/4c.top-me.eu\/en\/product\/malachit-6\/","title":{"rendered":"Malachit"},"content":{"rendered":"<p>Kr\u00e1sn\u00fd vzorek syt\u011b zelen\u00e9ho malachitu, tvo\u0159en\u00e9ho tenk\u00fdmi leskl\u00fdmi jehli\u010dkami.<\/p>\n<p>Vzorek m\u011b\u0159\u00ed na v\u00fd\u0161ku 9,7 cm a na \u0161\u00ed\u0159ku 5 cm. Vzorek v\u00e1\u017e\u00ed 181 g.<\/p>\n","protected":false},"excerpt":{"rendered":"<p>Kr\u00e1sn\u00fd vzorek syt\u011b zelen\u00e9ho malachitu, tvo\u0159en\u00e9ho tenk\u00fdmi leskl\u00fdmi jehli\u010dkami. Vzorek m\u011b\u0159\u00ed na v\u00fd\u0161ku 9,7 cm a na \u0161\u00ed\u0159ku 5 cm. Vzorek v\u00e1\u017e\u00ed 181 g.<\/p>\n","protected":false},"featured_media":13648,"template":"","meta":{"_acf_changed":false,"_uag_custom_page_level_css":""},"product_brand":[],"product_cat":[28,29,41],"product_tag":[277,263,92],"class_list":{"0":"post-13631","1":"product","2":"type-product","3":"status-publish","4":"has-post-thumbnail","6":"product_cat-kameny","7":"product_cat-dekorativni-kameny","8":"product_cat-luxusni-dekorace","9":"product_tag-dekorace","10":"product_tag-dekorativni-kameny","11":"product_tag-malachit","13":"first","14":"instock","15":"sold-individually","16":"taxable","17":"shipping-taxable","18":"purchasable","19":"product-type-simple"},"acf":[],"uagb_featured_image_src":{"full":["https:\/\/4c.top-me.eu\/wp-content\/uploads\/2023\/02\/IMG_1481-scaled.jpg",0,0,false],"thumbnail":["https:\/\/4c.top-me.eu\/wp-content\/uploads\/2023\/02\/IMG_1481-scaled.jpg",1,1,false],"medium":["https:\/\/4c.top-me.eu\/wp-content\/uploads\/2023\/02\/IMG_1481-scaled.jpg",1,1,false],"medium_large":["https:\/\/4c.top-me.eu\/wp-content\/uploads\/2023\/02\/IMG_1481-scaled.jpg",1,1,false],"large":["https:\/\/4c.top-me.eu\/wp-content\/uploads\/2023\/02\/IMG_1481-scaled.jpg",1,1,false],"1536x1536":["https:\/\/4c.top-me.eu\/wp-content\/uploads\/2023\/02\/IMG_1481-scaled.jpg",1,1,false],"2048x2048":["https:\/\/4c.top-me.eu\/wp-content\/uploads\/2023\/02\/IMG_1481-scaled.jpg",1,1,false],"archive-list":["https:\/\/4c.top-me.eu\/wp-content\/uploads\/2023\/02\/IMG_1481-scaled.jpg",1,1,false],"archive-list-2":["https:\/\/4c.top-me.eu\/wp-content\/uploads\/2023\/02\/IMG_1481-scaled.jpg",1,1,false],"woocommerce_thumbnail":["https:\/\/4c.top-me.eu\/wp-content\/uploads\/2023\/02\/IMG_1481-scaled.jpg",1,1,false],"woocommerce_single":["https:\/\/4c.top-me.eu\/wp-content\/uploads\/2023\/02\/IMG_1481-scaled.jpg",1,1,false],"woocommerce_gallery_thumbnail":["https:\/\/4c.top-me.eu\/wp-content\/uploads\/2023\/02\/IMG_1481-scaled.jpg",1,1,false]},"uagb_author_info":{"display_name":"accordeonMaster","author_link":"https:\/\/4c.top-me.eu\/en\/author\/"},"uagb_comment_info":0,"uagb_excerpt":"Kr\u00e1sn\u00fd vzorek syt\u011b zelen\u00e9ho malachitu, tvo\u0159en\u00e9ho tenk\u00fdmi leskl\u00fdmi jehli\u010dkami. Vzorek m\u011b\u0159\u00ed na v\u00fd\u0161ku 9,7 cm a na \u0161\u00ed\u0159ku 5 cm. Vzorek v\u00e1\u017e\u00ed 181 g.","_links":{"self":[{"href":"https:\/\/4c.top-me.eu\/en\/wp-json\/wp\/v2\/product\/13631","targetHints":{"allow":["GET"]}}],"collection":[{"href":"https:\/\/4c.top-me.eu\/en\/wp-json\/wp\/v2\/product"}],"about":[{"href":"https:\/\/4c.top-me.eu\/en\/wp-json\/wp\/v2\/types\/product"}],"wp:featuredmedia":[{"embeddable":true,"href":"https:\/\/4c.top-me.eu\/en\/wp-json\/wp\/v2\/media\/13648"}],"wp:attachment":[{"href":"https:\/\/4c.top-me.eu\/en\/wp-json\/wp\/v2\/media?parent=13631"}],"wp:term":[{"taxonomy":"product_brand","embeddable":true,"href":"https:\/\/4c.top-me.eu\/en\/wp-json\/wp\/v2\/product_brand?post=13631"},{"taxonomy":"product_cat","embeddable":true,"href":"https:\/\/4c.top-me.eu\/en\/wp-json\/wp\/v2\/product_cat?post=13631"},{"taxonomy":"product_tag","embeddable":true,"href":"https:\/\/4c.top-me.eu\/en\/wp-json\/wp\/v2\/product_tag?post=13631"}],"curies":[{"name":"wp","href":"https:\/\/api.w.org\/{rel}","templated":true}]}}