{"id":13566,"date":"2023-02-01T14:44:44","date_gmt":"2023-02-01T14:44:44","guid":{"rendered":"https:\/\/fvgear.com\/?post_type=product&#038;p=13566"},"modified":"2023-02-01T15:27:12","modified_gmt":"2023-02-01T15:27:12","slug":"kristal-7","status":"publish","type":"product","link":"https:\/\/4c.top-me.eu\/en\/product\/kristal-7\/","title":{"rendered":"K\u0159i\u0161\u0165\u00e1l"},"content":{"rendered":"<p>Sr\u016fst n\u011bkolika krystal\u016f k\u0159i\u0161\u0165\u00e1lu, uprost\u0159ed s vz\u00e1cn\u00fdm, nezvykle dlouh\u00fdm, oboustrann\u011b ukon\u010den\u00fdm krystalem.<\/p>\n<p>Oboustrann\u011b ukon\u010den\u00fd krystal m\u011b\u0159\u00ed na d\u00e9lku 13 cm a na \u0161\u00ed\u0159ku 2,2 cm.<\/p>\n<p>Cel\u00fd vzorek m\u011b\u0159\u00ed na \u0161\u00ed\u0159ku 11 cm, na d\u00e9lku 14 cm a na v\u00fd\u0161ku 10,5 cm. Vzorek v\u00e1\u017e\u00ed 977 g.<\/p>\n","protected":false},"excerpt":{"rendered":"<p>Sr\u016fst n\u011bkolika krystal\u016f k\u0159i\u0161\u0165\u00e1lu, uprost\u0159ed s vz\u00e1cn\u00fdm, nezvykle dlouh\u00fdm, oboustrann\u011b ukon\u010den\u00fdm krystalem. Oboustrann\u011b ukon\u010den\u00fd krystal m\u011b\u0159\u00ed na d\u00e9lku 13 cm a na \u0161\u00ed\u0159ku 2,2 cm. Cel\u00fd vzorek m\u011b\u0159\u00ed na \u0161\u00ed\u0159ku 11 cm, na d\u00e9lku 14 cm a na v\u00fd\u0161ku 10,5 cm. Vzorek v\u00e1\u017e\u00ed 977 g.<\/p>\n","protected":false},"featured_media":13569,"template":"","meta":{"_acf_changed":false,"_uag_custom_page_level_css":""},"product_brand":[],"product_cat":[28,29,41],"product_tag":[277,263,187,95,171],"class_list":{"0":"post-13566","1":"product","2":"type-product","3":"status-publish","4":"has-post-thumbnail","6":"product_cat-kameny","7":"product_cat-dekorativni-kameny","8":"product_cat-luxusni-dekorace","9":"product_tag-dekorace","10":"product_tag-dekorativni-kameny","11":"product_tag-druza","12":"product_tag-kristal","13":"product_tag-krystal","15":"first","16":"instock","17":"sold-individually","18":"taxable","19":"shipping-taxable","20":"purchasable","21":"product-type-simple"},"acf":[],"uagb_featured_image_src":{"full":["https:\/\/4c.top-me.eu\/wp-content\/uploads\/2023\/02\/IMG_1435-scaled.jpg",0,0,false],"thumbnail":["https:\/\/4c.top-me.eu\/wp-content\/uploads\/2023\/02\/IMG_1435-scaled.jpg",1,1,false],"medium":["https:\/\/4c.top-me.eu\/wp-content\/uploads\/2023\/02\/IMG_1435-scaled.jpg",1,1,false],"medium_large":["https:\/\/4c.top-me.eu\/wp-content\/uploads\/2023\/02\/IMG_1435-scaled.jpg",1,1,false],"large":["https:\/\/4c.top-me.eu\/wp-content\/uploads\/2023\/02\/IMG_1435-scaled.jpg",1,1,false],"1536x1536":["https:\/\/4c.top-me.eu\/wp-content\/uploads\/2023\/02\/IMG_1435-scaled.jpg",1,1,false],"2048x2048":["https:\/\/4c.top-me.eu\/wp-content\/uploads\/2023\/02\/IMG_1435-scaled.jpg",1,1,false],"archive-list":["https:\/\/4c.top-me.eu\/wp-content\/uploads\/2023\/02\/IMG_1435-scaled.jpg",1,1,false],"archive-list-2":["https:\/\/4c.top-me.eu\/wp-content\/uploads\/2023\/02\/IMG_1435-scaled.jpg",1,1,false],"woocommerce_thumbnail":["https:\/\/4c.top-me.eu\/wp-content\/uploads\/2023\/02\/IMG_1435-scaled.jpg",1,1,false],"woocommerce_single":["https:\/\/4c.top-me.eu\/wp-content\/uploads\/2023\/02\/IMG_1435-scaled.jpg",1,1,false],"woocommerce_gallery_thumbnail":["https:\/\/4c.top-me.eu\/wp-content\/uploads\/2023\/02\/IMG_1435-scaled.jpg",1,1,false]},"uagb_author_info":{"display_name":"accordeonMaster","author_link":"https:\/\/4c.top-me.eu\/en\/author\/"},"uagb_comment_info":0,"uagb_excerpt":"Sr\u016fst n\u011bkolika krystal\u016f k\u0159i\u0161\u0165\u00e1lu, uprost\u0159ed s vz\u00e1cn\u00fdm, nezvykle dlouh\u00fdm, oboustrann\u011b ukon\u010den\u00fdm krystalem. Oboustrann\u011b ukon\u010den\u00fd krystal m\u011b\u0159\u00ed na d\u00e9lku 13 cm a na \u0161\u00ed\u0159ku 2,2 cm. Cel\u00fd vzorek m\u011b\u0159\u00ed na \u0161\u00ed\u0159ku 11 cm, na d\u00e9lku 14 cm a na v\u00fd\u0161ku 10,5 cm. Vzorek v\u00e1\u017e\u00ed 977 g.","_links":{"self":[{"href":"https:\/\/4c.top-me.eu\/en\/wp-json\/wp\/v2\/product\/13566","targetHints":{"allow":["GET"]}}],"collection":[{"href":"https:\/\/4c.top-me.eu\/en\/wp-json\/wp\/v2\/product"}],"about":[{"href":"https:\/\/4c.top-me.eu\/en\/wp-json\/wp\/v2\/types\/product"}],"wp:featuredmedia":[{"embeddable":true,"href":"https:\/\/4c.top-me.eu\/en\/wp-json\/wp\/v2\/media\/13569"}],"wp:attachment":[{"href":"https:\/\/4c.top-me.eu\/en\/wp-json\/wp\/v2\/media?parent=13566"}],"wp:term":[{"taxonomy":"product_brand","embeddable":true,"href":"https:\/\/4c.top-me.eu\/en\/wp-json\/wp\/v2\/product_brand?post=13566"},{"taxonomy":"product_cat","embeddable":true,"href":"https:\/\/4c.top-me.eu\/en\/wp-json\/wp\/v2\/product_cat?post=13566"},{"taxonomy":"product_tag","embeddable":true,"href":"https:\/\/4c.top-me.eu\/en\/wp-json\/wp\/v2\/product_tag?post=13566"}],"curies":[{"name":"wp","href":"https:\/\/api.w.org\/{rel}","templated":true}]}}