{"id":13469,"date":"2023-01-31T16:16:53","date_gmt":"2023-01-31T16:16:53","guid":{"rendered":"https:\/\/fvgear.com\/?post_type=product&#038;p=13469"},"modified":"2023-01-31T16:16:53","modified_gmt":"2023-01-31T16:16:53","slug":"vejce-septarie","status":"publish","type":"product","link":"https:\/\/4c.top-me.eu\/en\/product\/vejce-septarie\/","title":{"rendered":"Vejce sept\u00e1rie"},"content":{"rendered":"<p>Kr\u00e1sn\u00e9 dekorativn\u00ed le\u0161t\u011bn\u00e9 vejce ze sept\u00e1rie, o v\u00fd\u0161ce 18,5 cm, \u0161\u00ed\u0159ce 12,5 cm a v\u00e1ze 3105 g.<\/p>\n","protected":false},"excerpt":{"rendered":"<p>Kr\u00e1sn\u00e9 dekorativn\u00ed le\u0161t\u011bn\u00e9 vejce ze sept\u00e1rie, o v\u00fd\u0161ce 18,5 cm, \u0161\u00ed\u0159ce 12,5 cm a v\u00e1ze 3105 g.<\/p>\n","protected":false},"featured_media":13492,"template":"","meta":{"_acf_changed":false,"_uag_custom_page_level_css":""},"product_brand":[],"product_cat":[28,29,41,27],"product_tag":[277,263,192,114,275],"class_list":{"0":"post-13469","1":"product","2":"type-product","3":"status-publish","4":"has-post-thumbnail","6":"product_cat-kameny","7":"product_cat-dekorativni-kameny","8":"product_cat-luxusni-dekorace","9":"product_cat-vyrobky-z-kamenu","10":"product_tag-dekorace","11":"product_tag-dekorativni-kameny","12":"product_tag-septarie","13":"product_tag-vejce","14":"product_tag-vyrobky-z-kamenu","16":"first","17":"instock","18":"sold-individually","19":"taxable","20":"shipping-taxable","21":"purchasable","22":"product-type-simple"},"acf":[],"uagb_featured_image_src":{"full":["https:\/\/4c.top-me.eu\/wp-content\/uploads\/2023\/01\/IMG_1311-scaled.jpg",0,0,false],"thumbnail":["https:\/\/4c.top-me.eu\/wp-content\/uploads\/2023\/01\/IMG_1311-scaled.jpg",1,1,false],"medium":["https:\/\/4c.top-me.eu\/wp-content\/uploads\/2023\/01\/IMG_1311-scaled.jpg",1,1,false],"medium_large":["https:\/\/4c.top-me.eu\/wp-content\/uploads\/2023\/01\/IMG_1311-scaled.jpg",1,1,false],"large":["https:\/\/4c.top-me.eu\/wp-content\/uploads\/2023\/01\/IMG_1311-scaled.jpg",1,1,false],"1536x1536":["https:\/\/4c.top-me.eu\/wp-content\/uploads\/2023\/01\/IMG_1311-scaled.jpg",1,1,false],"2048x2048":["https:\/\/4c.top-me.eu\/wp-content\/uploads\/2023\/01\/IMG_1311-scaled.jpg",1,1,false],"archive-list":["https:\/\/4c.top-me.eu\/wp-content\/uploads\/2023\/01\/IMG_1311-scaled.jpg",1,1,false],"archive-list-2":["https:\/\/4c.top-me.eu\/wp-content\/uploads\/2023\/01\/IMG_1311-scaled.jpg",1,1,false],"woocommerce_thumbnail":["https:\/\/4c.top-me.eu\/wp-content\/uploads\/2023\/01\/IMG_1311-scaled.jpg",1,1,false],"woocommerce_single":["https:\/\/4c.top-me.eu\/wp-content\/uploads\/2023\/01\/IMG_1311-scaled.jpg",1,1,false],"woocommerce_gallery_thumbnail":["https:\/\/4c.top-me.eu\/wp-content\/uploads\/2023\/01\/IMG_1311-scaled.jpg",1,1,false]},"uagb_author_info":{"display_name":"accordeonMaster","author_link":"https:\/\/4c.top-me.eu\/en\/author\/"},"uagb_comment_info":0,"uagb_excerpt":"Kr\u00e1sn\u00e9 dekorativn\u00ed le\u0161t\u011bn\u00e9 vejce ze sept\u00e1rie, o v\u00fd\u0161ce 18,5 cm, \u0161\u00ed\u0159ce 12,5 cm a v\u00e1ze 3105 g.","_links":{"self":[{"href":"https:\/\/4c.top-me.eu\/en\/wp-json\/wp\/v2\/product\/13469","targetHints":{"allow":["GET"]}}],"collection":[{"href":"https:\/\/4c.top-me.eu\/en\/wp-json\/wp\/v2\/product"}],"about":[{"href":"https:\/\/4c.top-me.eu\/en\/wp-json\/wp\/v2\/types\/product"}],"wp:featuredmedia":[{"embeddable":true,"href":"https:\/\/4c.top-me.eu\/en\/wp-json\/wp\/v2\/media\/13492"}],"wp:attachment":[{"href":"https:\/\/4c.top-me.eu\/en\/wp-json\/wp\/v2\/media?parent=13469"}],"wp:term":[{"taxonomy":"product_brand","embeddable":true,"href":"https:\/\/4c.top-me.eu\/en\/wp-json\/wp\/v2\/product_brand?post=13469"},{"taxonomy":"product_cat","embeddable":true,"href":"https:\/\/4c.top-me.eu\/en\/wp-json\/wp\/v2\/product_cat?post=13469"},{"taxonomy":"product_tag","embeddable":true,"href":"https:\/\/4c.top-me.eu\/en\/wp-json\/wp\/v2\/product_tag?post=13469"}],"curies":[{"name":"wp","href":"https:\/\/api.w.org\/{rel}","templated":true}]}}