{"id":13441,"date":"2023-01-31T15:44:40","date_gmt":"2023-01-31T15:44:40","guid":{"rendered":"https:\/\/fvgear.com\/?post_type=product&#038;p=13441"},"modified":"2023-01-31T15:44:41","modified_gmt":"2023-01-31T15:44:41","slug":"krystal-zahnedy","status":"publish","type":"product","link":"https:\/\/4c.top-me.eu\/en\/product\/krystal-zahnedy\/","title":{"rendered":"Krystal z\u00e1hn\u011bdy"},"content":{"rendered":"<p>N\u00e1dhern\u00fd pr\u016fzra\u010dn\u00fd krystal z\u00e1hn\u011bdy s kr\u00e1sn\u011b ostrou p\u0159\u00edrodn\u00ed \u0161pi\u010dkou. Krystal m\u011b\u0159\u00ed na d\u00e9lku 12,5 cm a na \u0161\u00ed\u0159ku 6,5 cm. Krystal v\u00e1\u017e\u00ed 610,5 g.<\/p>\n","protected":false},"excerpt":{"rendered":"<p>N\u00e1dhern\u00fd pr\u016fzra\u010dn\u00fd krystal z\u00e1hn\u011bdy s kr\u00e1sn\u011b ostrou p\u0159\u00edrodn\u00ed \u0161pi\u010dkou. Krystal m\u011b\u0159\u00ed na d\u00e9lku 12,5 cm a na \u0161\u00ed\u0159ku 6,5 cm. Krystal v\u00e1\u017e\u00ed 610,5 g.<\/p>\n","protected":false},"featured_media":13458,"template":"","meta":{"_acf_changed":false,"_uag_custom_page_level_css":""},"product_brand":[],"product_cat":[28,29,41],"product_tag":[277,263,171,134],"class_list":{"0":"post-13441","1":"product","2":"type-product","3":"status-publish","4":"has-post-thumbnail","6":"product_cat-kameny","7":"product_cat-dekorativni-kameny","8":"product_cat-luxusni-dekorace","9":"product_tag-dekorace","10":"product_tag-dekorativni-kameny","11":"product_tag-krystal","12":"product_tag-zahneda","14":"first","15":"instock","16":"sold-individually","17":"taxable","18":"shipping-taxable","19":"purchasable","20":"product-type-simple"},"acf":[],"uagb_featured_image_src":{"full":["https:\/\/4c.top-me.eu\/wp-content\/uploads\/2023\/01\/IMG_0247-scaled.jpg",0,0,false],"thumbnail":["https:\/\/4c.top-me.eu\/wp-content\/uploads\/2023\/01\/IMG_0247-scaled.jpg",1,1,false],"medium":["https:\/\/4c.top-me.eu\/wp-content\/uploads\/2023\/01\/IMG_0247-scaled.jpg",1,1,false],"medium_large":["https:\/\/4c.top-me.eu\/wp-content\/uploads\/2023\/01\/IMG_0247-scaled.jpg",1,1,false],"large":["https:\/\/4c.top-me.eu\/wp-content\/uploads\/2023\/01\/IMG_0247-scaled.jpg",1,1,false],"1536x1536":["https:\/\/4c.top-me.eu\/wp-content\/uploads\/2023\/01\/IMG_0247-scaled.jpg",1,1,false],"2048x2048":["https:\/\/4c.top-me.eu\/wp-content\/uploads\/2023\/01\/IMG_0247-scaled.jpg",1,1,false],"archive-list":["https:\/\/4c.top-me.eu\/wp-content\/uploads\/2023\/01\/IMG_0247-scaled.jpg",1,1,false],"archive-list-2":["https:\/\/4c.top-me.eu\/wp-content\/uploads\/2023\/01\/IMG_0247-scaled.jpg",1,1,false],"woocommerce_thumbnail":["https:\/\/4c.top-me.eu\/wp-content\/uploads\/2023\/01\/IMG_0247-scaled.jpg",1,1,false],"woocommerce_single":["https:\/\/4c.top-me.eu\/wp-content\/uploads\/2023\/01\/IMG_0247-scaled.jpg",1,1,false],"woocommerce_gallery_thumbnail":["https:\/\/4c.top-me.eu\/wp-content\/uploads\/2023\/01\/IMG_0247-scaled.jpg",1,1,false]},"uagb_author_info":{"display_name":"accordeonMaster","author_link":"https:\/\/4c.top-me.eu\/en\/author\/"},"uagb_comment_info":0,"uagb_excerpt":"N\u00e1dhern\u00fd pr\u016fzra\u010dn\u00fd krystal z\u00e1hn\u011bdy s kr\u00e1sn\u011b ostrou p\u0159\u00edrodn\u00ed \u0161pi\u010dkou. Krystal m\u011b\u0159\u00ed na d\u00e9lku 12,5 cm a na \u0161\u00ed\u0159ku 6,5 cm. Krystal v\u00e1\u017e\u00ed 610,5 g.","_links":{"self":[{"href":"https:\/\/4c.top-me.eu\/en\/wp-json\/wp\/v2\/product\/13441","targetHints":{"allow":["GET"]}}],"collection":[{"href":"https:\/\/4c.top-me.eu\/en\/wp-json\/wp\/v2\/product"}],"about":[{"href":"https:\/\/4c.top-me.eu\/en\/wp-json\/wp\/v2\/types\/product"}],"wp:featuredmedia":[{"embeddable":true,"href":"https:\/\/4c.top-me.eu\/en\/wp-json\/wp\/v2\/media\/13458"}],"wp:attachment":[{"href":"https:\/\/4c.top-me.eu\/en\/wp-json\/wp\/v2\/media?parent=13441"}],"wp:term":[{"taxonomy":"product_brand","embeddable":true,"href":"https:\/\/4c.top-me.eu\/en\/wp-json\/wp\/v2\/product_brand?post=13441"},{"taxonomy":"product_cat","embeddable":true,"href":"https:\/\/4c.top-me.eu\/en\/wp-json\/wp\/v2\/product_cat?post=13441"},{"taxonomy":"product_tag","embeddable":true,"href":"https:\/\/4c.top-me.eu\/en\/wp-json\/wp\/v2\/product_tag?post=13441"}],"curies":[{"name":"wp","href":"https:\/\/api.w.org\/{rel}","templated":true}]}}