{"id":13418,"date":"2023-01-20T10:27:49","date_gmt":"2023-01-20T10:27:49","guid":{"rendered":"https:\/\/fvgear.com\/?post_type=product&#038;p=13418"},"modified":"2023-01-20T10:27:49","modified_gmt":"2023-01-20T10:27:49","slug":"jednorozec-z-chalcedonu","status":"publish","type":"product","link":"https:\/\/4c.top-me.eu\/en\/product\/jednorozec-z-chalcedonu\/","title":{"rendered":"Jednoro\u017eec z chalcedonu"},"content":{"rendered":"<div class=\"et_pb_column et_pb_column_3_8 et_pb_column_inner et_pb_column_inner_4_tb_body et-last-child\">\n<div class=\"et_pb_module et_pb_wc_description et_pb_wc_description_1_tb_body et_pb_bg_layout_light et_pb_text_align_left\">\n<div class=\"et_pb_module_inner\">\n<p>P\u0159ekr\u00e1sn\u00e1 so\u0161ka hlavy jednoro\u017ece z chalcedonu, vhodn\u00e1 k dekoraci interi\u00e9ru.<\/p>\n<p>So\u0161ka m\u011b\u0159\u00ed na v\u00fd\u0161ku 13 cm a na \u0161\u00ed\u0159ku 10,5 cm. So\u0161ka v\u00e1\u017e\u00ed 328,32 g.<\/p>\n<\/div>\n<\/div>\n<\/div>\n","protected":false},"excerpt":{"rendered":"<p>P\u0159ekr\u00e1sn\u00e1 so\u0161ka hlavy jednoro\u017ece z chalcedonu, vhodn\u00e1 k dekoraci interi\u00e9ru. So\u0161ka m\u011b\u0159\u00ed na v\u00fd\u0161ku 13 cm a na \u0161\u00ed\u0159ku 10,5 cm. So\u0161ka v\u00e1\u017e\u00ed 328,32 g.<\/p>\n","protected":false},"featured_media":13429,"template":"","meta":{"_acf_changed":false,"_uag_custom_page_level_css":""},"product_brand":[],"product_cat":[28,29,41,27],"product_tag":[208,277,263,287,90,275],"class_list":{"0":"post-13418","1":"product","2":"type-product","3":"status-publish","4":"has-post-thumbnail","6":"product_cat-kameny","7":"product_cat-dekorativni-kameny","8":"product_cat-luxusni-dekorace","9":"product_cat-vyrobky-z-kamenu","10":"product_tag-chalcedon","11":"product_tag-dekorace","12":"product_tag-dekorativni-kameny","13":"product_tag-jednorozec","14":"product_tag-soska","15":"product_tag-vyrobky-z-kamenu","17":"first","18":"instock","19":"sold-individually","20":"taxable","21":"shipping-taxable","22":"purchasable","23":"product-type-simple"},"acf":[],"uagb_featured_image_src":{"full":["https:\/\/4c.top-me.eu\/wp-content\/uploads\/2023\/01\/IMG_9993-scaled.jpg",0,0,false],"thumbnail":["https:\/\/4c.top-me.eu\/wp-content\/uploads\/2023\/01\/IMG_9993-scaled.jpg",1,1,false],"medium":["https:\/\/4c.top-me.eu\/wp-content\/uploads\/2023\/01\/IMG_9993-scaled.jpg",1,1,false],"medium_large":["https:\/\/4c.top-me.eu\/wp-content\/uploads\/2023\/01\/IMG_9993-scaled.jpg",1,1,false],"large":["https:\/\/4c.top-me.eu\/wp-content\/uploads\/2023\/01\/IMG_9993-scaled.jpg",1,1,false],"1536x1536":["https:\/\/4c.top-me.eu\/wp-content\/uploads\/2023\/01\/IMG_9993-scaled.jpg",1,1,false],"2048x2048":["https:\/\/4c.top-me.eu\/wp-content\/uploads\/2023\/01\/IMG_9993-scaled.jpg",1,1,false],"archive-list":["https:\/\/4c.top-me.eu\/wp-content\/uploads\/2023\/01\/IMG_9993-scaled.jpg",1,1,false],"archive-list-2":["https:\/\/4c.top-me.eu\/wp-content\/uploads\/2023\/01\/IMG_9993-scaled.jpg",1,1,false],"woocommerce_thumbnail":["https:\/\/4c.top-me.eu\/wp-content\/uploads\/2023\/01\/IMG_9993-scaled.jpg",1,1,false],"woocommerce_single":["https:\/\/4c.top-me.eu\/wp-content\/uploads\/2023\/01\/IMG_9993-scaled.jpg",1,1,false],"woocommerce_gallery_thumbnail":["https:\/\/4c.top-me.eu\/wp-content\/uploads\/2023\/01\/IMG_9993-scaled.jpg",1,1,false]},"uagb_author_info":{"display_name":"accordeonMaster","author_link":"https:\/\/4c.top-me.eu\/en\/author\/"},"uagb_comment_info":0,"uagb_excerpt":"P\u0159ekr\u00e1sn\u00e1 so\u0161ka hlavy jednoro\u017ece z chalcedonu, vhodn\u00e1 k dekoraci interi\u00e9ru. So\u0161ka m\u011b\u0159\u00ed na v\u00fd\u0161ku 13 cm a na \u0161\u00ed\u0159ku 10,5 cm. So\u0161ka v\u00e1\u017e\u00ed 328,32 g.","_links":{"self":[{"href":"https:\/\/4c.top-me.eu\/en\/wp-json\/wp\/v2\/product\/13418","targetHints":{"allow":["GET"]}}],"collection":[{"href":"https:\/\/4c.top-me.eu\/en\/wp-json\/wp\/v2\/product"}],"about":[{"href":"https:\/\/4c.top-me.eu\/en\/wp-json\/wp\/v2\/types\/product"}],"wp:featuredmedia":[{"embeddable":true,"href":"https:\/\/4c.top-me.eu\/en\/wp-json\/wp\/v2\/media\/13429"}],"wp:attachment":[{"href":"https:\/\/4c.top-me.eu\/en\/wp-json\/wp\/v2\/media?parent=13418"}],"wp:term":[{"taxonomy":"product_brand","embeddable":true,"href":"https:\/\/4c.top-me.eu\/en\/wp-json\/wp\/v2\/product_brand?post=13418"},{"taxonomy":"product_cat","embeddable":true,"href":"https:\/\/4c.top-me.eu\/en\/wp-json\/wp\/v2\/product_cat?post=13418"},{"taxonomy":"product_tag","embeddable":true,"href":"https:\/\/4c.top-me.eu\/en\/wp-json\/wp\/v2\/product_tag?post=13418"}],"curies":[{"name":"wp","href":"https:\/\/api.w.org\/{rel}","templated":true}]}}