{"id":13227,"date":"2022-12-02T14:45:53","date_gmt":"2022-12-02T14:45:53","guid":{"rendered":"https:\/\/fvgear.com\/?post_type=product&#038;p=13227"},"modified":"2022-12-02T15:57:54","modified_gmt":"2022-12-02T15:57:54","slug":"nahrdelnik-andsky-opal-2","status":"publish","type":"product","link":"https:\/\/4c.top-me.eu\/en\/product\/nahrdelnik-andsky-opal-2\/","title":{"rendered":"N\u00e1hrdeln\u00edk Andsk\u00fd op\u00e1l"},"content":{"rendered":"<div class=\"et_pb_column et_pb_column_3_8 et_pb_column_inner et_pb_column_inner_4_tb_body et-last-child\">\n<div class=\"et_pb_module et_pb_wc_description et_pb_wc_description_1_tb_body et_pb_bg_layout_light et_pb_text_align_left\">\n<div class=\"et_pb_module_inner\">\n<div class=\"et_pb_column et_pb_column_3_8 et_pb_column_inner et_pb_column_inner_4_tb_body et-last-child\">\n<div class=\"et_pb_module et_pb_wc_description et_pb_wc_description_1_tb_body et_pb_bg_layout_light et_pb_text_align_left\">\n<div class=\"et_pb_module_inner\">\n<div class=\"et_pb_column et_pb_column_3_8 et_pb_column_inner et_pb_column_inner_4_tb_body et-last-child\">\n<div class=\"et_pb_module et_pb_wc_description et_pb_wc_description_1_tb_body et_pb_bg_layout_light et_pb_text_align_left\">\n<div class=\"et_pb_module_inner\">\n<div class=\"et_pb_column et_pb_column_3_8 et_pb_column_inner et_pb_column_inner_4_tb_body et-last-child\">\n<div class=\"et_pb_module et_pb_wc_description et_pb_wc_description_1_tb_body et_pb_bg_layout_light et_pb_text_align_left\">\n<div class=\"et_pb_module_inner\">\n<div class=\"et_pb_column et_pb_column_3_8 et_pb_column_inner et_pb_column_inner_4_tb_body et-last-child\">\n<div class=\"et_pb_module et_pb_wc_description et_pb_wc_description_1_tb_body et_pb_bg_layout_light et_pb_text_align_left\">\n<div class=\"et_pb_module_inner\">\n<div class=\"et_pb_column et_pb_column_3_8 et_pb_column_inner et_pb_column_inner_4_tb_body et-last-child\">\n<div class=\"et_pb_module et_pb_wc_description et_pb_wc_description_1_tb_body et_pb_bg_layout_light et_pb_text_align_left\">\n<div class=\"et_pb_module_inner\">\n<p>P\u0159ekr\u00e1sn\u00fd n\u00e1hrdeln\u00edk z kor\u00e1lk\u016f n\u00e1dhern\u00e9ho Andsk\u00e9ho op\u00e1lu mimo\u0159\u00e1dn\u011b syt\u011b modr\u00e9 barvy.<\/p>\n<p>N\u00e1hrdeln\u00edk m\u011b\u0159\u00ed celkem 48 cm. Kor\u00e1lky op\u00e1lu jsou odstup\u0148ovan\u00e9 od t\u011bch nejdrobn\u011bj\u0161\u00edch na kraj\u00edch n\u00e1hrdeln\u00edku a\u017e k t\u011bm nejv\u011bt\u0161\u00edm uprost\u0159ed n\u00e1hrdeln\u00edku. Nejv\u011bt\u0161\u00ed kor\u00e1lky m\u011b\u0159\u00ed v pr\u016fm\u011bru 7 mm. Nejdrobn\u011bj\u0161\u00ed kor\u00e1lky m\u011b\u0159\u00ed v pr\u016fm\u011bru 6 mm. N\u00e1hrdeln\u00edk m\u00e1 st\u0159\u00edbrn\u00e9 zap\u00edn\u00e1n\u00ed (Ag 925\/1000). Zap\u00edn\u00e1n\u00ed m\u011b\u0159\u00ed 2 cm. N\u00e1hrdeln\u00edk je navle\u010den na pr\u016fsvitn\u00e9m vlasci. Celkov\u00e1 v\u00e1ha n\u00e1hrdeln\u00edku je 25,12 g.<\/p>\n<\/div>\n<\/div>\n<\/div>\n<\/div>\n<\/div>\n<\/div>\n<\/div>\n<\/div>\n<\/div>\n<\/div>\n<\/div>\n<\/div>\n<\/div>\n<\/div>\n<\/div>\n<\/div>\n<\/div>\n<\/div>\n","protected":false},"excerpt":{"rendered":"<p>P\u0159ekr\u00e1sn\u00fd n\u00e1hrdeln\u00edk z kor\u00e1lk\u016f n\u00e1dhern\u00e9ho Andsk\u00e9ho op\u00e1lu mimo\u0159\u00e1dn\u011b syt\u011b modr\u00e9 barvy. N\u00e1hrdeln\u00edk m\u011b\u0159\u00ed celkem 48 cm. Kor\u00e1lky op\u00e1lu jsou odstup\u0148ovan\u00e9 od t\u011bch nejdrobn\u011bj\u0161\u00edch na kraj\u00edch n\u00e1hrdeln\u00edku a\u017e k t\u011bm nejv\u011bt\u0161\u00edm uprost\u0159ed n\u00e1hrdeln\u00edku. Nejv\u011bt\u0161\u00ed kor\u00e1lky m\u011b\u0159\u00ed v pr\u016fm\u011bru 7 mm. Nejdrobn\u011bj\u0161\u00ed kor\u00e1lky m\u011b\u0159\u00ed v pr\u016fm\u011bru 6 mm. N\u00e1hrdeln\u00edk m\u00e1 st\u0159\u00edbrn\u00e9 zap\u00edn\u00e1n\u00ed (Ag 925\/1000). Zap\u00edn\u00e1n\u00ed m\u011b\u0159\u00ed 2<\/p>\n","protected":false},"featured_media":13232,"template":"","meta":{"_acf_changed":false,"_uag_custom_page_level_css":""},"product_brand":[],"product_cat":[31],"product_tag":[282,33,110,87],"class_list":{"0":"post-13227","1":"product","2":"type-product","3":"status-publish","4":"has-post-thumbnail","6":"product_cat-nahrdelniky-s-prirodnimi-kameny-stribro-925-1000","7":"product_tag-andsky-opal","8":"product_tag-nahrdelnik","9":"product_tag-opal","10":"product_tag-stribro-925-1000","12":"first","13":"instock","14":"sold-individually","15":"taxable","16":"shipping-taxable","17":"purchasable","18":"product-type-simple"},"acf":[],"uagb_featured_image_src":{"full":["https:\/\/4c.top-me.eu\/wp-content\/uploads\/2022\/12\/IMG_4091-scaled.jpg",0,0,false],"thumbnail":["https:\/\/4c.top-me.eu\/wp-content\/uploads\/2022\/12\/IMG_4091-scaled.jpg",1,1,false],"medium":["https:\/\/4c.top-me.eu\/wp-content\/uploads\/2022\/12\/IMG_4091-scaled.jpg",1,1,false],"medium_large":["https:\/\/4c.top-me.eu\/wp-content\/uploads\/2022\/12\/IMG_4091-scaled.jpg",1,1,false],"large":["https:\/\/4c.top-me.eu\/wp-content\/uploads\/2022\/12\/IMG_4091-scaled.jpg",1,1,false],"1536x1536":["https:\/\/4c.top-me.eu\/wp-content\/uploads\/2022\/12\/IMG_4091-scaled.jpg",1,1,false],"2048x2048":["https:\/\/4c.top-me.eu\/wp-content\/uploads\/2022\/12\/IMG_4091-scaled.jpg",1,1,false],"archive-list":["https:\/\/4c.top-me.eu\/wp-content\/uploads\/2022\/12\/IMG_4091-scaled.jpg",1,1,false],"archive-list-2":["https:\/\/4c.top-me.eu\/wp-content\/uploads\/2022\/12\/IMG_4091-scaled.jpg",1,1,false],"woocommerce_thumbnail":["https:\/\/4c.top-me.eu\/wp-content\/uploads\/2022\/12\/IMG_4091-scaled.jpg",1,1,false],"woocommerce_single":["https:\/\/4c.top-me.eu\/wp-content\/uploads\/2022\/12\/IMG_4091-scaled.jpg",1,1,false],"woocommerce_gallery_thumbnail":["https:\/\/4c.top-me.eu\/wp-content\/uploads\/2022\/12\/IMG_4091-scaled.jpg",1,1,false]},"uagb_author_info":{"display_name":"accordeonMaster","author_link":"https:\/\/4c.top-me.eu\/en\/author\/"},"uagb_comment_info":0,"uagb_excerpt":"P\u0159ekr\u00e1sn\u00fd n\u00e1hrdeln\u00edk z kor\u00e1lk\u016f n\u00e1dhern\u00e9ho Andsk\u00e9ho op\u00e1lu mimo\u0159\u00e1dn\u011b syt\u011b modr\u00e9 barvy. N\u00e1hrdeln\u00edk m\u011b\u0159\u00ed celkem 48 cm. Kor\u00e1lky op\u00e1lu jsou odstup\u0148ovan\u00e9 od t\u011bch nejdrobn\u011bj\u0161\u00edch na kraj\u00edch n\u00e1hrdeln\u00edku a\u017e k t\u011bm nejv\u011bt\u0161\u00edm uprost\u0159ed n\u00e1hrdeln\u00edku. Nejv\u011bt\u0161\u00ed kor\u00e1lky m\u011b\u0159\u00ed v pr\u016fm\u011bru 7 mm. Nejdrobn\u011bj\u0161\u00ed kor\u00e1lky m\u011b\u0159\u00ed v pr\u016fm\u011bru 6 mm. N\u00e1hrdeln\u00edk m\u00e1 st\u0159\u00edbrn\u00e9 zap\u00edn\u00e1n\u00ed (Ag 925\/1000). Zap\u00edn\u00e1n\u00ed m\u011b\u0159\u00ed 2","_links":{"self":[{"href":"https:\/\/4c.top-me.eu\/en\/wp-json\/wp\/v2\/product\/13227","targetHints":{"allow":["GET"]}}],"collection":[{"href":"https:\/\/4c.top-me.eu\/en\/wp-json\/wp\/v2\/product"}],"about":[{"href":"https:\/\/4c.top-me.eu\/en\/wp-json\/wp\/v2\/types\/product"}],"wp:featuredmedia":[{"embeddable":true,"href":"https:\/\/4c.top-me.eu\/en\/wp-json\/wp\/v2\/media\/13232"}],"wp:attachment":[{"href":"https:\/\/4c.top-me.eu\/en\/wp-json\/wp\/v2\/media?parent=13227"}],"wp:term":[{"taxonomy":"product_brand","embeddable":true,"href":"https:\/\/4c.top-me.eu\/en\/wp-json\/wp\/v2\/product_brand?post=13227"},{"taxonomy":"product_cat","embeddable":true,"href":"https:\/\/4c.top-me.eu\/en\/wp-json\/wp\/v2\/product_cat?post=13227"},{"taxonomy":"product_tag","embeddable":true,"href":"https:\/\/4c.top-me.eu\/en\/wp-json\/wp\/v2\/product_tag?post=13227"}],"curies":[{"name":"wp","href":"https:\/\/api.w.org\/{rel}","templated":true}]}}