{"id":12997,"date":"2022-11-30T17:40:54","date_gmt":"2022-11-30T17:40:54","guid":{"rendered":"https:\/\/fvgear.com\/?post_type=product&#038;p=12997"},"modified":"2022-11-30T17:56:51","modified_gmt":"2022-11-30T17:56:51","slug":"diamant-017-ct","status":"publish","type":"product","link":"https:\/\/4c.top-me.eu\/en\/product\/diamant-017-ct\/","title":{"rendered":"Diamant &#8211; 0,17 ct"},"content":{"rendered":"<p>Zelenav\u011b \u017elut\u00fd diamant s p\u0159\u00edrodn\u00ed neupravovanou barvou ve tvaru srdce je jedn\u00edm z \u00fa\u017easn\u011b zbarven\u00fdch jihoafrick\u00fdch diamant\u016f v na\u0161\u00ed nab\u00eddce. P\u0159\u00edrodn\u00ed diamanty zbarven\u00e9 v atraktivn\u00ed \u201efancy\u201c barvy pat\u0159\u00ed mezi nejdra\u017e\u0161\u00ed drah\u00e9 kameny v\u016fbec. Nab\u00edz\u00edme jej s bezkonkuren\u010dn\u00ed cenou, kter\u00e1 z n\u011bj d\u011bl\u00e1 velmi v\u00fdhodnou investici. Tento zelenav\u011b \u017elut\u00fd briliant je vhodn\u00fd k osazen\u00ed do jedine\u010dn\u00e9ho reprezentativn\u00edho \u0161perku.<\/p>\n<p>Brus: Srdcov\u00fd briliant, st\u0159edn\u00ed kvalita<\/p>\n<p>Rozm\u011bry: 3,7 \u00d7 3,5 \u00d7 1,7 mm<\/p>\n<p>Hmotnost: 0,17 ct<\/p>\n<p>Stupe\u0148 \u010distoty: SI1<\/p>\n<p>Barva: Zelenav\u011b \u017elut\u00e1<\/p>\n<p>&nbsp;<\/p>\n<div style=\"width: 640px;\" class=\"wp-video\"><video class=\"wp-video-shortcode\" id=\"video-12997-1\" width=\"640\" height=\"427\" preload=\"metadata\" controls=\"controls\"><source type=\"video\/mp4\" src=\"https:\/\/4c.top-me.eu\/wp-content\/uploads\/2022\/11\/747-22.mp4?_=1\" \/><a href=\"https:\/\/4c.top-me.eu\/wp-content\/uploads\/2022\/11\/747-22.mp4\">https:\/\/4c.top-me.eu\/wp-content\/uploads\/2022\/11\/747-22.mp4<\/a><\/video><\/div>\n","protected":false},"excerpt":{"rendered":"<p>Zelenav\u011b \u017elut\u00fd diamant s p\u0159\u00edrodn\u00ed neupravovanou barvou ve tvaru srdce je jedn\u00edm z \u00fa\u017easn\u011b zbarven\u00fdch jihoafrick\u00fdch diamant\u016f v na\u0161\u00ed nab\u00eddce. P\u0159\u00edrodn\u00ed diamanty zbarven\u00e9 v atraktivn\u00ed \u201efancy\u201c barvy pat\u0159\u00ed mezi nejdra\u017e\u0161\u00ed drah\u00e9 kameny v\u016fbec. Nab\u00edz\u00edme jej s bezkonkuren\u010dn\u00ed cenou, kter\u00e1 z n\u011bj d\u011bl\u00e1 velmi v\u00fdhodnou investici. Tento zelenav\u011b \u017elut\u00fd briliant je vhodn\u00fd k osazen\u00ed do jedine\u010dn\u00e9ho<\/p>\n","protected":false},"featured_media":12998,"template":"","meta":{"_acf_changed":false,"_uag_custom_page_level_css":""},"product_brand":[],"product_cat":[50,63],"product_tag":[278,119,45],"class_list":{"0":"post-12997","1":"product","2":"type-product","3":"status-publish","4":"has-post-thumbnail","6":"product_cat-brousene-kameny","7":"product_cat-investicni-kameny","8":"product_tag-briliant","9":"product_tag-diamant","10":"product_tag-srdce","12":"first","13":"instock","14":"sold-individually","15":"taxable","16":"shipping-taxable","17":"purchasable","18":"product-type-simple"},"acf":[],"uagb_featured_image_src":{"full":["https:\/\/4c.top-me.eu\/wp-content\/uploads\/2022\/11\/747-22.jpg",0,0,false],"thumbnail":["https:\/\/4c.top-me.eu\/wp-content\/uploads\/2022\/11\/747-22.jpg",1,1,false],"medium":["https:\/\/4c.top-me.eu\/wp-content\/uploads\/2022\/11\/747-22.jpg",1,1,false],"medium_large":["https:\/\/4c.top-me.eu\/wp-content\/uploads\/2022\/11\/747-22.jpg",1,1,false],"large":["https:\/\/4c.top-me.eu\/wp-content\/uploads\/2022\/11\/747-22.jpg",1,1,false],"1536x1536":["https:\/\/4c.top-me.eu\/wp-content\/uploads\/2022\/11\/747-22.jpg",1,1,false],"2048x2048":["https:\/\/4c.top-me.eu\/wp-content\/uploads\/2022\/11\/747-22.jpg",1,1,false],"archive-list":["https:\/\/4c.top-me.eu\/wp-content\/uploads\/2022\/11\/747-22.jpg",1,1,false],"archive-list-2":["https:\/\/4c.top-me.eu\/wp-content\/uploads\/2022\/11\/747-22.jpg",1,1,false],"woocommerce_thumbnail":["https:\/\/4c.top-me.eu\/wp-content\/uploads\/2022\/11\/747-22.jpg",1,1,false],"woocommerce_single":["https:\/\/4c.top-me.eu\/wp-content\/uploads\/2022\/11\/747-22.jpg",1,1,false],"woocommerce_gallery_thumbnail":["https:\/\/4c.top-me.eu\/wp-content\/uploads\/2022\/11\/747-22.jpg",1,1,false]},"uagb_author_info":{"display_name":"accordeonMaster","author_link":"https:\/\/4c.top-me.eu\/en\/author\/"},"uagb_comment_info":0,"uagb_excerpt":"Zelenav\u011b \u017elut\u00fd diamant s p\u0159\u00edrodn\u00ed neupravovanou barvou ve tvaru srdce je jedn\u00edm z \u00fa\u017easn\u011b zbarven\u00fdch jihoafrick\u00fdch diamant\u016f v na\u0161\u00ed nab\u00eddce. P\u0159\u00edrodn\u00ed diamanty zbarven\u00e9 v atraktivn\u00ed \u201efancy\u201c barvy pat\u0159\u00ed mezi nejdra\u017e\u0161\u00ed drah\u00e9 kameny v\u016fbec. Nab\u00edz\u00edme jej s bezkonkuren\u010dn\u00ed cenou, kter\u00e1 z n\u011bj d\u011bl\u00e1 velmi v\u00fdhodnou investici. Tento zelenav\u011b \u017elut\u00fd briliant je vhodn\u00fd k osazen\u00ed do jedine\u010dn\u00e9ho","_links":{"self":[{"href":"https:\/\/4c.top-me.eu\/en\/wp-json\/wp\/v2\/product\/12997","targetHints":{"allow":["GET"]}}],"collection":[{"href":"https:\/\/4c.top-me.eu\/en\/wp-json\/wp\/v2\/product"}],"about":[{"href":"https:\/\/4c.top-me.eu\/en\/wp-json\/wp\/v2\/types\/product"}],"wp:featuredmedia":[{"embeddable":true,"href":"https:\/\/4c.top-me.eu\/en\/wp-json\/wp\/v2\/media\/12998"}],"wp:attachment":[{"href":"https:\/\/4c.top-me.eu\/en\/wp-json\/wp\/v2\/media?parent=12997"}],"wp:term":[{"taxonomy":"product_brand","embeddable":true,"href":"https:\/\/4c.top-me.eu\/en\/wp-json\/wp\/v2\/product_brand?post=12997"},{"taxonomy":"product_cat","embeddable":true,"href":"https:\/\/4c.top-me.eu\/en\/wp-json\/wp\/v2\/product_cat?post=12997"},{"taxonomy":"product_tag","embeddable":true,"href":"https:\/\/4c.top-me.eu\/en\/wp-json\/wp\/v2\/product_tag?post=12997"}],"curies":[{"name":"wp","href":"https:\/\/api.w.org\/{rel}","templated":true}]}}