{"id":12985,"date":"2022-11-30T17:39:47","date_gmt":"2022-11-30T17:39:47","guid":{"rendered":"https:\/\/fvgear.com\/?post_type=product&#038;p=12985"},"modified":"2022-11-30T18:01:01","modified_gmt":"2022-11-30T18:01:01","slug":"diamant-020-ct","status":"publish","type":"product","link":"https:\/\/4c.top-me.eu\/en\/product\/diamant-020-ct\/","title":{"rendered":"Diamant &#8211; 0,20 ct"},"content":{"rendered":"<p>Jasn\u011b oran\u017eov\u00fd diamant s p\u0159\u00edrodn\u00ed neupravovanou barvou ve tvaru srdce je jedn\u00edm z \u00fa\u017easn\u011b zbarven\u00fdch jihoafrick\u00fdch diamant\u016f v na\u0161\u00ed nab\u00eddce. P\u0159\u00edrodn\u00ed diamanty zbarven\u00e9 v atraktivn\u00ed \u201efancy\u201c barvy pat\u0159\u00ed mezi nejdra\u017e\u0161\u00ed drah\u00e9 kameny v\u016fbec. Nab\u00edz\u00edme jej s bezkonkuren\u010dn\u00ed cenou, kter\u00e1 z n\u011bj d\u011bl\u00e1 velmi v\u00fdhodnou investici. Tento jasn\u011b oran\u017eov\u00fd briliant je vhodn\u00fd k osazen\u00ed do jedine\u010dn\u00e9ho reprezentativn\u00edho \u0161perku.<\/p>\n<p>Brus: Srdcov\u00fd briliant, dobr\u00e1 kvalita<\/p>\n<p>Rozm\u011bry: 3,8 \u00d7 3,8 \u00d7 1,9 mm<\/p>\n<p>Hmotnost: 0,20 ct<\/p>\n<p>Stupe\u0148 \u010distoty: SI1<\/p>\n<p>Barva: Jasn\u011b oran\u017eov\u00e1<\/p>\n<p>&nbsp;<\/p>\n<div style=\"width: 640px;\" class=\"wp-video\"><video class=\"wp-video-shortcode\" id=\"video-12985-1\" width=\"640\" height=\"427\" preload=\"metadata\" controls=\"controls\"><source type=\"video\/mp4\" src=\"https:\/\/4c.top-me.eu\/wp-content\/uploads\/2022\/11\/745-22.mp4?_=1\" \/><a href=\"https:\/\/4c.top-me.eu\/wp-content\/uploads\/2022\/11\/745-22.mp4\">https:\/\/4c.top-me.eu\/wp-content\/uploads\/2022\/11\/745-22.mp4<\/a><\/video><\/div>\n<p>&nbsp;<\/p>\n","protected":false},"excerpt":{"rendered":"<p>Jasn\u011b oran\u017eov\u00fd diamant s p\u0159\u00edrodn\u00ed neupravovanou barvou ve tvaru srdce je jedn\u00edm z \u00fa\u017easn\u011b zbarven\u00fdch jihoafrick\u00fdch diamant\u016f v na\u0161\u00ed nab\u00eddce. P\u0159\u00edrodn\u00ed diamanty zbarven\u00e9 v atraktivn\u00ed \u201efancy\u201c barvy pat\u0159\u00ed mezi nejdra\u017e\u0161\u00ed drah\u00e9 kameny v\u016fbec. Nab\u00edz\u00edme jej s bezkonkuren\u010dn\u00ed cenou, kter\u00e1 z n\u011bj d\u011bl\u00e1 velmi v\u00fdhodnou investici. Tento jasn\u011b oran\u017eov\u00fd briliant je vhodn\u00fd k osazen\u00ed do jedine\u010dn\u00e9ho<\/p>\n","protected":false},"featured_media":12988,"template":"","meta":{"_acf_changed":false,"_uag_custom_page_level_css":""},"product_brand":[],"product_cat":[50,63],"product_tag":[119,45],"class_list":{"0":"post-12985","1":"product","2":"type-product","3":"status-publish","4":"has-post-thumbnail","6":"product_cat-brousene-kameny","7":"product_cat-investicni-kameny","8":"product_tag-diamant","9":"product_tag-srdce","11":"first","12":"instock","13":"sold-individually","14":"taxable","15":"shipping-taxable","16":"purchasable","17":"product-type-simple"},"acf":[],"uagb_featured_image_src":{"full":["https:\/\/4c.top-me.eu\/wp-content\/uploads\/2022\/11\/745-22.jpg",0,0,false],"thumbnail":["https:\/\/4c.top-me.eu\/wp-content\/uploads\/2022\/11\/745-22.jpg",1,1,false],"medium":["https:\/\/4c.top-me.eu\/wp-content\/uploads\/2022\/11\/745-22.jpg",1,1,false],"medium_large":["https:\/\/4c.top-me.eu\/wp-content\/uploads\/2022\/11\/745-22.jpg",1,1,false],"large":["https:\/\/4c.top-me.eu\/wp-content\/uploads\/2022\/11\/745-22.jpg",1,1,false],"1536x1536":["https:\/\/4c.top-me.eu\/wp-content\/uploads\/2022\/11\/745-22.jpg",1,1,false],"2048x2048":["https:\/\/4c.top-me.eu\/wp-content\/uploads\/2022\/11\/745-22.jpg",1,1,false],"archive-list":["https:\/\/4c.top-me.eu\/wp-content\/uploads\/2022\/11\/745-22.jpg",1,1,false],"archive-list-2":["https:\/\/4c.top-me.eu\/wp-content\/uploads\/2022\/11\/745-22.jpg",1,1,false],"woocommerce_thumbnail":["https:\/\/4c.top-me.eu\/wp-content\/uploads\/2022\/11\/745-22.jpg",1,1,false],"woocommerce_single":["https:\/\/4c.top-me.eu\/wp-content\/uploads\/2022\/11\/745-22.jpg",1,1,false],"woocommerce_gallery_thumbnail":["https:\/\/4c.top-me.eu\/wp-content\/uploads\/2022\/11\/745-22.jpg",1,1,false]},"uagb_author_info":{"display_name":"accordeonMaster","author_link":"https:\/\/4c.top-me.eu\/en\/author\/"},"uagb_comment_info":0,"uagb_excerpt":"Jasn\u011b oran\u017eov\u00fd diamant s p\u0159\u00edrodn\u00ed neupravovanou barvou ve tvaru srdce je jedn\u00edm z \u00fa\u017easn\u011b zbarven\u00fdch jihoafrick\u00fdch diamant\u016f v na\u0161\u00ed nab\u00eddce. P\u0159\u00edrodn\u00ed diamanty zbarven\u00e9 v atraktivn\u00ed \u201efancy\u201c barvy pat\u0159\u00ed mezi nejdra\u017e\u0161\u00ed drah\u00e9 kameny v\u016fbec. Nab\u00edz\u00edme jej s bezkonkuren\u010dn\u00ed cenou, kter\u00e1 z n\u011bj d\u011bl\u00e1 velmi v\u00fdhodnou investici. Tento jasn\u011b oran\u017eov\u00fd briliant je vhodn\u00fd k osazen\u00ed do jedine\u010dn\u00e9ho","_links":{"self":[{"href":"https:\/\/4c.top-me.eu\/en\/wp-json\/wp\/v2\/product\/12985","targetHints":{"allow":["GET"]}}],"collection":[{"href":"https:\/\/4c.top-me.eu\/en\/wp-json\/wp\/v2\/product"}],"about":[{"href":"https:\/\/4c.top-me.eu\/en\/wp-json\/wp\/v2\/types\/product"}],"wp:featuredmedia":[{"embeddable":true,"href":"https:\/\/4c.top-me.eu\/en\/wp-json\/wp\/v2\/media\/12988"}],"wp:attachment":[{"href":"https:\/\/4c.top-me.eu\/en\/wp-json\/wp\/v2\/media?parent=12985"}],"wp:term":[{"taxonomy":"product_brand","embeddable":true,"href":"https:\/\/4c.top-me.eu\/en\/wp-json\/wp\/v2\/product_brand?post=12985"},{"taxonomy":"product_cat","embeddable":true,"href":"https:\/\/4c.top-me.eu\/en\/wp-json\/wp\/v2\/product_cat?post=12985"},{"taxonomy":"product_tag","embeddable":true,"href":"https:\/\/4c.top-me.eu\/en\/wp-json\/wp\/v2\/product_tag?post=12985"}],"curies":[{"name":"wp","href":"https:\/\/api.w.org\/{rel}","templated":true}]}}