{"id":12909,"date":"2022-11-30T16:05:46","date_gmt":"2022-11-30T16:05:46","guid":{"rendered":"https:\/\/fvgear.com\/?post_type=product&#038;p=12909"},"modified":"2022-11-30T16:08:22","modified_gmt":"2022-11-30T16:08:22","slug":"nausnice-ruzenin-2","status":"publish","type":"product","link":"https:\/\/4c.top-me.eu\/en\/product\/nausnice-ruzenin-2\/","title":{"rendered":"N\u00e1u\u0161nice r\u016f\u017een\u00edn"},"content":{"rendered":"<div class=\"et_pb_column et_pb_column_3_8 et_pb_column_inner et_pb_column_inner_4_tb_body et-last-child\">\n<div class=\"et_pb_module et_pb_wc_description et_pb_wc_description_1_tb_body et_pb_bg_layout_light et_pb_text_align_left\">\n<div class=\"et_pb_module_inner\">\n<p>Unikatn\u00ed a elegantn\u00ed visac\u00ed n\u00e1u\u0161nice z p\u0159ekr\u00e1sn\u011b brou\u0161en\u00fdch kor\u00e1lk\u016f z r\u016f\u017een\u00ednu.<\/p>\n<p>N\u00e1u\u0161nice maj\u00ed klasick\u00e9 zap\u00edn\u00e1n\u00ed na st\u0159\u00edbrnou karabinku. D\u00e9lka zap\u00edn\u00e1n\u00ed je 1,6 cm. St\u0159\u00edbro Ag 925\/1000. Pr\u016fm\u011br jednotliv\u00fdch kor\u00e1lk\u016f je 1 cm. Celkov\u00e1 d\u00e9lka n\u00e1u\u0161nic je p\u0159ibli\u017en\u011b 3,2 cm. Celkov\u00e1 v\u00e1ha n\u00e1u\u0161nic je 4,2 g.<\/p>\n<p>K n\u00e1u\u0161nic\u00edm lze zakoupit i<a href=\"https:\/\/4c.top-me.eu\/produkt\/nahrdelnik-ruzenin-2\/?preview_id=12904&amp;preview_nonce=075a89f7a6&amp;_thumbnail_id=12928&amp;preview=true\"> n\u00e1hrdeln\u00edk v podobn\u00e9m stylu<\/a>.<\/p>\n<\/div>\n<\/div>\n<\/div>\n","protected":false},"excerpt":{"rendered":"<p>Unikatn\u00ed a elegantn\u00ed visac\u00ed n\u00e1u\u0161nice z p\u0159ekr\u00e1sn\u011b brou\u0161en\u00fdch kor\u00e1lk\u016f z r\u016f\u017een\u00ednu. N\u00e1u\u0161nice maj\u00ed klasick\u00e9 zap\u00edn\u00e1n\u00ed na st\u0159\u00edbrnou karabinku. D\u00e9lka zap\u00edn\u00e1n\u00ed je 1,6 cm. St\u0159\u00edbro Ag 925\/1000. Pr\u016fm\u011br jednotliv\u00fdch kor\u00e1lk\u016f je 1 cm. Celkov\u00e1 d\u00e9lka n\u00e1u\u0161nic je p\u0159ibli\u017en\u011b 3,2 cm. Celkov\u00e1 v\u00e1ha n\u00e1u\u0161nic je 4,2 g. K n\u00e1u\u0161nic\u00edm lze zakoupit i n\u00e1hrdeln\u00edk v podobn\u00e9m stylu.<\/p>\n","protected":false},"featured_media":12944,"template":"","meta":{"_acf_changed":false,"_uag_custom_page_level_css":""},"product_brand":[],"product_cat":[56],"product_tag":[118,39,87],"class_list":{"0":"post-12909","1":"product","2":"type-product","3":"status-publish","4":"has-post-thumbnail","6":"product_cat-privesky-a-nausnice-stribro-925-1000","7":"product_tag-nausnice","8":"product_tag-ruzenin","9":"product_tag-stribro-925-1000","11":"first","12":"instock","13":"sold-individually","14":"taxable","15":"shipping-taxable","16":"purchasable","17":"product-type-simple"},"acf":[],"uagb_featured_image_src":{"full":["https:\/\/4c.top-me.eu\/wp-content\/uploads\/2022\/11\/IMG_4010-scaled.jpg",0,0,false],"thumbnail":["https:\/\/4c.top-me.eu\/wp-content\/uploads\/2022\/11\/IMG_4010-scaled.jpg",1,1,false],"medium":["https:\/\/4c.top-me.eu\/wp-content\/uploads\/2022\/11\/IMG_4010-scaled.jpg",1,1,false],"medium_large":["https:\/\/4c.top-me.eu\/wp-content\/uploads\/2022\/11\/IMG_4010-scaled.jpg",1,1,false],"large":["https:\/\/4c.top-me.eu\/wp-content\/uploads\/2022\/11\/IMG_4010-scaled.jpg",1,1,false],"1536x1536":["https:\/\/4c.top-me.eu\/wp-content\/uploads\/2022\/11\/IMG_4010-scaled.jpg",1,1,false],"2048x2048":["https:\/\/4c.top-me.eu\/wp-content\/uploads\/2022\/11\/IMG_4010-scaled.jpg",1,1,false],"archive-list":["https:\/\/4c.top-me.eu\/wp-content\/uploads\/2022\/11\/IMG_4010-scaled.jpg",1,1,false],"archive-list-2":["https:\/\/4c.top-me.eu\/wp-content\/uploads\/2022\/11\/IMG_4010-scaled.jpg",1,1,false],"woocommerce_thumbnail":["https:\/\/4c.top-me.eu\/wp-content\/uploads\/2022\/11\/IMG_4010-scaled.jpg",1,1,false],"woocommerce_single":["https:\/\/4c.top-me.eu\/wp-content\/uploads\/2022\/11\/IMG_4010-scaled.jpg",1,1,false],"woocommerce_gallery_thumbnail":["https:\/\/4c.top-me.eu\/wp-content\/uploads\/2022\/11\/IMG_4010-scaled.jpg",1,1,false]},"uagb_author_info":{"display_name":"accordeonMaster","author_link":"https:\/\/4c.top-me.eu\/en\/author\/"},"uagb_comment_info":0,"uagb_excerpt":"Unikatn\u00ed a elegantn\u00ed visac\u00ed n\u00e1u\u0161nice z p\u0159ekr\u00e1sn\u011b brou\u0161en\u00fdch kor\u00e1lk\u016f z r\u016f\u017een\u00ednu. N\u00e1u\u0161nice maj\u00ed klasick\u00e9 zap\u00edn\u00e1n\u00ed na st\u0159\u00edbrnou karabinku. D\u00e9lka zap\u00edn\u00e1n\u00ed je 1,6 cm. St\u0159\u00edbro Ag 925\/1000. Pr\u016fm\u011br jednotliv\u00fdch kor\u00e1lk\u016f je 1 cm. Celkov\u00e1 d\u00e9lka n\u00e1u\u0161nic je p\u0159ibli\u017en\u011b 3,2 cm. Celkov\u00e1 v\u00e1ha n\u00e1u\u0161nic je 4,2 g. K n\u00e1u\u0161nic\u00edm lze zakoupit i n\u00e1hrdeln\u00edk v podobn\u00e9m stylu.","_links":{"self":[{"href":"https:\/\/4c.top-me.eu\/en\/wp-json\/wp\/v2\/product\/12909","targetHints":{"allow":["GET"]}}],"collection":[{"href":"https:\/\/4c.top-me.eu\/en\/wp-json\/wp\/v2\/product"}],"about":[{"href":"https:\/\/4c.top-me.eu\/en\/wp-json\/wp\/v2\/types\/product"}],"wp:featuredmedia":[{"embeddable":true,"href":"https:\/\/4c.top-me.eu\/en\/wp-json\/wp\/v2\/media\/12944"}],"wp:attachment":[{"href":"https:\/\/4c.top-me.eu\/en\/wp-json\/wp\/v2\/media?parent=12909"}],"wp:term":[{"taxonomy":"product_brand","embeddable":true,"href":"https:\/\/4c.top-me.eu\/en\/wp-json\/wp\/v2\/product_brand?post=12909"},{"taxonomy":"product_cat","embeddable":true,"href":"https:\/\/4c.top-me.eu\/en\/wp-json\/wp\/v2\/product_cat?post=12909"},{"taxonomy":"product_tag","embeddable":true,"href":"https:\/\/4c.top-me.eu\/en\/wp-json\/wp\/v2\/product_tag?post=12909"}],"curies":[{"name":"wp","href":"https:\/\/api.w.org\/{rel}","templated":true}]}}