{"id":12898,"date":"2022-11-30T17:32:14","date_gmt":"2022-11-30T17:32:14","guid":{"rendered":"https:\/\/fvgear.com\/?post_type=product&#038;p=12898"},"modified":"2022-11-30T17:41:38","modified_gmt":"2022-11-30T17:41:38","slug":"diamant-intense-green-yellow-052-ct","status":"publish","type":"product","link":"https:\/\/4c.top-me.eu\/en\/product\/diamant-intense-green-yellow-052-ct\/","title":{"rendered":"Diamant &#8211; Fancy Intense Greenish Yellow &#8211; 0,52 ct"},"content":{"rendered":"<p>Fancy intense greenish yellow diamond \u2013 fancy intenzivn\u011b zeleno \u017elut\u00fd diamant s p\u0159\u00edrodn\u00ed neupravovanou barvou je jedn\u00edm z \u00fa\u017easn\u011b a zbarven\u00fdch jihoafrick\u00fdch diamant\u016f v na\u0161\u00ed nab\u00eddce. P\u0159\u00edrodn\u00ed diamanty zbarven\u00e9 v atraktivn\u00ed \u201efancy\u201c barvy pat\u0159\u00ed mezi nejdra\u017e\u0161\u00ed drah\u00e9 kameny v\u016fbec. Nab\u00edz\u00edme jej s bezkonkuren\u010dn\u00ed cenou, kter\u00e1 z n\u011bj d\u011bl\u00e1 velmi v\u00fdhodnou investici. Tento zeleno \u017elut\u00fd briliant je vhodn\u00fd k osazen\u00ed do jedine\u010dn\u00e9ho reprezentativn\u00edho \u0161perku.<\/p>\n<p><span class=\"x4k7w5x x1h91t0o x1h9r5lt xv2umb2 x1beo9mf xaigb6o x12ejxvf x3igimt xarpa2k xedcshv x1lytzrv x1t2pt76 x7ja8zs x1qrby5j x1jfb8zj\">Tvar a typ brusu: Cushion Modified Brilliant<br \/>\n<\/span><\/p>\n<p>Rozm\u011bry:4,58 \u00d7 4,35 \u00d7 2,94 mm<\/p>\n<p>Hmotnost: 0,52 ct<\/p>\n<p>T\u0159\u00edda barvy: Fancy Intense Greenish Yellow<\/p>\n<p>P\u016fvod barvy: Natural<\/p>\n<p>Distribuce barvy: Even<\/p>\n<p>GIA Report Number: 1279339713<\/p>\n<p>&nbsp;<\/p>\n<div style=\"width: 640px;\" class=\"wp-video\"><video class=\"wp-video-shortcode\" id=\"video-12898-1\" width=\"640\" height=\"427\" preload=\"metadata\" controls=\"controls\"><source type=\"video\/mp4\" src=\"https:\/\/4c.top-me.eu\/wp-content\/uploads\/2022\/11\/S6088.mp4?_=1\" \/><a href=\"https:\/\/4c.top-me.eu\/wp-content\/uploads\/2022\/11\/S6088.mp4\">https:\/\/4c.top-me.eu\/wp-content\/uploads\/2022\/11\/S6088.mp4<\/a><\/video><\/div>\n","protected":false},"excerpt":{"rendered":"<p>Fancy intense greenish yellow diamond \u2013 fancy intenzivn\u011b zeleno \u017elut\u00fd diamant s p\u0159\u00edrodn\u00ed neupravovanou barvou je jedn\u00edm z \u00fa\u017easn\u011b a zbarven\u00fdch jihoafrick\u00fdch diamant\u016f v na\u0161\u00ed nab\u00eddce. P\u0159\u00edrodn\u00ed diamanty zbarven\u00e9 v atraktivn\u00ed \u201efancy\u201c barvy pat\u0159\u00ed mezi nejdra\u017e\u0161\u00ed drah\u00e9 kameny v\u016fbec. Nab\u00edz\u00edme jej s bezkonkuren\u010dn\u00ed cenou, kter\u00e1 z n\u011bj d\u011bl\u00e1 velmi v\u00fdhodnou investici. Tento zeleno \u017elut\u00fd briliant<\/p>\n","protected":false},"featured_media":12899,"template":"","meta":{"_acf_changed":false,"_uag_custom_page_level_css":""},"product_brand":[],"product_cat":[50,63],"product_tag":[280],"class_list":{"0":"post-12898","1":"product","2":"type-product","3":"status-publish","4":"has-post-thumbnail","6":"product_cat-brousene-kameny","7":"product_cat-investicni-kameny","8":"product_tag-diamant-briliant","10":"first","11":"instock","12":"sold-individually","13":"taxable","14":"shipping-taxable","15":"purchasable","16":"product-type-simple"},"acf":[],"uagb_featured_image_src":{"full":["https:\/\/4c.top-me.eu\/wp-content\/uploads\/2022\/11\/Stack001-3.jpg",0,0,false],"thumbnail":["https:\/\/4c.top-me.eu\/wp-content\/uploads\/2022\/11\/Stack001-3.jpg",1,1,false],"medium":["https:\/\/4c.top-me.eu\/wp-content\/uploads\/2022\/11\/Stack001-3.jpg",1,1,false],"medium_large":["https:\/\/4c.top-me.eu\/wp-content\/uploads\/2022\/11\/Stack001-3.jpg",1,1,false],"large":["https:\/\/4c.top-me.eu\/wp-content\/uploads\/2022\/11\/Stack001-3.jpg",1,1,false],"1536x1536":["https:\/\/4c.top-me.eu\/wp-content\/uploads\/2022\/11\/Stack001-3.jpg",1,1,false],"2048x2048":["https:\/\/4c.top-me.eu\/wp-content\/uploads\/2022\/11\/Stack001-3.jpg",1,1,false],"archive-list":["https:\/\/4c.top-me.eu\/wp-content\/uploads\/2022\/11\/Stack001-3.jpg",1,1,false],"archive-list-2":["https:\/\/4c.top-me.eu\/wp-content\/uploads\/2022\/11\/Stack001-3.jpg",1,1,false],"woocommerce_thumbnail":["https:\/\/4c.top-me.eu\/wp-content\/uploads\/2022\/11\/Stack001-3.jpg",1,1,false],"woocommerce_single":["https:\/\/4c.top-me.eu\/wp-content\/uploads\/2022\/11\/Stack001-3.jpg",1,1,false],"woocommerce_gallery_thumbnail":["https:\/\/4c.top-me.eu\/wp-content\/uploads\/2022\/11\/Stack001-3.jpg",1,1,false]},"uagb_author_info":{"display_name":"accordeonMaster","author_link":"https:\/\/4c.top-me.eu\/en\/author\/"},"uagb_comment_info":0,"uagb_excerpt":"Fancy intense greenish yellow diamond \u2013 fancy intenzivn\u011b zeleno \u017elut\u00fd diamant s p\u0159\u00edrodn\u00ed neupravovanou barvou je jedn\u00edm z \u00fa\u017easn\u011b a zbarven\u00fdch jihoafrick\u00fdch diamant\u016f v na\u0161\u00ed nab\u00eddce. P\u0159\u00edrodn\u00ed diamanty zbarven\u00e9 v atraktivn\u00ed \u201efancy\u201c barvy pat\u0159\u00ed mezi nejdra\u017e\u0161\u00ed drah\u00e9 kameny v\u016fbec. Nab\u00edz\u00edme jej s bezkonkuren\u010dn\u00ed cenou, kter\u00e1 z n\u011bj d\u011bl\u00e1 velmi v\u00fdhodnou investici. Tento zeleno \u017elut\u00fd briliant","_links":{"self":[{"href":"https:\/\/4c.top-me.eu\/en\/wp-json\/wp\/v2\/product\/12898","targetHints":{"allow":["GET"]}}],"collection":[{"href":"https:\/\/4c.top-me.eu\/en\/wp-json\/wp\/v2\/product"}],"about":[{"href":"https:\/\/4c.top-me.eu\/en\/wp-json\/wp\/v2\/types\/product"}],"wp:featuredmedia":[{"embeddable":true,"href":"https:\/\/4c.top-me.eu\/en\/wp-json\/wp\/v2\/media\/12899"}],"wp:attachment":[{"href":"https:\/\/4c.top-me.eu\/en\/wp-json\/wp\/v2\/media?parent=12898"}],"wp:term":[{"taxonomy":"product_brand","embeddable":true,"href":"https:\/\/4c.top-me.eu\/en\/wp-json\/wp\/v2\/product_brand?post=12898"},{"taxonomy":"product_cat","embeddable":true,"href":"https:\/\/4c.top-me.eu\/en\/wp-json\/wp\/v2\/product_cat?post=12898"},{"taxonomy":"product_tag","embeddable":true,"href":"https:\/\/4c.top-me.eu\/en\/wp-json\/wp\/v2\/product_tag?post=12898"}],"curies":[{"name":"wp","href":"https:\/\/api.w.org\/{rel}","templated":true}]}}