{"id":12810,"date":"2022-11-30T17:30:59","date_gmt":"2022-11-30T17:30:59","guid":{"rendered":"https:\/\/fvgear.com\/?post_type=product&#038;p=12810"},"modified":"2022-11-30T17:35:29","modified_gmt":"2022-11-30T17:35:29","slug":"diamant-4","status":"publish","type":"product","link":"https:\/\/4c.top-me.eu\/en\/product\/diamant-4\/","title":{"rendered":"Diamant &#8211; 1,01 ct"},"content":{"rendered":"<p>P\u0159\u00edrodn\u00ed diamant, p\u016fvodem z Jihoafrick\u00e9 republiky, s briliantov\u00fdm brusem. Kombinace jeho vlastnost\u00ed (hmotnost nad 1 kar\u00e1t, nejb\u011blej\u0161\u00ed barva D a vysok\u00fd stupe\u0148 \u010distoty VS1) jej \u0159ad\u00ed do vysoce hodnocen\u00e9 kategorie tzv. investi\u010dn\u00edch diamant\u016f. Tento briliant je d\u00edky sv\u00e9 vysok\u00e9 hodnot\u011b vhodn\u00fd sp\u00ed\u0161e jako jako investi\u010dn\u00ed n\u00e1stroj, ne\u017e jako k\u00e1men do \u0161perku. Nab\u00edz\u00edme jej s bezkonkuren\u010dn\u00ed cenou zhruba 25 % pod aktu\u00e1ln\u00ed Rapaport cenou.<\/p>\n<p>Diamant je opat\u0159en\u00fd mezin\u00e1rodn\u011b uzn\u00e1van\u00fdm certifik\u00e1tem <a href=\"https:\/\/www.igl-labs.com\/\">IGL laborato\u0159e.<\/a><\/p>\n<p>Tvar a typ brusu:: Kulat\u00fd brilliant<\/p>\n<p>Rozm\u011bry: 6,21 \u2013 6,11 \u00d7 4,10 mm<\/p>\n<p>Hmotnost: 1,01 ct<\/p>\n<p>T\u0159\u00edda barvy: D<\/p>\n<p>Stupe\u0148 \u010distoty: VS1<\/p>\n<p>Kvalita brusu: Very Good<\/p>\n<p>IGL Report No. D2110315720<\/p>\n<div style=\"width: 640px;\" class=\"wp-video\"><video class=\"wp-video-shortcode\" id=\"video-12810-1\" width=\"640\" height=\"428\" preload=\"metadata\" controls=\"controls\"><source type=\"video\/mp4\" src=\"https:\/\/4c.top-me.eu\/wp-content\/uploads\/2022\/11\/D2742.mp4?_=1\" \/><a href=\"https:\/\/4c.top-me.eu\/wp-content\/uploads\/2022\/11\/D2742.mp4\">https:\/\/4c.top-me.eu\/wp-content\/uploads\/2022\/11\/D2742.mp4<\/a><\/video><\/div>\n","protected":false},"excerpt":{"rendered":"<p>P\u0159\u00edrodn\u00ed diamant, p\u016fvodem z Jihoafrick\u00e9 republiky, s briliantov\u00fdm brusem. Kombinace jeho vlastnost\u00ed (hmotnost nad 1 kar\u00e1t, nejb\u011blej\u0161\u00ed barva D a vysok\u00fd stupe\u0148 \u010distoty VS1) jej \u0159ad\u00ed do vysoce hodnocen\u00e9 kategorie tzv. investi\u010dn\u00edch diamant\u016f. Tento briliant je d\u00edky sv\u00e9 vysok\u00e9 hodnot\u011b vhodn\u00fd sp\u00ed\u0161e jako jako investi\u010dn\u00ed n\u00e1stroj, ne\u017e jako k\u00e1men do \u0161perku. Nab\u00edz\u00edme jej s bezkonkuren\u010dn\u00ed<\/p>\n","protected":false},"featured_media":12888,"template":"","meta":{"_acf_changed":false,"_uag_custom_page_level_css":""},"product_brand":[],"product_cat":[50,63],"product_tag":[278,119],"class_list":{"0":"post-12810","1":"product","2":"type-product","3":"status-publish","4":"has-post-thumbnail","6":"product_cat-brousene-kameny","7":"product_cat-investicni-kameny","8":"product_tag-briliant","9":"product_tag-diamant","11":"first","12":"instock","13":"sold-individually","14":"taxable","15":"shipping-taxable","16":"purchasable","17":"product-type-simple"},"acf":[],"uagb_featured_image_src":{"full":["https:\/\/4c.top-me.eu\/wp-content\/uploads\/2022\/11\/Stack001-1.jpg",0,0,false],"thumbnail":["https:\/\/4c.top-me.eu\/wp-content\/uploads\/2022\/11\/Stack001-1.jpg",1,1,false],"medium":["https:\/\/4c.top-me.eu\/wp-content\/uploads\/2022\/11\/Stack001-1.jpg",1,1,false],"medium_large":["https:\/\/4c.top-me.eu\/wp-content\/uploads\/2022\/11\/Stack001-1.jpg",1,1,false],"large":["https:\/\/4c.top-me.eu\/wp-content\/uploads\/2022\/11\/Stack001-1.jpg",1,1,false],"1536x1536":["https:\/\/4c.top-me.eu\/wp-content\/uploads\/2022\/11\/Stack001-1.jpg",1,1,false],"2048x2048":["https:\/\/4c.top-me.eu\/wp-content\/uploads\/2022\/11\/Stack001-1.jpg",1,1,false],"archive-list":["https:\/\/4c.top-me.eu\/wp-content\/uploads\/2022\/11\/Stack001-1.jpg",1,1,false],"archive-list-2":["https:\/\/4c.top-me.eu\/wp-content\/uploads\/2022\/11\/Stack001-1.jpg",1,1,false],"woocommerce_thumbnail":["https:\/\/4c.top-me.eu\/wp-content\/uploads\/2022\/11\/Stack001-1.jpg",1,1,false],"woocommerce_single":["https:\/\/4c.top-me.eu\/wp-content\/uploads\/2022\/11\/Stack001-1.jpg",1,1,false],"woocommerce_gallery_thumbnail":["https:\/\/4c.top-me.eu\/wp-content\/uploads\/2022\/11\/Stack001-1.jpg",1,1,false]},"uagb_author_info":{"display_name":"accordeonMaster","author_link":"https:\/\/4c.top-me.eu\/en\/author\/"},"uagb_comment_info":0,"uagb_excerpt":"P\u0159\u00edrodn\u00ed diamant, p\u016fvodem z Jihoafrick\u00e9 republiky, s briliantov\u00fdm brusem. Kombinace jeho vlastnost\u00ed (hmotnost nad 1 kar\u00e1t, nejb\u011blej\u0161\u00ed barva D a vysok\u00fd stupe\u0148 \u010distoty VS1) jej \u0159ad\u00ed do vysoce hodnocen\u00e9 kategorie tzv. investi\u010dn\u00edch diamant\u016f. Tento briliant je d\u00edky sv\u00e9 vysok\u00e9 hodnot\u011b vhodn\u00fd sp\u00ed\u0161e jako jako investi\u010dn\u00ed n\u00e1stroj, ne\u017e jako k\u00e1men do \u0161perku. Nab\u00edz\u00edme jej s bezkonkuren\u010dn\u00ed","_links":{"self":[{"href":"https:\/\/4c.top-me.eu\/en\/wp-json\/wp\/v2\/product\/12810","targetHints":{"allow":["GET"]}}],"collection":[{"href":"https:\/\/4c.top-me.eu\/en\/wp-json\/wp\/v2\/product"}],"about":[{"href":"https:\/\/4c.top-me.eu\/en\/wp-json\/wp\/v2\/types\/product"}],"wp:featuredmedia":[{"embeddable":true,"href":"https:\/\/4c.top-me.eu\/en\/wp-json\/wp\/v2\/media\/12888"}],"wp:attachment":[{"href":"https:\/\/4c.top-me.eu\/en\/wp-json\/wp\/v2\/media?parent=12810"}],"wp:term":[{"taxonomy":"product_brand","embeddable":true,"href":"https:\/\/4c.top-me.eu\/en\/wp-json\/wp\/v2\/product_brand?post=12810"},{"taxonomy":"product_cat","embeddable":true,"href":"https:\/\/4c.top-me.eu\/en\/wp-json\/wp\/v2\/product_cat?post=12810"},{"taxonomy":"product_tag","embeddable":true,"href":"https:\/\/4c.top-me.eu\/en\/wp-json\/wp\/v2\/product_tag?post=12810"}],"curies":[{"name":"wp","href":"https:\/\/api.w.org\/{rel}","templated":true}]}}