{"id":12671,"date":"2022-11-30T17:27:25","date_gmt":"2022-11-30T17:27:25","guid":{"rendered":"https:\/\/fvgear.com\/?post_type=product&#038;p=12671"},"modified":"2022-11-30T17:33:36","modified_gmt":"2022-11-30T17:33:36","slug":"oranzovy-diamant","status":"publish","type":"product","link":"https:\/\/4c.top-me.eu\/en\/product\/oranzovy-diamant\/","title":{"rendered":"Diamant &#8211; Fancy Deep Yellow-Orange &#8211; 0,31 ct"},"content":{"rendered":"<p>Fancy deep yellow-orange diamond \u2013 fancy syt\u011b \u017eluto-oran\u017eov\u00fd diamant s p\u0159\u00edrodn\u00ed neupravovanou barvou je jedn\u00edm z \u00fa\u017easn\u011b a intenzivn\u011b zbarven\u00fdch jihoafrick\u00fdch diamant\u016f v na\u0161\u00ed nab\u00eddce. P\u0159\u00edrodn\u00ed diamanty zbarven\u00e9 v atraktivn\u00ed \u201efancy\u201c barvy pat\u0159\u00ed mezi nejdra\u017e\u0161\u00ed drah\u00e9 kameny v\u016fbec. Nab\u00edz\u00edme jej s bezkonkuren\u010dn\u00ed cenou, kter\u00e1 z n\u011bj d\u011bl\u00e1 velmi v\u00fdhodnou investici. Tento z\u00e1\u0159iv\u011b \u017eluto-oran\u017eov\u00fd briliant je vhodn\u00fd k osazen\u00ed do jedine\u010dn\u00e9ho reprezentativn\u00edho \u0161perku.<\/p>\n<p>Diamant je opat\u0159en\u00fd mezin\u00e1rodn\u011b uzn\u00e1van\u00fdm certifik\u00e1tem <a href=\"https:\/\/www.gia.edu\/gem-lab\">GIA laborato\u0159e<\/a>.<\/p>\n<p><span class=\"x4k7w5x x1h91t0o x1h9r5lt xv2umb2 x1beo9mf xaigb6o x12ejxvf x3igimt xarpa2k xedcshv x1lytzrv x1t2pt76 x7ja8zs x1qrby5j x1jfb8zj\">Tvar a typ brusu: Kulat\u00fd briliant<\/span><\/p>\n<p>Rozm\u011bry: 4,29 \u2013 4,29 \u00d7 2,55 mm<\/p>\n<p>Hmotnost: 0,31 kar\u00e1tu<\/p>\n<p>T\u0159\u00edda barvy: Fancy Deep Yellow-Orange<\/p>\n<p>P\u016fvod barvy: Natural<\/p>\n<p>Distribuce barvy: Even<\/p>\n<p>GIA Report Number: 2181075359<\/p>\n<div style=\"width: 640px;\" class=\"wp-video\"><video class=\"wp-video-shortcode\" id=\"video-12671-1\" width=\"640\" height=\"427\" preload=\"metadata\" controls=\"controls\"><source type=\"video\/mp4\" src=\"https:\/\/4c.top-me.eu\/wp-content\/uploads\/2022\/11\/S2047.mp4?_=1\" \/><a href=\"https:\/\/4c.top-me.eu\/wp-content\/uploads\/2022\/11\/S2047.mp4\">https:\/\/4c.top-me.eu\/wp-content\/uploads\/2022\/11\/S2047.mp4<\/a><\/video><\/div>\n","protected":false},"excerpt":{"rendered":"<p>Fancy deep yellow-orange diamond \u2013 fancy syt\u011b \u017eluto-oran\u017eov\u00fd diamant s p\u0159\u00edrodn\u00ed neupravovanou barvou je jedn\u00edm z \u00fa\u017easn\u011b a intenzivn\u011b zbarven\u00fdch jihoafrick\u00fdch diamant\u016f v na\u0161\u00ed nab\u00eddce. P\u0159\u00edrodn\u00ed diamanty zbarven\u00e9 v atraktivn\u00ed \u201efancy\u201c barvy pat\u0159\u00ed mezi nejdra\u017e\u0161\u00ed drah\u00e9 kameny v\u016fbec. Nab\u00edz\u00edme jej s bezkonkuren\u010dn\u00ed cenou, kter\u00e1 z n\u011bj d\u011bl\u00e1 velmi v\u00fdhodnou investici. Tento z\u00e1\u0159iv\u011b \u017eluto-oran\u017eov\u00fd briliant je<\/p>\n","protected":false},"featured_media":12674,"template":"","meta":{"_acf_changed":false,"_uag_custom_page_level_css":""},"product_brand":[],"product_cat":[50,63],"product_tag":[278,119],"class_list":{"0":"post-12671","1":"product","2":"type-product","3":"status-publish","4":"has-post-thumbnail","6":"product_cat-brousene-kameny","7":"product_cat-investicni-kameny","8":"product_tag-briliant","9":"product_tag-diamant","11":"first","12":"instock","13":"sold-individually","14":"taxable","15":"shipping-taxable","16":"purchasable","17":"product-type-simple"},"acf":[],"uagb_featured_image_src":{"full":["https:\/\/4c.top-me.eu\/wp-content\/uploads\/2022\/11\/S2047.jpg",0,0,false],"thumbnail":["https:\/\/4c.top-me.eu\/wp-content\/uploads\/2022\/11\/S2047.jpg",1,1,false],"medium":["https:\/\/4c.top-me.eu\/wp-content\/uploads\/2022\/11\/S2047.jpg",1,1,false],"medium_large":["https:\/\/4c.top-me.eu\/wp-content\/uploads\/2022\/11\/S2047.jpg",1,1,false],"large":["https:\/\/4c.top-me.eu\/wp-content\/uploads\/2022\/11\/S2047.jpg",1,1,false],"1536x1536":["https:\/\/4c.top-me.eu\/wp-content\/uploads\/2022\/11\/S2047.jpg",1,1,false],"2048x2048":["https:\/\/4c.top-me.eu\/wp-content\/uploads\/2022\/11\/S2047.jpg",1,1,false],"archive-list":["https:\/\/4c.top-me.eu\/wp-content\/uploads\/2022\/11\/S2047.jpg",1,1,false],"archive-list-2":["https:\/\/4c.top-me.eu\/wp-content\/uploads\/2022\/11\/S2047.jpg",1,1,false],"woocommerce_thumbnail":["https:\/\/4c.top-me.eu\/wp-content\/uploads\/2022\/11\/S2047.jpg",1,1,false],"woocommerce_single":["https:\/\/4c.top-me.eu\/wp-content\/uploads\/2022\/11\/S2047.jpg",1,1,false],"woocommerce_gallery_thumbnail":["https:\/\/4c.top-me.eu\/wp-content\/uploads\/2022\/11\/S2047.jpg",1,1,false]},"uagb_author_info":{"display_name":"accordeonMaster","author_link":"https:\/\/4c.top-me.eu\/en\/author\/"},"uagb_comment_info":0,"uagb_excerpt":"Fancy deep yellow-orange diamond \u2013 fancy syt\u011b \u017eluto-oran\u017eov\u00fd diamant s p\u0159\u00edrodn\u00ed neupravovanou barvou je jedn\u00edm z \u00fa\u017easn\u011b a intenzivn\u011b zbarven\u00fdch jihoafrick\u00fdch diamant\u016f v na\u0161\u00ed nab\u00eddce. P\u0159\u00edrodn\u00ed diamanty zbarven\u00e9 v atraktivn\u00ed \u201efancy\u201c barvy pat\u0159\u00ed mezi nejdra\u017e\u0161\u00ed drah\u00e9 kameny v\u016fbec. Nab\u00edz\u00edme jej s bezkonkuren\u010dn\u00ed cenou, kter\u00e1 z n\u011bj d\u011bl\u00e1 velmi v\u00fdhodnou investici. Tento z\u00e1\u0159iv\u011b \u017eluto-oran\u017eov\u00fd briliant je","_links":{"self":[{"href":"https:\/\/4c.top-me.eu\/en\/wp-json\/wp\/v2\/product\/12671","targetHints":{"allow":["GET"]}}],"collection":[{"href":"https:\/\/4c.top-me.eu\/en\/wp-json\/wp\/v2\/product"}],"about":[{"href":"https:\/\/4c.top-me.eu\/en\/wp-json\/wp\/v2\/types\/product"}],"wp:featuredmedia":[{"embeddable":true,"href":"https:\/\/4c.top-me.eu\/en\/wp-json\/wp\/v2\/media\/12674"}],"wp:attachment":[{"href":"https:\/\/4c.top-me.eu\/en\/wp-json\/wp\/v2\/media?parent=12671"}],"wp:term":[{"taxonomy":"product_brand","embeddable":true,"href":"https:\/\/4c.top-me.eu\/en\/wp-json\/wp\/v2\/product_brand?post=12671"},{"taxonomy":"product_cat","embeddable":true,"href":"https:\/\/4c.top-me.eu\/en\/wp-json\/wp\/v2\/product_cat?post=12671"},{"taxonomy":"product_tag","embeddable":true,"href":"https:\/\/4c.top-me.eu\/en\/wp-json\/wp\/v2\/product_tag?post=12671"}],"curies":[{"name":"wp","href":"https:\/\/api.w.org\/{rel}","templated":true}]}}