{"id":12660,"date":"2022-11-30T17:25:12","date_gmt":"2022-11-30T17:25:12","guid":{"rendered":"https:\/\/fvgear.com\/?post_type=product&#038;p=12660"},"modified":"2022-11-30T17:33:48","modified_gmt":"2022-11-30T17:33:48","slug":"diamant-2","status":"publish","type":"product","link":"https:\/\/4c.top-me.eu\/en\/product\/diamant-2\/","title":{"rendered":"Diamant &#8211; 0,50 ct"},"content":{"rendered":"<p>P\u0159\u00edrodn\u00ed diamant, p\u016fvodem z Jihoafrick\u00e9 republiky, s briliantov\u00fdm brusem. Tento diamant s hmotnost\u00ed 0,5 kar\u00e1tu je velmi reprezentativn\u00ed k\u00e1men do jak\u00e9hokoli \u0161perku i v\u00fdhodn\u00e1 investice. Nab\u00edz\u00edme jej s bezkonkuren\u010dn\u00ed cenou zhruba 20 % pod aktu\u00e1ln\u00ed Rapaport cenou.<\/p>\n<p>Diamant je opat\u0159en\u00fd mezin\u00e1rodn\u011b uzn\u00e1van\u00fdm certifik\u00e1tem <a href=\"http:\/\/www.cgl-labs.com\/\">CGL laborato\u0159e<\/a>.<\/p>\n<p>Tvar a typ brusu: Kulat\u00fd briliant<\/p>\n<p>Rozm\u011bry: 5,14 \u2013 5,18 \/ 2,99 mm<\/p>\n<p>Hmotnost: 0,50 Cct<\/p>\n<p>T\u0159\u00edda barvy: D<\/p>\n<p>Stupe\u0148 \u010distoty. VS2<\/p>\n<p>Kvalita brusu: Excellent<\/p>\n<p>Lesk: Excellent<\/p>\n<p>Symetrie: Very Good<\/p>\n<p>Fluorescence: None<\/p>\n<p>CGL report number: 2091016957060106<\/p>\n<p>&nbsp;<\/p>\n<div style=\"width: 640px;\" class=\"wp-video\"><video class=\"wp-video-shortcode\" id=\"video-12660-1\" width=\"640\" height=\"427\" preload=\"metadata\" controls=\"controls\"><source type=\"video\/mp4\" src=\"https:\/\/4c.top-me.eu\/wp-content\/uploads\/2022\/11\/D4869.mp4?_=1\" \/><a href=\"https:\/\/4c.top-me.eu\/wp-content\/uploads\/2022\/11\/D4869.mp4\">https:\/\/4c.top-me.eu\/wp-content\/uploads\/2022\/11\/D4869.mp4<\/a><\/video><\/div>\n","protected":false},"excerpt":{"rendered":"<p>P\u0159\u00edrodn\u00ed diamant, p\u016fvodem z Jihoafrick\u00e9 republiky, s briliantov\u00fdm brusem. Tento diamant s hmotnost\u00ed 0,5 kar\u00e1tu je velmi reprezentativn\u00ed k\u00e1men do jak\u00e9hokoli \u0161perku i v\u00fdhodn\u00e1 investice. Nab\u00edz\u00edme jej s bezkonkuren\u010dn\u00ed cenou zhruba 20 % pod aktu\u00e1ln\u00ed Rapaport cenou. Diamant je opat\u0159en\u00fd mezin\u00e1rodn\u011b uzn\u00e1van\u00fdm certifik\u00e1tem CGL laborato\u0159e. Tvar a typ brusu: Kulat\u00fd briliant Rozm\u011bry: 5,14 \u2013 5,18<\/p>\n","protected":false},"featured_media":12661,"template":"","meta":{"_acf_changed":false,"_uag_custom_page_level_css":""},"product_brand":[],"product_cat":[50,63],"product_tag":[278,119],"class_list":{"0":"post-12660","1":"product","2":"type-product","3":"status-publish","4":"has-post-thumbnail","6":"product_cat-brousene-kameny","7":"product_cat-investicni-kameny","8":"product_tag-briliant","9":"product_tag-diamant","11":"first","12":"instock","13":"sold-individually","14":"taxable","15":"shipping-taxable","16":"purchasable","17":"product-type-simple"},"acf":[],"uagb_featured_image_src":{"full":["https:\/\/4c.top-me.eu\/wp-content\/uploads\/2022\/11\/D4869.jpg",0,0,false],"thumbnail":["https:\/\/4c.top-me.eu\/wp-content\/uploads\/2022\/11\/D4869.jpg",1,1,false],"medium":["https:\/\/4c.top-me.eu\/wp-content\/uploads\/2022\/11\/D4869.jpg",1,1,false],"medium_large":["https:\/\/4c.top-me.eu\/wp-content\/uploads\/2022\/11\/D4869.jpg",1,1,false],"large":["https:\/\/4c.top-me.eu\/wp-content\/uploads\/2022\/11\/D4869.jpg",1,1,false],"1536x1536":["https:\/\/4c.top-me.eu\/wp-content\/uploads\/2022\/11\/D4869.jpg",1,1,false],"2048x2048":["https:\/\/4c.top-me.eu\/wp-content\/uploads\/2022\/11\/D4869.jpg",1,1,false],"archive-list":["https:\/\/4c.top-me.eu\/wp-content\/uploads\/2022\/11\/D4869.jpg",1,1,false],"archive-list-2":["https:\/\/4c.top-me.eu\/wp-content\/uploads\/2022\/11\/D4869.jpg",1,1,false],"woocommerce_thumbnail":["https:\/\/4c.top-me.eu\/wp-content\/uploads\/2022\/11\/D4869.jpg",1,1,false],"woocommerce_single":["https:\/\/4c.top-me.eu\/wp-content\/uploads\/2022\/11\/D4869.jpg",1,1,false],"woocommerce_gallery_thumbnail":["https:\/\/4c.top-me.eu\/wp-content\/uploads\/2022\/11\/D4869.jpg",1,1,false]},"uagb_author_info":{"display_name":"accordeonMaster","author_link":"https:\/\/4c.top-me.eu\/en\/author\/"},"uagb_comment_info":0,"uagb_excerpt":"P\u0159\u00edrodn\u00ed diamant, p\u016fvodem z Jihoafrick\u00e9 republiky, s briliantov\u00fdm brusem. Tento diamant s hmotnost\u00ed 0,5 kar\u00e1tu je velmi reprezentativn\u00ed k\u00e1men do jak\u00e9hokoli \u0161perku i v\u00fdhodn\u00e1 investice. Nab\u00edz\u00edme jej s bezkonkuren\u010dn\u00ed cenou zhruba 20 % pod aktu\u00e1ln\u00ed Rapaport cenou. Diamant je opat\u0159en\u00fd mezin\u00e1rodn\u011b uzn\u00e1van\u00fdm certifik\u00e1tem CGL laborato\u0159e. Tvar a typ brusu: Kulat\u00fd briliant Rozm\u011bry: 5,14 \u2013 5,18","_links":{"self":[{"href":"https:\/\/4c.top-me.eu\/en\/wp-json\/wp\/v2\/product\/12660","targetHints":{"allow":["GET"]}}],"collection":[{"href":"https:\/\/4c.top-me.eu\/en\/wp-json\/wp\/v2\/product"}],"about":[{"href":"https:\/\/4c.top-me.eu\/en\/wp-json\/wp\/v2\/types\/product"}],"wp:featuredmedia":[{"embeddable":true,"href":"https:\/\/4c.top-me.eu\/en\/wp-json\/wp\/v2\/media\/12661"}],"wp:attachment":[{"href":"https:\/\/4c.top-me.eu\/en\/wp-json\/wp\/v2\/media?parent=12660"}],"wp:term":[{"taxonomy":"product_brand","embeddable":true,"href":"https:\/\/4c.top-me.eu\/en\/wp-json\/wp\/v2\/product_brand?post=12660"},{"taxonomy":"product_cat","embeddable":true,"href":"https:\/\/4c.top-me.eu\/en\/wp-json\/wp\/v2\/product_cat?post=12660"},{"taxonomy":"product_tag","embeddable":true,"href":"https:\/\/4c.top-me.eu\/en\/wp-json\/wp\/v2\/product_tag?post=12660"}],"curies":[{"name":"wp","href":"https:\/\/api.w.org\/{rel}","templated":true}]}}